{"id":29464,"date":"2022-08-09T08:56:09","date_gmt":"2022-08-09T06:56:09","guid":{"rendered":"https:\/\/sigletos.gr\/?post_type=product&#038;p=29464"},"modified":"2023-10-06T09:28:45","modified_gmt":"2023-10-06T06:28:45","slug":"%cf%80%ce%bf%ce%bb%cf%85%ce%bf%cf%85%cf%81%ce%b5%ce%b8%ce%b1%ce%bd%ce%b9%ce%ba%cf%8c-%ce%b1%ce%ba%cf%81%cf%85%ce%bb%ce%b9%ce%ba%cf%8c-%ce%b2%ce%b5%cf%81%ce%bd%ce%af%ce%ba%ce%b9-%ce%b4%ce%b1","status":"publish","type":"product","link":"https:\/\/sigletos.gr\/de\/produkt\/%cf%80%ce%bf%ce%bb%cf%85%ce%bf%cf%85%cf%81%ce%b5%ce%b8%ce%b1%ce%bd%ce%b9%ce%ba%cf%8c-%ce%b1%ce%ba%cf%81%cf%85%ce%bb%ce%b9%ce%ba%cf%8c-%ce%b2%ce%b5%cf%81%ce%bd%ce%af%ce%ba%ce%b9-%ce%b4%ce%b1\/","title":{"rendered":"2-Komponenten wasserbasierter Polyurethan-Acryl-Bodenlack f\u00fcr Holz - Zement - Stein - Metall PREMIUM FLOOR VARNISH AQUA"},"content":{"rendered":"<p>VORTEILE<br \/>\n\u2022 \u0394\u03b7\u03bc\u03b9\u03bf\u03c5\u03c1\u03b3\u03b5\u03af \u03bc\u03b9\u03b1 \u03b5\u03bd\u03b9\u03b1\u03af\u03b1 \u03b4\u03b9\u03ac\u03c6\u03b1\u03bd\u03b7 \u03bc\u03b5\u03bc\u03b2\u03c1\u03ac\u03bd\u03b7 \u03c0\u03c1\u03bf\u03c3\u03c4\u03b1\u03c3\u03af\u03b1\u03c2<br \/>\n\u2022 \u0395\u03be\u03b1\u03b9\u03c1\u03b5\u03c4\u03b9\u03ba\u03ae \u03b1\u03bd\u03c4\u03bf\u03c7\u03ae \u03c3\u03c4\u03b7\u03bd \u03c4\u03c1\u03b9\u03b2\u03ae &#8211; \u03c0\u03b5\u03c1\u03c0\u03ac\u03c4\u03b7\u03bc\u03b1<br \/>\n\u2022 Hervorragende Haftung<br \/>\n\u2022 \u0395\u03be\u03b1\u03b9\u03c1\u03b5\u03c4\u03b9\u03ba\u03ae \u03b1\u03bd\u03c4\u03bf\u03c7\u03ae \u03c3\u03c4\u03bf\u03bd \u03ae\u03bb\u03b9\u03bf \u03ba\u03b1\u03b9 \u03c3\u03c4\u03bf\u03bd \u03c0\u03b1\u03b3\u03b5\u03c4\u03cc<br \/>\n\u2022 \u03a3\u03b5 \u03c0\u03b5\u03c1\u03af\u03c0\u03c4\u03c9\u03c3\u03b7 \u03bc\u03b7\u03c7\u03b1\u03bd\u03b9\u03ba\u03ae\u03c2 \u03b6\u03b7\u03bc\u03b9\u03ac\u03c2 \u03c3\u03c4\u03b7\u03bd \u03bc\u03b5\u03bc\u03b2\u03c1\u03ac\u03bd\u03b7, \u03bc\u03c0\u03bf\u03c1\u03b5\u03af \u03c0\u03bf\u03bb\u03cd \u03b5\u03cd\u03ba\u03bf\u03bb\u03b1<br \/>\n\u03bd\u03b1 \u03b5\u03c0\u03b9\u03c3\u03ba\u03b5\u03c5\u03b1\u03c3\u03b8\u03b5\u03af \u03c4\u03bf\u03c0\u03b9\u03ba\u03ac<br \/>\nANWENDUNGEN<br \/>\n\u2022 \u0392\u03b5\u03c1\u03bd\u03af\u03ba\u03c9\u03bc\u03b1 \u03be\u03cd\u03bb\u03b9\u03bd\u03c9\u03bd \u03b5\u03c0\u03b9\u03c6\u03b1\u03bd\u03b5\u03b9\u03ce\u03bd \u03c0\u03b1\u03c1\u03ba\u03ad, \u03b5\u03c3\u03c9\u03c4\u03b5\u03c1\u03b9\u03ba\u03ce\u03bd \u03ba\u03b1\u03b9 \u03b5\u03be\u03c9\u03c4\u03b5\u03c1\u03b9\u03ba\u03ce\u03bd \u03c7\u03ce\u03c1\u03c9\u03bd<br \/>\n\u2022 \u03a3\u03c4\u03b5\u03b3\u03b1\u03bd\u03bf\u03c0\u03bf\u03af\u03b7\u03c3\u03b7 \u03ba\u03b1\u03b9 \u03c0\u03c1\u03bf\u03c3\u03c4\u03b1\u03c3\u03af\u03b1 \u03c0\u03b1\u03c4\u03b7\u03c4\u03ae\u03c2 \u03c4\u03c3\u03b9\u00b5\u03b5\u03bd\u03c4\u03bf\u03ba\u03bf\u03bd\u03af\u03b1\u03c2 \u03ba\u03b1\u03b9 \u03c3\u03ba\u03c5\u03c1\u03bf\u03b4\u03ad\u03bc\u03b1\u03c4\u03bf\u03c2<br \/>\n\u2022 \u03a3\u03c4\u03b5\u03b3\u03b1\u03bd\u03bf\u03c0\u03bf\u03af\u03b7\u03c3\u03b7 \u03ba\u03b1\u03b9 \u03c0\u03c1\u03bf\u03c3\u03c4\u03b1\u03c3\u03af\u03b1 \u03b4\u03b1\u03c0\u03ad\u03b4\u03c9\u03bd \u03b1\u03c0\u03cc \u03c6\u03c5\u03c3\u03b9\u03ba\u03ae \u03c0\u03ad\u03c4\u03c1\u03b1<br \/>\n(\u03ae \u03c4\u03b5\u03c7\u03bd\u03b7\u03c4\u03ae\u03c2, \u03ba\u03b1\u03c4\u03cc\u03c0\u03b9\u03bd \u03b4\u03bf\u03ba\u03b9\u03bc\u03ae\u03c2 \u03ba\u03b1\u03c4\u03b1\u03bb\u03bb\u03b7\u03bb\u03cc\u03c4\u03b7\u03c4\u03b1\u03c2)<br \/>\n\u2022 \u0392\u03b5\u03c1\u03bd\u03af\u03ba\u03c9\u03bc\u03b1 \u03bc\u03b5\u03c4\u03b1\u03bb\u03bb\u03b9\u03ba\u03ce\u03bd \u03b4\u03b1\u03c0\u03ad\u03b4\u03c9\u03bd \u03ba\u03b1\u03b9 \u03b5\u03c0\u03b9\u03c6\u03b1\u03bd\u03b5\u03b9\u03ce\u03bd<\/p>\n<p>\u2022 \u03a0\u03c1\u03bf\u03c3\u03c4\u03b1\u03c3\u03af\u03b1 \u03ba\u03ac\u03b8\u03b5 \u03b5\u03af\u03b4\u03bf\u03c5\u03c2 \u03bf\u03b9\u03ba\u03bf\u03b4\u03bf\u03bc\u03b9\u03ba\u03ae\u03c2 \u03b5\u03c0\u03b9\u03c6\u03ac\u03bd\u03b5\u03b9\u03b1\u03c2<\/p>\n<p>\u0391\u03a0\u039f\u0394\u039f\u03a3\u0397: 5-10 m2\/Lt \u03b1\u03bd\u03ac\u03bb\u03bf\u03b3\u03b1 \u03bc\u03b5 \u03c4\u03b7\u03bd \u03b1\u03c0\u03bf\u03c1\u03c1\u03bf\u03c6\u03b7\u03c4\u03b9\u03ba\u03cc\u03c4\u03b7\u03c4\u03b1 \u03c4\u03b7\u03c2 \u03b5\u03c0\u03b9\u03c6\u03ac\u03bd\u03b5\u03b9\u03b1\u03c2<\/p>\n<p>&nbsp;<\/p>","protected":false},"excerpt":{"rendered":"<p>PREMIUM FLOOR VARNISH ist ein transparenter Acryl-Polylack.<br \/>\nUrethan, 2-Komponenten, das B\u00f6den lang anhaltenden Schutz bietet<br \/>\nAu\u00dfen- und Innenr\u00e4ume aus Holz, Zement, Metall und Stein.<br \/>\nEnth\u00e4lt UV-Filter f\u00fcr wirksamen Schutz vor Sonneneinstrahlung.<br \/>\nSeine spezielle Polyurethan-Zusammensetzung bietet ein langlebiges Finish<br \/>\ndie eine hervorragende Best\u00e4ndigkeit gegen Fu\u00dfg\u00e4ngerverkehr, Feuchtigkeit,<br \/>\ngegen mechanische Beanspruchung, L\u00f6sungsmittel und extreme Umweltbedingungen<br \/>\nBedingungen. Die hervorragende Kombination aus H\u00e4rte und Elastizit\u00e4t macht es<br \/>\nmachen ihn zum idealen Bodenlack.<\/p>","protected":false},"featured_media":29472,"comment_status":"closed","ping_status":"closed","template":"","meta":[],"product_brand":[],"product_cat":[570,86],"product_tag":[],"class_list":{"0":"post-29464","1":"product","2":"type-product","3":"status-publish","4":"has-post-thumbnail","6":"product_cat-570","7":"product_cat-xromata","8":"pa_brand-mercola","9":"pa_--1050lt-ab-","10":"pa_--1lt-ab-","11":"pa_--3lt-ab-","12":"pa_--105lt-ab-","19":"first","20":"instock","21":"taxable","22":"shipping-taxable","23":"purchasable","24":"product-type-variable"},"_links":{"self":[{"href":"https:\/\/sigletos.gr\/de\/wp-json\/wp\/v2\/product\/29464","targetHints":{"allow":["GET"]}}],"collection":[{"href":"https:\/\/sigletos.gr\/de\/wp-json\/wp\/v2\/product"}],"about":[{"href":"https:\/\/sigletos.gr\/de\/wp-json\/wp\/v2\/types\/product"}],"replies":[{"embeddable":true,"href":"https:\/\/sigletos.gr\/de\/wp-json\/wp\/v2\/comments?post=29464"}],"version-history":[{"count":0,"href":"https:\/\/sigletos.gr\/de\/wp-json\/wp\/v2\/product\/29464\/revisions"}],"wp:featuredmedia":[{"embeddable":true,"href":"https:\/\/sigletos.gr\/de\/wp-json\/wp\/v2\/media\/29472"}],"wp:attachment":[{"href":"https:\/\/sigletos.gr\/de\/wp-json\/wp\/v2\/media?parent=29464"}],"wp:term":[{"taxonomy":"product_brand","embeddable":true,"href":"https:\/\/sigletos.gr\/de\/wp-json\/wp\/v2\/product_brand?post=29464"},{"taxonomy":"product_cat","embeddable":true,"href":"https:\/\/sigletos.gr\/de\/wp-json\/wp\/v2\/product_cat?post=29464"},{"taxonomy":"product_tag","embeddable":true,"href":"https:\/\/sigletos.gr\/de\/wp-json\/wp\/v2\/product_tag?post=29464"}],"curies":[{"name":"wp","href":"https:\/\/api.w.org\/{rel}","templated":true}]}}