{"id":29625,"date":"2022-08-10T08:30:25","date_gmt":"2022-08-10T06:30:25","guid":{"rendered":"https:\/\/sigletos.gr\/?post_type=product&#038;p=29625"},"modified":"2022-08-10T08:30:25","modified_gmt":"2022-08-10T06:30:25","slug":"%ce%b4%ce%b9%ce%b1%cf%86%ce%b1%ce%bd%ce%ad%cf%82-%cf%83%ce%b9%ce%bb%ce%b9%ce%ba%ce%bf%ce%bd%ce%bf%cf%8d%cf%87%ce%bf-%ce%b1%ce%b4%ce%b9%ce%b1%ce%b2%cf%81%ce%bf%cf%87%ce%bf%cf%80%ce%bf%ce%b9%ce%b7-4","status":"publish","type":"product","link":"https:\/\/sigletos.gr\/de\/produkt\/%ce%b4%ce%b9%ce%b1%cf%86%ce%b1%ce%bd%ce%ad%cf%82-%cf%83%ce%b9%ce%bb%ce%b9%ce%ba%ce%bf%ce%bd%ce%bf%cf%8d%cf%87%ce%bf-%ce%b1%ce%b4%ce%b9%ce%b1%ce%b2%cf%81%ce%bf%cf%87%ce%bf%cf%80%ce%bf%ce%b9%ce%b7-4\/","title":{"rendered":"Transparentes wasserbasiertes Silikon-Impr\u00e4gniermittel STAIN BLOCK M22 AQUA"},"content":{"rendered":"<p>VORTEILE<br \/>\n\u2022 \u039d\u03ad\u03b1 \u03c4\u03b5\u03c7\u03bd\u03bf\u03bb\u03bf\u03b3\u03af\u03b1 \u03c5\u03b4\u03b1\u03c4\u03b9\u03ba\u03ae \u03b2\u03ac\u03c3\u03b7\u03c2<br \/>\n\u2022 \u0395\u03be\u03b1\u03b9\u03c1\u03b5\u03c4\u03b9\u03ba\u03ae \u03c5\u03b4\u03b1\u03c4\u03bf\u03b1\u03c0\u03c9\u03b8\u03b7\u03c4\u03b9\u03ba\u03cc\u03c4\u03b7\u03c4\u03b1 &amp; \u03b5\u03bb\u03b1\u03b9\u03bf\u03b1\u03c0\u03c9\u03b8\u03b7\u03c4\u03b9\u03ba\u03cc\u03c4\u03b7\u03c4\u03b1<br \/>\n\u2022 \u039c\u03b1\u03ba\u03c1\u03bf\u03c7\u03c1\u03cc\u03bd\u03b9\u03b1 \u03c0\u03c1\u03bf\u03c3\u03c4\u03b1\u03c3\u03af\u03b1<br \/>\n\u2022 Hervorragende Durchdringung<br \/>\n\u2022 \u03a5\u03b4\u03c1\u03b1\u03c4\u03bc\u03bf\u03c0\u03b5\u03c1\u03b1\u03c4\u03cc \u2013 \u03b5\u03c0\u03b9\u03c4\u03c1\u03ad\u03c0\u03b5\u03b9 \u03c4\u03b7\u03bd \u03b1\u03bd\u03b1\u03c0\u03bd\u03bf\u03ae \u03c4\u03c9\u03bd \u03b5\u03c0\u03b9\u03c6\u03b1\u03bd\u03b5\u03b9\u03ce\u03bd<br \/>\n\u2022 \u0394\u03b5\u03bd \u03b5\u03c0\u03b7\u03c1\u03b5\u03ac\u03b6\u03b5\u03b9 \u03c4\u03b7\u03bd \u03b1\u03b9\u03c3\u03b8\u03b7\u03c4\u03b9\u03ba\u03ae \u03b5\u03bc\u03c6\u03ac\u03bd\u03b9\u03c3\u03b7 \u03c4\u03b7\u03c2 \u03b5\u03c0\u03b9\u03c6\u03ac\u03bd\u03b5\u03b9\u03b1\u03c2 \u03c0\u03bf\u03c5 \u03b5\u03c6\u03b1\u03c1\u03bc\u03cc\u03b6\u03b5\u03c4\u03b1\u03b9<br \/>\n\u2022 \u0395\u03be\u03b1\u03b9\u03c1\u03b5\u03c4\u03b9\u03ba\u03ae \u03b1\u03bd\u03c4\u03bf\u03c7\u03ae \u03c3\u03c4\u03b9\u03c2 \u03b4\u03b9\u03b1\u03ba\u03c5\u03bc\u03ac\u03bd\u03c3\u03b5\u03b9\u03c2 \u03c4\u03b7\u03c2 \u03b8\u03b5\u03c1\u03bc\u03bf\u03ba\u03c1\u03b1\u03c3\u03af\u03b1\u03c2<br \/>\n\u2022 \u0395\u03cd\u03ba\u03bf\u03bb\u03b7 \u03b5\u03c6\u03b1\u03c1\u03bc\u03bf\u03b3\u03ae \u2013 \u03ad\u03c4\u03bf\u03b9\u03bc\u03bf \u03b3\u03b9\u03b1 \u03c7\u03c1\u03ae\u03c3\u03b7<br \/>\n\u2022 \u0386\u03bc\u03b5\u03c3\u03b7 \u03b1\u03c0\u03bf\u03c4\u03b5\u03bb\u03b5\u03c3\u03bc\u03b1\u03c4\u03b9\u03ba\u03cc\u03c4\u03b7\u03c4\u03b1<br \/>\n\u2022 F\u00fcr den Innen- und Au\u00dfenbereich geeignet<br \/>\nANWENDUNGEN<br \/>\n\u2022 \u0391\u03b4\u03b9\u03b1\u03b2\u03c1\u03bf\u03c7\u03bf\u03c0\u03bf\u03af\u03b7\u03c3\u03b7 \u03ba\u03b1\u03b9 \u03bc\u03b1\u03ba\u03c1\u03bf\u03c7\u03c1\u03cc\u03bd\u03b9\u03b1 \u03c0\u03c1\u03bf\u03c3\u03c4\u03b1\u03c3\u03af\u03b1 \u03b1\u03c0\u03cc \u03bb\u03ad\u03ba\u03b9\u03b1\u03c3\u03bc\u03b1 \u03ba\u03b1\u03b9 \u03c4\u03b7<br \/>\n\u03ba\u03b1\u03b8\u03b7\u03bc\u03b5\u03c1\u03b9\u03bd\u03ae \u03c7\u03c1\u03ae\u03c3\u03b7 \u03b1\u03b3\u03c5\u03ac\u03bb\u03b9\u03c3\u03c4\u03c9\u03bd \u03bc\u03b1\u03c1\u03bc\u03ac\u03c1\u03c9\u03bd \u03ba\u03b1\u03b9 \u03b3\u03c1\u03b1\u03bd\u03b9\u03c4\u03ce\u03bd. \u0395\u03af\u03bd\u03b1\u03b9 \u03b9\u03b4\u03b1\u03bd\u03b9\u03ba\u03cc \u03b3\u03b9\u03b1<br \/>\n\u03bf\u03c1\u03b9\u03b6\u03cc\u03bd\u03c4\u03b9\u03b5\u03c2 \u03b5\u03c0\u03b9\u03c6\u03ac\u03bd\u03b5\u03b9\u03b5\u03c2 \u03b5\u03c3\u03c9\u03c4\u03b5\u03c1\u03b9\u03ba\u03ce\u03bd \u03ba\u03b1\u03b9 \u03b5\u03be\u03c9\u03c4\u03b5\u03c1\u03b9\u03ba\u03ce\u03bd \u03c7\u03ce\u03c1\u03c9\u03bd<br \/>\n\u0393\u03b9\u03b1 \u03ad\u03b3\u03c7\u03c1\u03c9\u03bc\u03b1 \u03bc\u03ac\u03c1\u03bc\u03b1\u03c1\u03b1 \u03c0\u03c1\u03ad\u03c0\u03b5\u03b9 \u03bd\u03b1 \u03c0\u03c1\u03bf\u03b7\u03b3\u03b7\u03b8\u03b5\u03af \u03b4\u03bf\u03ba\u03b9\u03bc\u03ae \u03ba\u03b1\u03c4\u03b1\u03bb\u03bb\u03b7\u03bb\u03cc\u03c4\u03b7\u03c4\u03b1\u03c2<br \/>\n\u2022 \u0391\u03b4\u03b9\u03b1\u03b2\u03c1\u03bf\u03c7\u03bf\u03c0\u03bf\u03af\u03b7\u03c3\u03b7 \u03ba\u03b1\u03b9 \u03bc\u03b1\u03ba\u03c1\u03bf\u03c7\u03c1\u03cc\u03bd\u03b9\u03b1 \u03c0\u03c1\u03bf\u03c3\u03c4\u03b1\u03c3\u03af\u03b1 \u03b1\u03c0\u03cc \u03bb\u03ad\u03ba\u03b9\u03b1\u03c3\u03bc\u03b1 \u03c3\u03b5 \u03c6\u03c5\u03c3\u03b9\u03ba\u03ad\u03c2<br \/>\n\u03ba\u03b1\u03b9 \u03c4\u03b5\u03c7\u03bd\u03b7\u03c4\u03ad\u03c2 \u03c0\u03ad\u03c4\u03c1\u03b5\u03c2 (\u03c0\u03bb\u03ac\u03ba\u03b5\u03c2 \u03a0\u03b7\u03bb\u03af\u03bf\u03c5, \u039a\u03b1\u03c1\u03cd\u03c3\u03c4\u03bf\u03c5 \u03ba\u03bb\u03c0). \u0395\u03af\u03bd\u03b1\u03b9 \u03b9\u03b4\u03b1\u03bd\u03b9\u03ba\u03cc \u03b3\u03b9\u03b1<br \/>\n\u03bf\u03c1\u03b9\u03b6\u03cc\u03bd\u03c4\u03b9\u03b5\u03c2 \u03b5\u03c0\u03b9\u03c6\u03ac\u03bd\u03b5\u03b9\u03b5\u03c2 \u03c0\u03bf\u03c5 \u03b5\u03c0\u03b7\u03c1\u03b5\u03ac\u03b6\u03bf\u03bd\u03c4\u03b1\u03b9 \u03c0\u03bf\u03bb\u03cd \u03b1\u03c0\u03cc \u03c4\u03b7 \u03c3\u03c5\u03c7\u03bd\u03ae \u03c7\u03c1\u03ae\u03c3\u03b7 \u03cc\u03c0\u03c9\u03c2<br \/>\n\u03b2\u03b5\u03c1\u03ac\u03bd\u03c4\u03b5\u03c2, \u03c0\u03bb\u03b1\u03ba\u03cc\u03c3\u03c4\u03c1\u03c9\u03c4\u03b1, \u03c0\u03b5\u03c4\u03c1\u03cc\u03c7\u03c4\u03b9\u03c3\u03c4\u03bf\u03b9 \u03b4\u03b9\u03ac\u03b4\u03c1\u03bf\u03bc\u03bf\u03b9 \u03ba\u03ae\u03c0\u03c9\u03bd \u03ba\u03bb\u03c0.<br \/>\n\u2022 \u0391\u03b4\u03b9\u03b1\u03b2\u03c1\u03bf\u03c7\u03bf\u03c0\u03bf\u03af\u03b7\u03c3\u03b7 \u03ba\u03b1\u03b9 \u03bc\u03b1\u03ba\u03c1\u03bf\u03c7\u03c1\u03cc\u03bd\u03b9\u03b1 \u03c0\u03c1\u03bf\u03c3\u03c4\u03b1\u03c3\u03af\u03b1 \u03b1\u03c0\u03cc \u03bb\u03ad\u03ba\u03b9\u03b1\u03c3\u03bc\u03b1 \u03c3\u03b5 \u03b1\u03c1\u03bc\u03bf\u03cd\u03c2<br \/>\n\u03c0\u03bb\u03b1\u03ba\u03b9\u03b4\u03af\u03c9\u03bd \u03ba\u03b1\u03b9 \u03c3\u03b5 \u03bc\u03b7 \u03c5\u03b1\u03bb\u03c9\u03bc\u03ad\u03bd\u03b1 \u03ba\u03b5\u03c1\u03b1\u03bc\u03b9\u03ba\u03ac \u03c0\u03bb\u03b1\u03ba\u03af\u03b4\u03b9\u03b1 \u03c4\u03cd\u03c0\u03bf\u03c5 cotto &#8211; \u03c4\u03b5\u03c1\u03b1\u03ba\u03cc\u03c4\u03b1<br \/>\n\u2022 \u0391\u03b4\u03b9\u03b1\u03b2\u03c1\u03bf\u03c7\u03bf\u03c0\u03bf\u03af\u03b7\u03c3\u03b7 \u03ba\u03b1\u03b9 \u03c0\u03c1\u03bf\u03c3\u03c4\u03b1\u03c3\u03af\u03b1 \u03b4\u03b9\u03b1\u03ba\u03bf\u03c3\u03bc\u03b7\u03c4\u03b9\u03ba\u03ce\u03bd \u03c4\u03bf\u03cd\u03b2\u03bb\u03c9\u03bd<br \/>\n\u2022 \u0391\u03b4\u03b9\u03b1\u03b2\u03c1\u03bf\u03c7\u03bf\u03c0\u03bf\u03af\u03b7\u03c3\u03b7 \u03ba\u03b1\u03b9 \u03c0\u03c1\u03bf\u03c3\u03c4\u03b1\u03c3\u03af\u03b1 \u03b5\u03c0\u03b9\u03c6\u03b1\u03bd\u03b5\u03b9\u03ce\u03bd \u03b1\u03c0\u03cc \u03b5\u03bc\u03c6\u03b1\u03bd\u03ad\u03c2 \u03bc\u03c0\u03b5\u03c4\u03cc\u03bd<br \/>\n\u2022 \u039f\u03b9 \u03b5\u03c0\u03b9\u03c6\u03ac\u03bd\u03b5\u03b9\u03b5\u03c2 \u03c0\u03bf\u03c5 \u03ad\u03c7\u03bf\u03c5\u03bd \u03c0\u03b5\u03c1\u03b1\u03c3\u03c4\u03b5\u03af \u03bc\u03b5 STAIN BLOCK M22 AQUA \u03ba\u03b1\u03b8\u03b1\u03c1\u03af-<br \/>\n\u03b6\u03bf\u03bd\u03c4\u03b1\u03b9 \u03c0\u03bf\u03bb\u03cd \u03b5\u03cd\u03ba\u03bf\u03bb\u03b1 \u03bc\u03b5 \u03bd\u03b5\u03c1\u03cc \u03c7\u03c9\u03c1\u03af\u03c2 \u03bd\u03b1 \u03b1\u03c6\u03ae\u03bd\u03bf\u03c5\u03bd \u03c3\u03c4\u03af\u03b3\u03bc\u03b1\u03c4\u03b1 \u03ba\u03b1\u03b9 \u03bb\u03b5\u03ba\u03ad\u03b4\u03b5\u03c2<br \/>\n\u0391\u03a0\u039f\u0394\u039f\u03a3\u0397: 8 &#8211; 15 m2\/Lt \u03b1\u03bd\u03ac\u03bb\u03bf\u03b3\u03b1 \u03b1\u03c0\u03cc \u03c4\u03b7\u03bd \u03b1\u03c0\u03bf\u03c1\u03c1\u03bf\u03c6\u03b7\u03c4\u03b9\u03ba\u03cc\u03c4\u03b7\u03c4\u03b1 \u03ba\u03b1\u03b9 \u03c4\u03b7\u03bd<br \/>\n\u03c5\u03c6\u03ae \u03c4\u03b7\u03c2 \u03b5\u03c0\u03b9\u03c6\u03ac\u03bd\u03b5\u03b9\u03b1\u03c2.<br \/>\n\u03a3\u03b7\u03bc\u03b5\u03af\u03c9\u03c3\u03b7: \u03a0\u03c1\u03b9\u03bd \u03c4\u03b7\u03bd \u03b5\u03c6\u03b1\u03c1\u03bc\u03bf\u03b3\u03ae \u03c4\u03bf\u03c5 STAIN- BLOCK M22 AQUA \u03c3\u03c5\u03bd\u03b9\u03c3\u03c4\u03ac\u03c4\u03b1\u03b9 \u03bf \u03ba\u03b1\u03b8\u03b1\u03c1\u03b9-<br \/>\n\u03c3\u03bc\u03cc\u03c2 \u03c4\u03c9\u03bd \u03b5\u03c0\u03b9\u03c6\u03b1\u03bd\u03b5\u03b9\u03ce\u03bd \u03bc\u03b5 CL 17 OXY CLEAN \u03ae CL 22 OXY CLEAN<\/p>","protected":false},"excerpt":{"rendered":"<p>STAIN BLOCK M22 AQUA ist eine transparente Impr\u00e4gnierung auf Silikonbasis<br \/>\nWasserbasiertes Antifouling und \u00d6labweisungsmittel, geeignet f\u00fcr langfristige<br \/>\nOberfl\u00e4chenschutz, ohne deren \u00e4sthetisches Erscheinungsbild zu beeintr\u00e4chtigen.<br \/>\nEs ist ideal f\u00fcr Marmor und Granit, Natur- und Kunststeine, Fugen<br \/>\nFliesen, unglasierte Keramik-Cotto-Fliesen, Dekorfliesen<br \/>\nusw. Es hat eine ausgezeichnete Durchdringungsf\u00e4higkeit, bildet keine Oberfl\u00e4che<br \/>\nFilm und verstopft nicht die Poren. Bietet hervorragenden Schutz gegen<br \/>\nzerst\u00f6rerische Einfl\u00fcsse der Natur und die Verschmutzung durch den Alltag<br \/>\nVerwendung. Bildet eine Schutzbarriere mit ausgezeichneter Wasserbest\u00e4ndigkeit,<br \/>\ngegen \u00d6l, Schmutz, eindringende Feuchtigkeit, Staub, Salze,<br \/>\ngegen sauren Regen, Laugen, Alterung, Frost und hohe Temperaturen<br \/>\nTemperaturen.<\/p>","protected":false},"featured_media":29626,"comment_status":"closed","ping_status":"closed","template":"","meta":[],"product_brand":[],"product_cat":[570,86],"product_tag":[],"class_list":{"0":"post-29625","1":"product","2":"type-product","3":"status-publish","4":"has-post-thumbnail","6":"product_cat-570","7":"product_cat-xromata","8":"pa_brand-mercola","9":"pa_-1lt","10":"pa_-20lt","12":"first","13":"instock","14":"taxable","15":"shipping-taxable","16":"purchasable","17":"product-type-variable"},"_links":{"self":[{"href":"https:\/\/sigletos.gr\/de\/wp-json\/wp\/v2\/product\/29625","targetHints":{"allow":["GET"]}}],"collection":[{"href":"https:\/\/sigletos.gr\/de\/wp-json\/wp\/v2\/product"}],"about":[{"href":"https:\/\/sigletos.gr\/de\/wp-json\/wp\/v2\/types\/product"}],"replies":[{"embeddable":true,"href":"https:\/\/sigletos.gr\/de\/wp-json\/wp\/v2\/comments?post=29625"}],"version-history":[{"count":0,"href":"https:\/\/sigletos.gr\/de\/wp-json\/wp\/v2\/product\/29625\/revisions"}],"wp:featuredmedia":[{"embeddable":true,"href":"https:\/\/sigletos.gr\/de\/wp-json\/wp\/v2\/media\/29626"}],"wp:attachment":[{"href":"https:\/\/sigletos.gr\/de\/wp-json\/wp\/v2\/media?parent=29625"}],"wp:term":[{"taxonomy":"product_brand","embeddable":true,"href":"https:\/\/sigletos.gr\/de\/wp-json\/wp\/v2\/product_brand?post=29625"},{"taxonomy":"product_cat","embeddable":true,"href":"https:\/\/sigletos.gr\/de\/wp-json\/wp\/v2\/product_cat?post=29625"},{"taxonomy":"product_tag","embeddable":true,"href":"https:\/\/sigletos.gr\/de\/wp-json\/wp\/v2\/product_tag?post=29625"}],"curies":[{"name":"wp","href":"https:\/\/api.w.org\/{rel}","templated":true}]}}