{"id":29679,"date":"2022-08-10T09:41:43","date_gmt":"2022-08-10T07:41:43","guid":{"rendered":"https:\/\/sigletos.gr\/?post_type=product&#038;p=29679"},"modified":"2023-10-09T10:57:33","modified_gmt":"2023-10-09T07:57:33","slug":"%ce%b7-%ce%bd%ce%bf1-%ce%ba%cf%8c%ce%bb%ce%bb%ce%b1-%ce%be%cf%8d%ce%bb%ce%bf%cf%85-pva-%ce%ba%cf%81%cf%85%cf%83%cf%84%ce%b1%ce%bb%ce%bb%ce%b9%ce%b6%ce%ad-d2-tempo","status":"publish","type":"product","link":"https:\/\/sigletos.gr\/de\/produkt\/%ce%b7-%ce%bd%ce%bf1-%ce%ba%cf%8c%ce%bb%ce%bb%ce%b1-%ce%be%cf%8d%ce%bb%ce%bf%cf%85-pva-%ce%ba%cf%81%cf%85%cf%83%cf%84%ce%b1%ce%bb%ce%bb%ce%b9%ce%b6%ce%ad-d2-tempo\/","title":{"rendered":"Der Nr. 1 PVA Holzleim kristallisiert D2 TEMPO"},"content":{"rendered":"<p>VORTEILE<br \/>\n\u2022 Sehr starke Haftung<br \/>\n\u2022 Feuchtigkeitsbest\u00e4ndigkeit<br \/>\n\u2022 Temperaturbest\u00e4ndigkeit<br \/>\n\u2022 Hervorragende Alterungsbest\u00e4ndigkeit<br \/>\n\u2022 Transparent nach dem Trocknen (kristallisiert)<br \/>\n\u2022 Umweltfreundlich<br \/>\nANWENDUNGEN<br \/>\n\u2022 Verbinden von Hart- und Weichholzst\u00fccken wie Buche<br \/>\nEiche, Kiefer, Walnuss, Palisander usw.<br \/>\n\u2022 Schwei\u00dfen von M\u00f6beln und Holzkonstruktionen aus Weichholz.<br \/>\n\u2022 MDF, Resopal, Spanplatten, Furnierschwei\u00dfen<br \/>\n\u2022 Verkleben von Gipskarton, Styropor, Kork, Stoffen und anderen<br \/>\nInvestitionen in Spanplatten und MDF<br \/>\nERGIEBIGKEIT: 150 \u2013 200 gr\/m\u00b2 je nach Saugf\u00e4higkeit<br \/>\nOberfl\u00e4che.<\/p>","protected":false},"excerpt":{"rendered":"<p>TEMPO ist ein wasserl\u00f6slicher, wei\u00dfer Holzleim auf PVA-Basis, geeignet f\u00fcr<br \/>\nIdeal f\u00fcr anspruchsvolle Schwei\u00dfarbeiten. Bietet schnelle und<br \/>\nstarke Bindung mit sehr hoher Temperatur- und Korrosionsbest\u00e4ndigkeit<br \/>\nFeuchtigkeit. Wird nach dem Trocknen transparent (kristallisiert). Geeignet<br \/>\nf\u00fcr nicht-n\u00e4sse Anwendungen im Innen- und Au\u00dfenbereich<br \/>\nKonstruktionen.<\/p>","protected":false},"featured_media":29682,"comment_status":"closed","ping_status":"closed","template":"","meta":[],"product_brand":[],"product_cat":[905,908],"product_tag":[],"class_list":{"0":"post-29679","1":"product","2":"type-product","3":"status-publish","4":"has-post-thumbnail","6":"product_cat-905","7":"product_cat-908","8":"pa_brand-mercola","9":"pa_-13kg","10":"pa_-1kg","11":"pa_-200gr","12":"pa_-20kg","13":"pa_-32kg","14":"pa_-500gr","15":"pa_-5kg","16":"pa_-750gr","17":"pa_-80gr","19":"first","20":"instock","21":"taxable","22":"shipping-taxable","23":"purchasable","24":"product-type-variable"},"_links":{"self":[{"href":"https:\/\/sigletos.gr\/de\/wp-json\/wp\/v2\/product\/29679","targetHints":{"allow":["GET"]}}],"collection":[{"href":"https:\/\/sigletos.gr\/de\/wp-json\/wp\/v2\/product"}],"about":[{"href":"https:\/\/sigletos.gr\/de\/wp-json\/wp\/v2\/types\/product"}],"replies":[{"embeddable":true,"href":"https:\/\/sigletos.gr\/de\/wp-json\/wp\/v2\/comments?post=29679"}],"version-history":[{"count":0,"href":"https:\/\/sigletos.gr\/de\/wp-json\/wp\/v2\/product\/29679\/revisions"}],"wp:featuredmedia":[{"embeddable":true,"href":"https:\/\/sigletos.gr\/de\/wp-json\/wp\/v2\/media\/29682"}],"wp:attachment":[{"href":"https:\/\/sigletos.gr\/de\/wp-json\/wp\/v2\/media?parent=29679"}],"wp:term":[{"taxonomy":"product_brand","embeddable":true,"href":"https:\/\/sigletos.gr\/de\/wp-json\/wp\/v2\/product_brand?post=29679"},{"taxonomy":"product_cat","embeddable":true,"href":"https:\/\/sigletos.gr\/de\/wp-json\/wp\/v2\/product_cat?post=29679"},{"taxonomy":"product_tag","embeddable":true,"href":"https:\/\/sigletos.gr\/de\/wp-json\/wp\/v2\/product_tag?post=29679"}],"curies":[{"name":"wp","href":"https:\/\/api.w.org\/{rel}","templated":true}]}}