{"id":29702,"date":"2022-08-10T09:53:36","date_gmt":"2022-08-10T07:53:36","guid":{"rendered":"https:\/\/sigletos.gr\/?post_type=product&#038;p=29702"},"modified":"2023-10-06T11:10:50","modified_gmt":"2023-10-06T08:10:50","slug":"%ce%ba%ce%bf%ce%bb%ce%bb%ce%b1-%cf%80%ce%bf%ce%bb%cf%85%ce%bf%cf%85%cf%81%ce%b5%ce%b8%ce%b1%ce%bd%ce%b7%cf%82-d4-pu-501-express","status":"publish","type":"product","link":"https:\/\/sigletos.gr\/de\/produkt\/%ce%ba%ce%bf%ce%bb%ce%bb%ce%b1-%cf%80%ce%bf%ce%bb%cf%85%ce%bf%cf%85%cf%81%ce%b5%ce%b8%ce%b1%ce%bd%ce%b7%cf%82-d4-pu-501-express\/","title":{"rendered":"Polyurethan-Klebstoff D4 PU 501 EXPRESS"},"content":{"rendered":"<p>VORTEILE<br \/>\n\u2022 Eine Komponente<br \/>\n\u2022 Sehr starke Haftung<br \/>\n\u2022 Hervorragende Feuchtigkeitsbest\u00e4ndigkeit \u2013 D4-Spezifikation (wasserdicht)<br \/>\n\u2022 F\u00fcr den Au\u00dfenbereich geeignet<br \/>\n\u2022 Schnelle Schwei\u00dfzeit<br \/>\n\u2022 Hervorragende Temperaturbest\u00e4ndigkeit<br \/>\n\u2022 Hervorragende Alterungsbest\u00e4ndigkeit<br \/>\n\u2022 Leicht expandierend \u2013 deckt Unebenheiten ab<br \/>\nANWENDUNGEN<br \/>\n\u2022 Schiffbauanwendungen<br \/>\n\u2022 Fenster- und T\u00fcrenschwei\u00dfen<br \/>\n\u2022 Schwei\u00dfen von Au\u00dfenfenstern und T\u00fcren<br \/>\n\u2022 Holzplattenschwei\u00dfen (Leimholz)<br \/>\n\u2022 Schwei\u00dfen von externen Nassstrukturen<br \/>\n\u2022 Verklebung von MDF und Mineralwerkstoffplatten<br \/>\nzB Gipskartonplatten<br \/>\n\u2022 Verklebung von keramischen Werkstoffen, Beton, Hartsch\u00e4umen<br \/>\nund Polystyrol<br \/>\nERGIEBIGKEIT: 100 \u2013 150 gr\/m\u00b2 je nach Saugf\u00e4higkeit<br \/>\nOberfl\u00e4che<\/p>","protected":false},"excerpt":{"rendered":"<p>PU 501 EXPRESS ist ein extrem starker und sehr schneller Klebstoff<br \/>\nPolyurethan, honigfarben, einkomponentig. Es hat eine sehr hohe<br \/>\nBest\u00e4ndigkeit gegen Feuchtigkeit, Wasser, L\u00f6sungsmittel, Temperatur<br \/>\nund mechanischer Belastung. Es polymerisiert mit der Feuchtigkeit des<br \/>\nAtmosph\u00e4re und weist eine leichte W\u00f6lbung auf, die kleine<br \/>\nKonstruktionsfehler. Geeignet f\u00fcr Au\u00dfen- und Marineanwendungen<br \/>\nKonstruktionen. \u00dcbertrifft die Anforderungen der DIN D4\/EN 204.<\/p>","protected":false},"featured_media":29703,"comment_status":"closed","ping_status":"closed","template":"","meta":[],"product_brand":[],"product_cat":[905,908],"product_tag":[],"class_list":{"0":"post-29702","1":"product","2":"type-product","3":"status-publish","4":"has-post-thumbnail","6":"product_cat-905","7":"product_cat-908","8":"pa_brand-mercola","9":"pa_-175gr","10":"pa_-300gr","11":"pa_-750gr","13":"first","14":"instock","15":"taxable","16":"shipping-taxable","17":"purchasable","18":"product-type-variable"},"_links":{"self":[{"href":"https:\/\/sigletos.gr\/de\/wp-json\/wp\/v2\/product\/29702","targetHints":{"allow":["GET"]}}],"collection":[{"href":"https:\/\/sigletos.gr\/de\/wp-json\/wp\/v2\/product"}],"about":[{"href":"https:\/\/sigletos.gr\/de\/wp-json\/wp\/v2\/types\/product"}],"replies":[{"embeddable":true,"href":"https:\/\/sigletos.gr\/de\/wp-json\/wp\/v2\/comments?post=29702"}],"version-history":[{"count":0,"href":"https:\/\/sigletos.gr\/de\/wp-json\/wp\/v2\/product\/29702\/revisions"}],"wp:featuredmedia":[{"embeddable":true,"href":"https:\/\/sigletos.gr\/de\/wp-json\/wp\/v2\/media\/29703"}],"wp:attachment":[{"href":"https:\/\/sigletos.gr\/de\/wp-json\/wp\/v2\/media?parent=29702"}],"wp:term":[{"taxonomy":"product_brand","embeddable":true,"href":"https:\/\/sigletos.gr\/de\/wp-json\/wp\/v2\/product_brand?post=29702"},{"taxonomy":"product_cat","embeddable":true,"href":"https:\/\/sigletos.gr\/de\/wp-json\/wp\/v2\/product_cat?post=29702"},{"taxonomy":"product_tag","embeddable":true,"href":"https:\/\/sigletos.gr\/de\/wp-json\/wp\/v2\/product_tag?post=29702"}],"curies":[{"name":"wp","href":"https:\/\/api.w.org\/{rel}","templated":true}]}}