{"id":29722,"date":"2022-08-10T10:17:05","date_gmt":"2022-08-10T08:17:05","guid":{"rendered":"https:\/\/sigletos.gr\/?post_type=product&#038;p=29722"},"modified":"2023-10-06T12:47:54","modified_gmt":"2023-10-06T09:47:54","slug":"%ce%ba%cf%8c%ce%bb%ce%bb%ce%b1-%ce%be%cf%8d%ce%bb%ce%bf%cf%85-pva-%ce%b3%ce%b9%ce%b1-%ce%b3%cf%81%ce%ae%ce%b3%ce%bf%cf%81%ce%b7-%cf%83%cf%85%ce%b3%ce%ba%cf%8c%ce%bb%ce%bb%ce%b7%cf%83%ce%b7-%ce%bc","status":"publish","type":"product","link":"https:\/\/sigletos.gr\/de\/produkt\/%ce%ba%cf%8c%ce%bb%ce%bb%ce%b1-%ce%be%cf%8d%ce%bb%ce%bf%cf%85-pva-%ce%b3%ce%b9%ce%b1-%ce%b3%cf%81%ce%ae%ce%b3%ce%bf%cf%81%ce%b7-%cf%83%cf%85%ce%b3%ce%ba%cf%8c%ce%bb%ce%bb%ce%b7%cf%83%ce%b7-%ce%bc\/","title":{"rendered":"PVA-Holzleim zum schnellen Verkleben von Massivholz, kristallisiert D2 TEMPO EXPRESS"},"content":{"rendered":"<p>VORTEILE<br \/>\n\u2022 Sehr starke und schnelle Verklebung<br \/>\n\u2022 Mehrere Schwei\u00dffunktionen<br \/>\n\u2022 Feuchtigkeitsbest\u00e4ndigkeit<br \/>\n\u2022 Temperaturbest\u00e4ndigkeit<br \/>\n\u2022 Alterungsbest\u00e4ndigkeit<br \/>\n\u2022 Transparent nach dem Trocknen (kristallisiert)<br \/>\n\u2022 Umweltfreundlich<br \/>\nANWENDUNGEN<br \/>\n\u2022 Schwei\u00dfen von M\u00f6beln und Hartholzkonstruktionen<br \/>\nund exotische H\u00f6lzer wie Buche, Eiche, Nussbaum, Iroko usw.<br \/>\n\u2022 Schwei\u00dfen von M\u00f6beln und Konstruktionen aus Weichh\u00f6lzern wie<br \/>\nKastanie, Tanne, Kiefer, Birke usw.<br \/>\n\u2022 MDF, Resopal, Spanplatten, Furnierschwei\u00dfen<br \/>\n\u2022 Verkleben von Gipskarton, Styropor, Kork, Stoffen und anderen<br \/>\nInvestitionen in Spanplatten und MDF<br \/>\nERGIEBIGKEIT: 150 \u2013 200 gr\/m\u00b2 je nach Saugf\u00e4higkeit<br \/>\nOberfl\u00e4che.<\/p>","protected":false},"excerpt":{"rendered":"<p>TEMPO EXPRESS ist ein wasserl\u00f6slicher, wei\u00dfer Holzleim auf Basis von<br \/>\nPVA, geeignet f\u00fcr anspruchsvolle Schwei\u00dfarbeiten. Es bietet<br \/>\nsehr schnelles und starkes Schwei\u00dfen mit hoher Hitzebest\u00e4ndigkeit<br \/>\nund Feuchtigkeit. Es eignet sich besonders zum Schwei\u00dfen<br \/>\nHarth\u00f6lzer und exotische H\u00f6lzer. Es wird transparent nach<br \/>\nTrocknen (Kristallisation).<\/p>","protected":false},"featured_media":29723,"comment_status":"closed","ping_status":"closed","template":"","meta":[],"product_brand":[],"product_cat":[905,908],"product_tag":[],"class_list":{"0":"post-29722","1":"product","2":"type-product","3":"status-publish","4":"has-post-thumbnail","6":"product_cat-905","7":"product_cat-908","8":"pa_brand-mercola","9":"pa_-20kg","10":"pa_-32kg","11":"pa_-5kg","12":"pa_-750gr","14":"first","15":"instock","16":"taxable","17":"shipping-taxable","18":"purchasable","19":"product-type-variable"},"_links":{"self":[{"href":"https:\/\/sigletos.gr\/de\/wp-json\/wp\/v2\/product\/29722","targetHints":{"allow":["GET"]}}],"collection":[{"href":"https:\/\/sigletos.gr\/de\/wp-json\/wp\/v2\/product"}],"about":[{"href":"https:\/\/sigletos.gr\/de\/wp-json\/wp\/v2\/types\/product"}],"replies":[{"embeddable":true,"href":"https:\/\/sigletos.gr\/de\/wp-json\/wp\/v2\/comments?post=29722"}],"version-history":[{"count":0,"href":"https:\/\/sigletos.gr\/de\/wp-json\/wp\/v2\/product\/29722\/revisions"}],"wp:featuredmedia":[{"embeddable":true,"href":"https:\/\/sigletos.gr\/de\/wp-json\/wp\/v2\/media\/29723"}],"wp:attachment":[{"href":"https:\/\/sigletos.gr\/de\/wp-json\/wp\/v2\/media?parent=29722"}],"wp:term":[{"taxonomy":"product_brand","embeddable":true,"href":"https:\/\/sigletos.gr\/de\/wp-json\/wp\/v2\/product_brand?post=29722"},{"taxonomy":"product_cat","embeddable":true,"href":"https:\/\/sigletos.gr\/de\/wp-json\/wp\/v2\/product_cat?post=29722"},{"taxonomy":"product_tag","embeddable":true,"href":"https:\/\/sigletos.gr\/de\/wp-json\/wp\/v2\/product_tag?post=29722"}],"curies":[{"name":"wp","href":"https:\/\/api.w.org\/{rel}","templated":true}]}}