{"id":29753,"date":"2022-08-10T10:42:35","date_gmt":"2022-08-10T08:42:35","guid":{"rendered":"https:\/\/sigletos.gr\/?post_type=product&#038;p=29753"},"modified":"2023-10-06T12:45:18","modified_gmt":"2023-10-06T09:45:18","slug":"%ce%ba%cf%8c%ce%bb%ce%bb%ce%b1-%ce%be%cf%8d%ce%bb%ce%bf%cf%85-%ce%ba%ce%b1%ce%b9-%ce%ba%ce%b1%cf%80%ce%bb%ce%b1%ce%bc%ce%ac%ce%b4%cf%89%ce%bd-pva-%ce%ba%cf%81%cf%85%cf%83%cf%84%ce%b1%ce%bb%ce%bb%ce%b9","status":"publish","type":"product","link":"https:\/\/sigletos.gr\/de\/produkt\/%ce%ba%cf%8c%ce%bb%ce%bb%ce%b1-%ce%be%cf%8d%ce%bb%ce%bf%cf%85-%ce%ba%ce%b1%ce%b9-%ce%ba%ce%b1%cf%80%ce%bb%ce%b1%ce%bc%ce%ac%ce%b4%cf%89%ce%bd-pva-%ce%ba%cf%81%cf%85%cf%83%cf%84%ce%b1%ce%bb%ce%bb%ce%b9\/","title":{"rendered":"Holz- und Furnierleim PVA kristallisiert D2 TEMPO XYLOVIL PRESS"},"content":{"rendered":"<p>VORTEILE<br \/>\n\u2022 Sehr starke Haftung<br \/>\n\u2022 Feuchtigkeitsbest\u00e4ndigkeit<br \/>\n\u2022 Temperaturbest\u00e4ndigkeit<br \/>\n\u2022 Transparent nach dem Trocknen (kristallisiert)<br \/>\n\u2022 Umweltfreundlich<br \/>\nANWENDUNGEN<br \/>\n\u2022 Furnier-, MDF-, Resopal- und Spanplattenschwei\u00dfen.<br \/>\n\u2022 Verklebung von Hart- und Weichh\u00f6lzern wie Buche, Eiche,<br \/>\nKiefer, Walnuss, Teak, Palisander usw.<br \/>\n\u2022 Verkleben von Gipskarton, Styropor, Kork, Stoffen und anderen<br \/>\nInvestitionen in Spanplatten und MDF.<br \/>\n\u2022 Aufgetragen mit Kalt- oder Hei\u00dfpresse (200 \u00b0C \u2013 800 \u00b0C)<br \/>\nERTRAG: 125 \u2013 250 gr\/ m2<\/p>","protected":false},"excerpt":{"rendered":"<p>TEMPO XYLOVIL PRESS ist ein wasserl\u00f6slicher, wei\u00dfer Holzleim.<br \/>\nOberfl\u00e4chen, PVA-basiert, geeignet zum Verkleben gro\u00dfer Fl\u00e4chen<br \/>\nHolzverbindungen mit einer Presse. Es bietet schnelles und starkes Schwei\u00dfen<br \/>\nL\u00f6sung mit sehr hoher Temperatur- und Feuchtigkeitsbest\u00e4ndigkeit. Es besteht<br \/>\ntransparent nach dem Trocknen (kristallisiert). Geeignet f\u00fcr Anwendungen<br \/>\ninterne Verwendung.<\/p>","protected":false},"featured_media":29754,"comment_status":"closed","ping_status":"closed","template":"","meta":[],"product_brand":[],"product_cat":[905,908],"product_tag":[],"class_list":{"0":"post-29753","1":"product","2":"type-product","3":"status-publish","4":"has-post-thumbnail","6":"product_cat-905","7":"product_cat-908","8":"pa_brand-mercola","9":"pa_-20kg","10":"pa_-32kg","11":"pa_-5kg","13":"first","14":"instock","15":"taxable","16":"shipping-taxable","17":"purchasable","18":"product-type-variable"},"_links":{"self":[{"href":"https:\/\/sigletos.gr\/de\/wp-json\/wp\/v2\/product\/29753","targetHints":{"allow":["GET"]}}],"collection":[{"href":"https:\/\/sigletos.gr\/de\/wp-json\/wp\/v2\/product"}],"about":[{"href":"https:\/\/sigletos.gr\/de\/wp-json\/wp\/v2\/types\/product"}],"replies":[{"embeddable":true,"href":"https:\/\/sigletos.gr\/de\/wp-json\/wp\/v2\/comments?post=29753"}],"version-history":[{"count":0,"href":"https:\/\/sigletos.gr\/de\/wp-json\/wp\/v2\/product\/29753\/revisions"}],"wp:featuredmedia":[{"embeddable":true,"href":"https:\/\/sigletos.gr\/de\/wp-json\/wp\/v2\/media\/29754"}],"wp:attachment":[{"href":"https:\/\/sigletos.gr\/de\/wp-json\/wp\/v2\/media?parent=29753"}],"wp:term":[{"taxonomy":"product_brand","embeddable":true,"href":"https:\/\/sigletos.gr\/de\/wp-json\/wp\/v2\/product_brand?post=29753"},{"taxonomy":"product_cat","embeddable":true,"href":"https:\/\/sigletos.gr\/de\/wp-json\/wp\/v2\/product_cat?post=29753"},{"taxonomy":"product_tag","embeddable":true,"href":"https:\/\/sigletos.gr\/de\/wp-json\/wp\/v2\/product_tag?post=29753"}],"curies":[{"name":"wp","href":"https:\/\/api.w.org\/{rel}","templated":true}]}}