{"id":29772,"date":"2022-08-10T11:03:49","date_gmt":"2022-08-10T09:03:49","guid":{"rendered":"https:\/\/sigletos.gr\/?post_type=product&#038;p=29772"},"modified":"2022-08-10T11:03:50","modified_gmt":"2022-08-10T09:03:50","slug":"%ce%b2%ce%b5%ce%bd%ce%b6%ce%b9%ce%bd%cf%8c%ce%ba%ce%bf%ce%bb%ce%bb%ce%b1-%ce%b5%cf%80%ce%b1%ce%b3%ce%b3%ce%b5%ce%bb%ce%bc%ce%b1%cf%84%ce%b9%ce%ba%ce%ae%cf%82-%cf%87%cf%81%ce%ae%cf%83%ce%b7%cf%82-conta","status":"publish","type":"product","link":"https:\/\/sigletos.gr\/de\/produkt\/%ce%b2%ce%b5%ce%bd%ce%b6%ce%b9%ce%bd%cf%8c%ce%ba%ce%bf%ce%bb%ce%bb%ce%b1-%ce%b5%cf%80%ce%b1%ce%b3%ce%b3%ce%b5%ce%bb%ce%bc%ce%b1%cf%84%ce%b9%ce%ba%ce%ae%cf%82-%cf%87%cf%81%ce%ae%cf%83%ce%b7%cf%82-conta\/","title":{"rendered":"Professionelle Benzinkleber KONTAKT KLEBOSTIK 44"},"content":{"rendered":"<p>VORTEILE<br \/>\n\u2022 Extrem starke Haftung auf den meisten Oberfl\u00e4chen<br \/>\n\u2022 Hohe Anfangshaftung<br \/>\n\u2022 Direktschwei\u00dfen<br \/>\n\u2022 Lange offene Zeit<br \/>\n\u2022 Hervorragende Alterungsbest\u00e4ndigkeit<br \/>\n\u2022 Hervorragende Temperaturbest\u00e4ndigkeit (-150 \u00b0C bis +700 \u00b0C)<br \/>\n\u2022 Geeignet f\u00fcr professionelle Anwendungen<br \/>\n\u2022 F\u00fcr den Innen- und Au\u00dfenbereich geeignet<br \/>\nANWENDUNGEN<br \/>\n\u2022 Klebt Kunststoffbel\u00e4ge (Formica, Perstorp, Duropal, Resopal etc.)<br \/>\nHolz, Furnier, Kunststoffkanten, Spanplatten, Paneele, Gummi,<br \/>\nLeder, Presspapier, Polyurethan-Schaumstoffe, Filz, Kork,<br \/>\nTextilien, untereinander oder auf Holz- und Metalloberfl\u00e4chen, MDF,<br \/>\nZement, Stein usw.<br \/>\n\u2022 Ideal f\u00fcr Anwendungen in der Schuhherstellung, im Baugewerbe und in der Tischlerei<br \/>\nund Automobilindustrie (Polsterschwei\u00dfen<br \/>\nund Autohimmel)<br \/>\nERGIEBIGKEIT: 100 \u2013 200 gr\/m2 (Anwendung pro Fl\u00e4che)<\/p>","protected":false},"excerpt":{"rendered":"<p>CONTACT KLEBOSTIK 44 ist ein sehr starker, z\u00e4hfl\u00fcssiger Benzinkleber<br \/>\nprofessionelle Anwendung, basierend auf synthetischem Kautschuk, Kunstharzen<br \/>\nund L\u00f6sungsmittel. Es hat eine ausgezeichnete Best\u00e4ndigkeit gegen Temperatur, Feuchtigkeit, \u00d6le<br \/>\nund S\u00e4uren. Es wird auf beide zu verklebenden Fl\u00e4chen aufgetragen.<\/p>","protected":false},"featured_media":29773,"comment_status":"closed","ping_status":"closed","template":"","meta":[],"product_brand":[],"product_cat":[909,905],"product_tag":[],"class_list":{"0":"post-29772","1":"product","2":"type-product","3":"status-publish","4":"has-post-thumbnail","6":"product_cat-909","7":"product_cat-905","8":"pa_brand-mercola","9":"pa_-1lt","10":"pa_-500ml","11":"pa_-5lt","13":"first","14":"instock","15":"taxable","16":"shipping-taxable","17":"purchasable","18":"product-type-variable"},"_links":{"self":[{"href":"https:\/\/sigletos.gr\/de\/wp-json\/wp\/v2\/product\/29772","targetHints":{"allow":["GET"]}}],"collection":[{"href":"https:\/\/sigletos.gr\/de\/wp-json\/wp\/v2\/product"}],"about":[{"href":"https:\/\/sigletos.gr\/de\/wp-json\/wp\/v2\/types\/product"}],"replies":[{"embeddable":true,"href":"https:\/\/sigletos.gr\/de\/wp-json\/wp\/v2\/comments?post=29772"}],"version-history":[{"count":0,"href":"https:\/\/sigletos.gr\/de\/wp-json\/wp\/v2\/product\/29772\/revisions"}],"wp:featuredmedia":[{"embeddable":true,"href":"https:\/\/sigletos.gr\/de\/wp-json\/wp\/v2\/media\/29773"}],"wp:attachment":[{"href":"https:\/\/sigletos.gr\/de\/wp-json\/wp\/v2\/media?parent=29772"}],"wp:term":[{"taxonomy":"product_brand","embeddable":true,"href":"https:\/\/sigletos.gr\/de\/wp-json\/wp\/v2\/product_brand?post=29772"},{"taxonomy":"product_cat","embeddable":true,"href":"https:\/\/sigletos.gr\/de\/wp-json\/wp\/v2\/product_cat?post=29772"},{"taxonomy":"product_tag","embeddable":true,"href":"https:\/\/sigletos.gr\/de\/wp-json\/wp\/v2\/product_tag?post=29772"}],"curies":[{"name":"wp","href":"https:\/\/api.w.org\/{rel}","templated":true}]}}