{"id":29789,"date":"2022-08-10T11:25:49","date_gmt":"2022-08-10T09:25:49","guid":{"rendered":"https:\/\/sigletos.gr\/?post_type=product&#038;p=29789"},"modified":"2022-08-10T11:25:50","modified_gmt":"2022-08-10T09:25:50","slug":"%ce%b9%cf%83%cf%87%cf%85%cf%81%ce%ae-%ce%b5%cf%80%ce%bf%ce%be%ce%b5%ce%b9%ce%b4%ce%b9%ce%ba%ce%ae-%ce%ba%cf%8c%ce%bb%ce%bb%ce%b1-%cf%83%cf%84%cf%8c%ce%ba%ce%bf%cf%82-%ce%b3%ce%b9%ce%b1-%ce%b4%ce%bf","status":"publish","type":"product","link":"https:\/\/sigletos.gr\/de\/produkt\/%ce%b9%cf%83%cf%87%cf%85%cf%81%ce%ae-%ce%b5%cf%80%ce%bf%ce%be%ce%b5%ce%b9%ce%b4%ce%b9%ce%ba%ce%ae-%ce%ba%cf%8c%ce%bb%ce%bb%ce%b1-%cf%83%cf%84%cf%8c%ce%ba%ce%bf%cf%82-%ce%b3%ce%b9%ce%b1-%ce%b4%ce%bf\/","title":{"rendered":"Starker Epoxidkleber - Kitt f\u00fcr die strukturelle Verklebung von Marmor, Stein und strukturell-dekorativen Materialien EPOXITE CONSTRUCT 2 Komponenten"},"content":{"rendered":"<p>VORTEILE<br \/>\n\u2022 Extrem starke Haftung<br \/>\n\u2022 Verklebt unebene Oberfl\u00e4chen<br \/>\n\u2022 Gro\u00dfe Anwendungsvielfalt<br \/>\n\u2022 Hervorragende Temperaturbest\u00e4ndigkeit<br \/>\n\u2022 Hervorragende Best\u00e4ndigkeit gegen\u00fcber den meisten Chemikalien<br \/>\n\u2022 Kann lackiert werden<br \/>\nANWENDUNGEN<br \/>\n\u2022 Ideal zum Verkleben von Marmor, Granit, Keramikfliesen,<br \/>\nMetalle, Zement, Stein, Keramik, Holz usw.<br \/>\n\u2022 F\u00fcllen von Rissen und L\u00f6chern in Beton<br \/>\n\u2022 Verkleben von neuem mit altem Beton<br \/>\n\u2022 Spreizbeton-Stabanker<br \/>\n\u2022 Befestigung von Metallummantelungen an S\u00e4ulen<br \/>\n(Erdbebenreparaturen)<br \/>\n\u2022 Geeignet f\u00fcr Orthomarmorierung und Epoxidb\u00f6den<br \/>\n\u2022 Geeignet f\u00fcr Marineanwendungen<br \/>\nERGIEBIGKEIT: 1,7 kg\/m2\/mm Schichtdicke.<\/p>\n<p>*Auf Anfrage auch in gr\u00f6\u00dferen Packungen erh\u00e4ltlich<br \/>\nBefehl<\/p>","protected":false},"excerpt":{"rendered":"<p>EPOXITE CONSTRUCT ist ein starker Epoxid-Klebstoff-Kitt-Anker-<br \/>\n2-Komponenten, Industriequalit\u00e4t, sehr langlebig<br \/>\nFeuchtigkeit, L\u00f6sungsmitteln und Temperatur. Es ist ideal f\u00fcr schnelle<br \/>\nSchwei\u00dfen von gleichartigen und ungleichen Bau- und Industriebauteilen<br \/>\nMaterialien, ohne zu schrumpfen. Speziell f\u00fcr Marmor.<\/p>","protected":false},"featured_media":29790,"comment_status":"closed","ping_status":"closed","template":"","meta":[],"product_brand":[],"product_cat":[905,1606],"product_tag":[],"class_list":{"0":"post-29789","1":"product","2":"type-product","3":"status-publish","4":"has-post-thumbnail","6":"product_cat-905","7":"product_cat-1606","8":"pa_brand-mercola","9":"pa_--1kg","11":"first","12":"instock","13":"taxable","14":"shipping-taxable","15":"purchasable","16":"product-type-simple"},"_links":{"self":[{"href":"https:\/\/sigletos.gr\/de\/wp-json\/wp\/v2\/product\/29789","targetHints":{"allow":["GET"]}}],"collection":[{"href":"https:\/\/sigletos.gr\/de\/wp-json\/wp\/v2\/product"}],"about":[{"href":"https:\/\/sigletos.gr\/de\/wp-json\/wp\/v2\/types\/product"}],"replies":[{"embeddable":true,"href":"https:\/\/sigletos.gr\/de\/wp-json\/wp\/v2\/comments?post=29789"}],"version-history":[{"count":0,"href":"https:\/\/sigletos.gr\/de\/wp-json\/wp\/v2\/product\/29789\/revisions"}],"wp:featuredmedia":[{"embeddable":true,"href":"https:\/\/sigletos.gr\/de\/wp-json\/wp\/v2\/media\/29790"}],"wp:attachment":[{"href":"https:\/\/sigletos.gr\/de\/wp-json\/wp\/v2\/media?parent=29789"}],"wp:term":[{"taxonomy":"product_brand","embeddable":true,"href":"https:\/\/sigletos.gr\/de\/wp-json\/wp\/v2\/product_brand?post=29789"},{"taxonomy":"product_cat","embeddable":true,"href":"https:\/\/sigletos.gr\/de\/wp-json\/wp\/v2\/product_cat?post=29789"},{"taxonomy":"product_tag","embeddable":true,"href":"https:\/\/sigletos.gr\/de\/wp-json\/wp\/v2\/product_tag?post=29789"}],"curies":[{"name":"wp","href":"https:\/\/api.w.org\/{rel}","templated":true}]}}