{"id":29810,"date":"2022-08-11T07:13:35","date_gmt":"2022-08-11T05:13:35","guid":{"rendered":"https:\/\/sigletos.gr\/?post_type=product&#038;p=29810"},"modified":"2022-08-11T07:13:35","modified_gmt":"2022-08-11T05:13:35","slug":"%ce%b5%ce%be%ce%b1%ce%b9%cf%81%ce%b5%cf%84%ce%b9%ce%ba%ce%ac-%ce%b9%cf%83%cf%87%cf%85%cf%81%ce%ae-%ce%b5%cf%80%ce%bf%ce%be%ce%b5%ce%b9%ce%b4%ce%b9%ce%ba%ce%ae-%ce%ba%cf%8c%ce%bb%ce%bb%ce%b1-2-%cf%83","status":"publish","type":"product","link":"https:\/\/sigletos.gr\/de\/produkt\/%ce%b5%ce%be%ce%b1%ce%b9%cf%81%ce%b5%cf%84%ce%b9%ce%ba%ce%ac-%ce%b9%cf%83%cf%87%cf%85%cf%81%ce%ae-%ce%b5%cf%80%ce%bf%ce%be%ce%b5%ce%b9%ce%b4%ce%b9%ce%ba%ce%ae-%ce%ba%cf%8c%ce%bb%ce%bb%ce%b1-2-%cf%83\/","title":{"rendered":"Extrem starker, superschnell abbindender 2-Komponenten-Epoxidkleber 90&#039;&#039; ARALDITE INSTANT SYRINGE"},"content":{"rendered":"<p>VORTEILE<br \/>\n\u2022 Sehr schnelle und starke Klebekraft<br \/>\n\u2022 Nach dem Trocknen wird es transparent<br \/>\n\u2022 Einfache Anwendung<br \/>\n\u2022 Schwei\u00dfen vieler Materialien<br \/>\n\u2022 K\u00e4ltebest\u00e4ndigkeit bei Temperaturen (-500 \u00b0C bis +650 \u00b0C)<br \/>\n\u2022 Hervorragende Feuchtigkeitsbest\u00e4ndigkeit<br \/>\n\u2022 Kann gestrichen und geschliffen werden<br \/>\n\u2022 F\u00fcllt L\u00fccken in unebenen Oberfl\u00e4chen<br \/>\n\u2022 Hohe Widerstandsf\u00e4higkeit gegen mechanische Beanspruchung<br \/>\n\u2022 100% fest<br \/>\n\u2022 Enth\u00e4lt keine L\u00f6sungsmittel<br \/>\nANWENDUNGEN<br \/>\n\u2022 ARALDITE INSTANT verbindet eine Vielzahl von Materialien wie<br \/>\nMetalle, Holz, Keramik, Glas, die meisten harten Kunststoffe,<br \/>\nSpanplatten, Leder, Pappe, Stoffe, Gummi, Zementbasis<br \/>\nund Steinoberfl\u00e4chen (nicht geeignet f\u00fcr Polyethylen,<br \/>\nPolypropylen, Teflon, expandiertes Polystyrol)<\/p>","protected":false},"excerpt":{"rendered":"<p>ARALDITE INSTANT ist ein 2-Komponenten-Epoxidklebstoff in einer Spritze.<br \/>\nEs ist extrem leistungsstark und sehr schnell (90 Sekunden), transparent,<br \/>\ngeruchlos, enth\u00e4lt keine L\u00f6sungsmittel und h\u00e4rtet bei Raumtemperatur aus.<\/p>","protected":false},"featured_media":29811,"comment_status":"closed","ping_status":"closed","template":"","meta":[],"product_brand":[],"product_cat":[905,1606],"product_tag":[],"class_list":{"0":"post-29810","1":"product","2":"type-product","3":"status-publish","4":"has-post-thumbnail","6":"product_cat-905","7":"product_cat-1606","8":"pa_brand-araldite","9":"pa_--24ml","11":"first","12":"instock","13":"taxable","14":"shipping-taxable","15":"purchasable","16":"product-type-simple"},"_links":{"self":[{"href":"https:\/\/sigletos.gr\/de\/wp-json\/wp\/v2\/product\/29810","targetHints":{"allow":["GET"]}}],"collection":[{"href":"https:\/\/sigletos.gr\/de\/wp-json\/wp\/v2\/product"}],"about":[{"href":"https:\/\/sigletos.gr\/de\/wp-json\/wp\/v2\/types\/product"}],"replies":[{"embeddable":true,"href":"https:\/\/sigletos.gr\/de\/wp-json\/wp\/v2\/comments?post=29810"}],"version-history":[{"count":0,"href":"https:\/\/sigletos.gr\/de\/wp-json\/wp\/v2\/product\/29810\/revisions"}],"wp:featuredmedia":[{"embeddable":true,"href":"https:\/\/sigletos.gr\/de\/wp-json\/wp\/v2\/media\/29811"}],"wp:attachment":[{"href":"https:\/\/sigletos.gr\/de\/wp-json\/wp\/v2\/media?parent=29810"}],"wp:term":[{"taxonomy":"product_brand","embeddable":true,"href":"https:\/\/sigletos.gr\/de\/wp-json\/wp\/v2\/product_brand?post=29810"},{"taxonomy":"product_cat","embeddable":true,"href":"https:\/\/sigletos.gr\/de\/wp-json\/wp\/v2\/product_cat?post=29810"},{"taxonomy":"product_tag","embeddable":true,"href":"https:\/\/sigletos.gr\/de\/wp-json\/wp\/v2\/product_tag?post=29810"}],"curies":[{"name":"wp","href":"https:\/\/api.w.org\/{rel}","templated":true}]}}