{"id":29824,"date":"2022-08-11T07:36:05","date_gmt":"2022-08-11T05:36:05","guid":{"rendered":"https:\/\/sigletos.gr\/?post_type=product&#038;p=29824"},"modified":"2022-08-11T07:36:05","modified_gmt":"2022-08-11T05:36:05","slug":"%cf%83%ce%b9%ce%b4%ce%b7%cf%81%cf%8c%cf%83%cf%84%ce%bf%ce%ba%ce%bf%cf%82-2-%cf%83%cf%85%cf%83%cf%84%ce%b1%cf%84%ce%b9%ce%ba%cf%8e%ce%bd-plastic-metal","status":"publish","type":"product","link":"https:\/\/sigletos.gr\/de\/produkt\/%cf%83%ce%b9%ce%b4%ce%b7%cf%81%cf%8c%cf%83%cf%84%ce%bf%ce%ba%ce%bf%cf%82-2-%cf%83%cf%85%cf%83%cf%84%ce%b1%cf%84%ce%b9%ce%ba%cf%8e%ce%bd-plastic-metal\/","title":{"rendered":"2-Komponenten-Eisenkitt KUNSTSTOFF METALL"},"content":{"rendered":"<p>VORTEILE<br \/>\n\u2022 Hervorragende Haftung<br \/>\n\u2022 Perfektes Trocknen<br \/>\n\u2022 Leicht zu reiben<br \/>\n\u2022 L\u00e4uft nicht ein<br \/>\n\u2022 Hervorragende Alterungsbest\u00e4ndigkeit<br \/>\n\u2022 Hervorragende Wasserbest\u00e4ndigkeit<br \/>\n\u2022 Hervorragende Best\u00e4ndigkeit gegen L\u00f6sungsmittel, Laugen und S\u00e4uren<br \/>\n\u2022 Hervorragende Temperaturbest\u00e4ndigkeit<br \/>\n\u2022 F\u00fcr den Innen- und Au\u00dfenbereich geeignet<br \/>\nANWENDUNGEN<br \/>\n\u2022 Reparaturen an Metallen, Holz, Kunststoffen, Steinen, Marmor usw.<br \/>\n\u2022 Reparaturen an Autos, Booten, Wagen, H\u00e4usern, Kleinteilen usw.<br \/>\nERTRAG: 1-2 m\u00b2\/Kg<\/p>","protected":false},"excerpt":{"rendered":"<p>PLASTIC METAL ist ein hochwertiger Polyester-Eisenkitt, 2<br \/>\nKomponenten, geeignet zum Schlie\u00dfen gro\u00dfer Hohlr\u00e4ume mit einer einzigen Schicht<br \/>\nEs verf\u00fcgt \u00fcber eine ausgezeichnete Haftung, l\u00e4sst sich perfekt verteilen und sehr leicht reiben.<br \/>\nEs trocknet schnell und gr\u00fcndlich, ohne zu rei\u00dfen, auch wenn<br \/>\nin gro\u00dfen Dicken aufgetragen. Es ist best\u00e4ndig gegen Wasser, Benzin, Laugen,<br \/>\neinige L\u00f6sungen und S\u00e4uren.<\/p>","protected":false},"featured_media":29825,"comment_status":"closed","ping_status":"closed","template":"","meta":[],"product_brand":[],"product_cat":[905,1613],"product_tag":[],"class_list":{"0":"post-29824","1":"product","2":"type-product","3":"status-publish","4":"has-post-thumbnail","6":"product_cat-905","7":"product_cat-1613","8":"pa_brand-mercola","9":"pa_-250gr","10":"pa_-400gr","11":"pa_-800gr","13":"first","14":"instock","15":"taxable","16":"shipping-taxable","17":"purchasable","18":"product-type-variable"},"_links":{"self":[{"href":"https:\/\/sigletos.gr\/de\/wp-json\/wp\/v2\/product\/29824","targetHints":{"allow":["GET"]}}],"collection":[{"href":"https:\/\/sigletos.gr\/de\/wp-json\/wp\/v2\/product"}],"about":[{"href":"https:\/\/sigletos.gr\/de\/wp-json\/wp\/v2\/types\/product"}],"replies":[{"embeddable":true,"href":"https:\/\/sigletos.gr\/de\/wp-json\/wp\/v2\/comments?post=29824"}],"version-history":[{"count":0,"href":"https:\/\/sigletos.gr\/de\/wp-json\/wp\/v2\/product\/29824\/revisions"}],"wp:featuredmedia":[{"embeddable":true,"href":"https:\/\/sigletos.gr\/de\/wp-json\/wp\/v2\/media\/29825"}],"wp:attachment":[{"href":"https:\/\/sigletos.gr\/de\/wp-json\/wp\/v2\/media?parent=29824"}],"wp:term":[{"taxonomy":"product_brand","embeddable":true,"href":"https:\/\/sigletos.gr\/de\/wp-json\/wp\/v2\/product_brand?post=29824"},{"taxonomy":"product_cat","embeddable":true,"href":"https:\/\/sigletos.gr\/de\/wp-json\/wp\/v2\/product_cat?post=29824"},{"taxonomy":"product_tag","embeddable":true,"href":"https:\/\/sigletos.gr\/de\/wp-json\/wp\/v2\/product_tag?post=29824"}],"curies":[{"name":"wp","href":"https:\/\/api.w.org\/{rel}","templated":true}]}}