{"id":29831,"date":"2022-08-11T07:39:36","date_gmt":"2022-08-11T05:39:36","guid":{"rendered":"https:\/\/sigletos.gr\/?post_type=product&#038;p=29831"},"modified":"2022-08-11T07:39:36","modified_gmt":"2022-08-11T05:39:36","slug":"%cf%83%ce%b9%ce%b4%ce%b7%cf%81%cf%8c%cf%83%cf%84%ce%bf%ce%ba%ce%bf%cf%82-%cf%88%ce%b9%ce%bb%cf%8c%cf%82-2-%cf%83%cf%85%cf%83%cf%84%ce%b1%cf%84%ce%b9%ce%ba%cf%8e%ce%bd-%ce%b3%ce%b9%ce%b1-%ce%b3%ce%ad","status":"publish","type":"product","link":"https:\/\/sigletos.gr\/de\/produkt\/%cf%83%ce%b9%ce%b4%ce%b7%cf%81%cf%8c%cf%83%cf%84%ce%bf%ce%ba%ce%bf%cf%82-%cf%88%ce%b9%ce%bb%cf%8c%cf%82-2-%cf%83%cf%85%cf%83%cf%84%ce%b1%cf%84%ce%b9%ce%ba%cf%8e%ce%bd-%ce%b3%ce%b9%ce%b1-%ce%b3%ce%ad\/","title":{"rendered":"2-Komponenten-Eisenspachtelmasse fein zum F\u00fcllen und Gl\u00e4tten von d\u00fcnnen Schichtdicken BESCHREIBUNG PLASTIC METAL FINE"},"content":{"rendered":"<p>VORTEILE<br \/>\n\u2022 Hervorragende Haftung<br \/>\n\u2022 Perfektes Trocknen<br \/>\n\u2022 Leicht zu reiben<br \/>\n\u2022 L\u00e4uft nicht ein<br \/>\n\u2022 Hervorragende Alterungsbest\u00e4ndigkeit<br \/>\n\u2022 Hervorragende Wasserbest\u00e4ndigkeit<br \/>\n\u2022 Hervorragende Best\u00e4ndigkeit gegen L\u00f6sungsmittel, Laugen und S\u00e4uren<br \/>\n\u2022 Hervorragende Temperaturbest\u00e4ndigkeit<br \/>\n\u2022 F\u00fcr den Innen- und Au\u00dfenbereich geeignet<br \/>\nANWENDUNGEN<br \/>\n\u2022 Reparaturen an allen Metalloberfl\u00e4chen (blank, verzinkt,<br \/>\nEdelstahl, Aluminium, Blech), Polyesteroberfl\u00e4chen,<br \/>\nKunststoffsto\u00dff\u00e4nger (au\u00dfer PE), Holzoberfl\u00e4chen,<br \/>\nMurmeln usw.<br \/>\n\u2022 Reparaturen an Autos, Booten, Wagen, H\u00e4usern usw.<br \/>\nERTRAG: 1-2 m\u00b2\/Kg<\/p>","protected":false},"excerpt":{"rendered":"<p>PLASTIC METAL FINE ist ein hochwertiger feiner, wei\u00dfer, mehrschichtiger<br \/>\nsterischer Eisenspachtel, 2-komponentig, geeignet zum F\u00fcllen - Ausarbeiten<br \/>\nvon geringer Dicke. Es hat eine ausgezeichnete Haftung, perfekte Ausbreitung und sehr einfach<br \/>\nReiben. Es trocknet schnell, ohne zu rei\u00dfen und erzeugt eine glatte<br \/>\nOberfl\u00e4che, ohne Poren, geeignet zum Auftragen eines Substrats. Es hat<br \/>\nBest\u00e4ndigkeit gegen Wasser, Benzin, Laugen und S\u00e4uren.<\/p>","protected":false},"featured_media":29832,"comment_status":"closed","ping_status":"closed","template":"","meta":[],"product_brand":[],"product_cat":[905,1613],"product_tag":[],"class_list":{"0":"post-29831","1":"product","2":"type-product","3":"status-publish","4":"has-post-thumbnail","6":"product_cat-905","7":"product_cat-1613","8":"pa_brand-mercola","9":"pa_-400gr","10":"pa_-800gr","12":"first","13":"instock","14":"taxable","15":"shipping-taxable","16":"purchasable","17":"product-type-variable"},"_links":{"self":[{"href":"https:\/\/sigletos.gr\/de\/wp-json\/wp\/v2\/product\/29831","targetHints":{"allow":["GET"]}}],"collection":[{"href":"https:\/\/sigletos.gr\/de\/wp-json\/wp\/v2\/product"}],"about":[{"href":"https:\/\/sigletos.gr\/de\/wp-json\/wp\/v2\/types\/product"}],"replies":[{"embeddable":true,"href":"https:\/\/sigletos.gr\/de\/wp-json\/wp\/v2\/comments?post=29831"}],"version-history":[{"count":0,"href":"https:\/\/sigletos.gr\/de\/wp-json\/wp\/v2\/product\/29831\/revisions"}],"wp:featuredmedia":[{"embeddable":true,"href":"https:\/\/sigletos.gr\/de\/wp-json\/wp\/v2\/media\/29832"}],"wp:attachment":[{"href":"https:\/\/sigletos.gr\/de\/wp-json\/wp\/v2\/media?parent=29831"}],"wp:term":[{"taxonomy":"product_brand","embeddable":true,"href":"https:\/\/sigletos.gr\/de\/wp-json\/wp\/v2\/product_brand?post=29831"},{"taxonomy":"product_cat","embeddable":true,"href":"https:\/\/sigletos.gr\/de\/wp-json\/wp\/v2\/product_cat?post=29831"},{"taxonomy":"product_tag","embeddable":true,"href":"https:\/\/sigletos.gr\/de\/wp-json\/wp\/v2\/product_tag?post=29831"}],"curies":[{"name":"wp","href":"https:\/\/api.w.org\/{rel}","templated":true}]}}