{"id":29838,"date":"2022-08-11T07:46:29","date_gmt":"2022-08-11T05:46:29","guid":{"rendered":"https:\/\/sigletos.gr\/?post_type=product&#038;p=29838"},"modified":"2022-08-11T07:46:30","modified_gmt":"2022-08-11T05:46:30","slug":"%cf%83%ce%b9%ce%b4%ce%b7%cf%81%cf%8c%cf%83%cf%84%ce%bf%ce%ba%ce%bf%cf%82-%ce%bc%ce%b5-%ce%af%ce%bd%ce%b5%cf%82-%ce%b3%cf%85%ce%b1%ce%bb%ce%b9%ce%bf%cf%8d-2-%cf%83%cf%85%cf%83%cf%84%ce%b1%cf%84%ce%b9","status":"publish","type":"product","link":"https:\/\/sigletos.gr\/de\/produkt\/%cf%83%ce%b9%ce%b4%ce%b7%cf%81%cf%8c%cf%83%cf%84%ce%bf%ce%ba%ce%bf%cf%82-%ce%bc%ce%b5-%ce%af%ce%bd%ce%b5%cf%82-%ce%b3%cf%85%ce%b1%ce%bb%ce%b9%ce%bf%cf%8d-2-%cf%83%cf%85%cf%83%cf%84%ce%b1%cf%84%ce%b9\/","title":{"rendered":"2-Komponenten Glasfaserverst\u00e4rkter Spachtel MULTI FILLER"},"content":{"rendered":"<p>VORTEILE<br \/>\n\u2022 Hervorragende Haftung<br \/>\n\u2022 Perfektes Trocknen<br \/>\n\u2022 Leicht zu reiben<br \/>\n\u2022 L\u00e4uft nicht ein<br \/>\n\u2022 Hervorragende Alterungsbest\u00e4ndigkeit<br \/>\n\u2022 Hervorragende Wasserbest\u00e4ndigkeit<br \/>\n\u2022 Hervorragende Best\u00e4ndigkeit gegen L\u00f6sungsmittel, Laugen und S\u00e4uren<br \/>\n\u2022 Hervorragende Temperaturbest\u00e4ndigkeit<br \/>\n\u2022 F\u00fcr den Innen- und Au\u00dfenbereich geeignet<br \/>\nANWENDUNGEN<br \/>\n\u2022 Reparaturen an Metallen, Holz, Kunststoffen, Steinen, Marmor usw.<br \/>\n\u2022 Reparaturen an Autos, Booten, Wagen, H\u00e4usern, Kleinteilen usw.<br \/>\nERTRAG: 1-2 m\u00b2\/Kg<\/p>\n<p>*im Preis ist der KATALYSATOR enthalten<br \/>\nMULTI<\/p>","protected":false},"excerpt":{"rendered":"<p>MULTI FILLER ist ein hochwertiger Polyesterspachtel, 2 Komponenten<br \/>\nMaterialien, verst\u00e4rkt mit Glasfasern, geeignet zum Verschlie\u00dfen gro\u00dfer<br \/>\nHohlr\u00e4ume mit einer Schicht. Es hat eine ausgezeichnete Haftung und reibt<br \/>\nleicht. Es trocknet schnell und gr\u00fcndlich, ohne zu rei\u00dfen, auch<br \/>\nund bei Auftragung in gro\u00dfen Dicken. Es ist best\u00e4ndig gegen Wasser, Benzin,<br \/>\nLaugen und S\u00e4uren.<\/p>","protected":false},"featured_media":29839,"comment_status":"closed","ping_status":"closed","template":"","meta":[],"product_brand":[],"product_cat":[905,1613],"product_tag":[],"class_list":{"0":"post-29838","1":"product","2":"type-product","3":"status-publish","4":"has-post-thumbnail","6":"product_cat-905","7":"product_cat-1613","8":"pa_brand-mercola","9":"pa_-250gr","10":"pa_-800gr","12":"first","13":"instock","14":"taxable","15":"shipping-taxable","16":"purchasable","17":"product-type-variable"},"_links":{"self":[{"href":"https:\/\/sigletos.gr\/de\/wp-json\/wp\/v2\/product\/29838","targetHints":{"allow":["GET"]}}],"collection":[{"href":"https:\/\/sigletos.gr\/de\/wp-json\/wp\/v2\/product"}],"about":[{"href":"https:\/\/sigletos.gr\/de\/wp-json\/wp\/v2\/types\/product"}],"replies":[{"embeddable":true,"href":"https:\/\/sigletos.gr\/de\/wp-json\/wp\/v2\/comments?post=29838"}],"version-history":[{"count":0,"href":"https:\/\/sigletos.gr\/de\/wp-json\/wp\/v2\/product\/29838\/revisions"}],"wp:featuredmedia":[{"embeddable":true,"href":"https:\/\/sigletos.gr\/de\/wp-json\/wp\/v2\/media\/29839"}],"wp:attachment":[{"href":"https:\/\/sigletos.gr\/de\/wp-json\/wp\/v2\/media?parent=29838"}],"wp:term":[{"taxonomy":"product_brand","embeddable":true,"href":"https:\/\/sigletos.gr\/de\/wp-json\/wp\/v2\/product_brand?post=29838"},{"taxonomy":"product_cat","embeddable":true,"href":"https:\/\/sigletos.gr\/de\/wp-json\/wp\/v2\/product_cat?post=29838"},{"taxonomy":"product_tag","embeddable":true,"href":"https:\/\/sigletos.gr\/de\/wp-json\/wp\/v2\/product_tag?post=29838"}],"curies":[{"name":"wp","href":"https:\/\/api.w.org\/{rel}","templated":true}]}}