{"id":29853,"date":"2022-08-11T08:03:46","date_gmt":"2022-08-11T06:03:46","guid":{"rendered":"https:\/\/sigletos.gr\/?post_type=product&#038;p=29853"},"modified":"2023-10-06T10:16:53","modified_gmt":"2023-10-06T07:16:53","slug":"%cf%80%ce%bf%ce%bb%cf%85%ce%b5%cf%83%cf%84%ce%b5%cf%81%ce%b9%ce%ba%ce%ae-%ce%ba%cf%8c%ce%bb%ce%bb%ce%b1-%cf%83%cf%84%cf%8c%ce%ba%ce%bf%cf%82-%ce%bc%ce%b1%cf%81%ce%bc%ce%ac%cf%81%cf%89%ce%bd","status":"publish","type":"product","link":"https:\/\/sigletos.gr\/de\/produkt\/%cf%80%ce%bf%ce%bb%cf%85%ce%b5%cf%83%cf%84%ce%b5%cf%81%ce%b9%ce%ba%ce%ae-%ce%ba%cf%8c%ce%bb%ce%bb%ce%b1-%cf%83%cf%84%cf%8c%ce%ba%ce%bf%cf%82-%ce%bc%ce%b1%cf%81%ce%bc%ce%ac%cf%81%cf%89%ce%bd\/","title":{"rendered":"Polyesterkleber \u2013 Kitt f\u00fcr Marmor &amp; Granit MARMOBOND"},"content":{"rendered":"<p>VORTEILE<br \/>\n\u2022 Hervorragende Haftung auf den meisten Geb\u00e4udeoberfl\u00e4chen<br \/>\n\u2022 Schwei\u00dfgeschwindigkeit<br \/>\n\u2022 Zufriedenstellende offene Zeit<br \/>\n\u2022 Hervorragende Alterungsbest\u00e4ndigkeit \u2022 Hervorragende Temperaturbest\u00e4ndigkeit<br \/>\n\u2022 F\u00fcr den Innen- und Au\u00dfenbereich geeignet<br \/>\nANWENDUNGEN<br \/>\n\u2022 Kleben, Verfugen und Verfugen von wei\u00dfem und farbigem Marmor,<br \/>\nGranit, Keramik, Natur- oder Kunststeine in horizontaler und vertikaler Ausf\u00fchrung<br \/>\nGeb\u00e4udeoberfl\u00e4chen<br \/>\nERGIEBIGKEIT: 1\u20132 m2\/kg auf glatten Oberfl\u00e4chen.<\/p>","protected":false},"excerpt":{"rendered":"<p>MARMOBOND ist ein Polyester-Viskoskleber \u2013 Marmorkitt,<br \/>\n2-komponentig, neue chemische Zusammensetzung, geeignet zum Kleben, Verfugen,<br \/>\nReparatur und Verputzen von horizontalen und vertikalen Fl\u00e4chen, Innen<br \/>\nund Au\u00dfenanwendungen. Es eignet sich f\u00fcr wei\u00dfen und farbigen Marmor,<br \/>\nGranite, Keramik, Natur- oder Kunststeine usw. Es bietet hervorragende Festigkeit-<br \/>\nnicht klebend, schnelltrocknend (5-8 Minuten), kein Einlaufen.<\/p>","protected":false},"featured_media":29854,"comment_status":"closed","ping_status":"closed","template":"","meta":[],"product_brand":[],"product_cat":[905,1623],"product_tag":[],"class_list":{"0":"post-29853","1":"product","2":"type-product","3":"status-publish","4":"has-post-thumbnail","6":"product_cat-905","7":"product_cat-1623","8":"pa_brand-mercola","9":"pa_--1kg","10":"pa_--200gr","11":"pa_--500gr","15":"first","16":"instock","17":"taxable","18":"shipping-taxable","19":"purchasable","20":"product-type-variable"},"_links":{"self":[{"href":"https:\/\/sigletos.gr\/de\/wp-json\/wp\/v2\/product\/29853","targetHints":{"allow":["GET"]}}],"collection":[{"href":"https:\/\/sigletos.gr\/de\/wp-json\/wp\/v2\/product"}],"about":[{"href":"https:\/\/sigletos.gr\/de\/wp-json\/wp\/v2\/types\/product"}],"replies":[{"embeddable":true,"href":"https:\/\/sigletos.gr\/de\/wp-json\/wp\/v2\/comments?post=29853"}],"version-history":[{"count":0,"href":"https:\/\/sigletos.gr\/de\/wp-json\/wp\/v2\/product\/29853\/revisions"}],"wp:featuredmedia":[{"embeddable":true,"href":"https:\/\/sigletos.gr\/de\/wp-json\/wp\/v2\/media\/29854"}],"wp:attachment":[{"href":"https:\/\/sigletos.gr\/de\/wp-json\/wp\/v2\/media?parent=29853"}],"wp:term":[{"taxonomy":"product_brand","embeddable":true,"href":"https:\/\/sigletos.gr\/de\/wp-json\/wp\/v2\/product_brand?post=29853"},{"taxonomy":"product_cat","embeddable":true,"href":"https:\/\/sigletos.gr\/de\/wp-json\/wp\/v2\/product_cat?post=29853"},{"taxonomy":"product_tag","embeddable":true,"href":"https:\/\/sigletos.gr\/de\/wp-json\/wp\/v2\/product_tag?post=29853"}],"curies":[{"name":"wp","href":"https:\/\/api.w.org\/{rel}","templated":true}]}}