{"id":29867,"date":"2022-08-11T08:12:30","date_gmt":"2022-08-11T06:12:30","guid":{"rendered":"https:\/\/sigletos.gr\/?post_type=product&#038;p=29867"},"modified":"2022-08-11T08:13:41","modified_gmt":"2022-08-11T06:13:41","slug":"%cf%85%ce%b1%ce%bb%ce%bf%ce%b0%cf%86%ce%b1%cf%83%ce%bc%ce%b1-%ce%ba%ce%b1%cf%84%ce%ac%ce%bb%ce%bb%ce%b7%ce%bb%ce%bf-%ce%b3%ce%b9%ce%b1-%ce%ba%ce%b1%cf%84%ce%b1%cf%83%ce%ba%ce%b5%cf%85%ce%ad%cf%82-amp","status":"publish","type":"product","link":"https:\/\/sigletos.gr\/de\/produkt\/%cf%85%ce%b1%ce%bb%ce%bf%ce%b0%cf%86%ce%b1%cf%83%ce%bc%ce%b1-%ce%ba%ce%b1%cf%84%ce%ac%ce%bb%ce%bb%ce%b7%ce%bb%ce%bf-%ce%b3%ce%b9%ce%b1-%ce%ba%ce%b1%cf%84%ce%b1%cf%83%ce%ba%ce%b5%cf%85%ce%ad%cf%82-amp\/","title":{"rendered":"Fiberglas geeignet f\u00fcr Bau und Reparaturen"},"content":{"rendered":"<p>VORTEILE<br \/>\n\u2022 Gleichm\u00e4\u00dfig und gleichm\u00e4\u00dfig verteilte Glasfasern leicht<br \/>\nformbar, die die Steigungen und Formen annehmen<br \/>\njede Oberfl\u00e4che, ohne L\u00fccken zu hinterlassen.<br \/>\n\u2022 Einfache, effektive und tiefe Impr\u00e4gnierung der Glasfaser<br \/>\nmit CONSTRUCT-Polyester, dank seiner korb\u00e4hnlichen Form.<br \/>\n\u2022 Die spezielle Ausrichtung der Fasern macht sie widerstandsf\u00e4hig gegen Kr\u00e4fte<br \/>\naus jeder Richtung angewendet.<br \/>\nANWENDUNGEN<br \/>\n\u2022 Bau und Reparatur von Wasserfahrzeugen (Boote, Schlauchboote, Segelboote usw.)<br \/>\n\u2022 Bau verschiedener Artefakte nach vorheriger Konstruktion<br \/>\nverwandter Schimmel<br \/>\n\u2022 Reparaturen aller Arten von Oberfl\u00e4chen wie Polyester, Holz,<br \/>\nMetall usw.<br \/>\n\u2022 Verst\u00e4rkung verschiedener Strukturen<\/p>","protected":false},"excerpt":{"rendered":"<p>Fiberglas von hervorragender Qualit\u00e4t, geeignet f\u00fcr Bau und Reparaturen<br \/>\nauf Booten und Yachten sowie f\u00fcr Reparaturen an Polyester-, Holz- und<br \/>\nMetallkonstruktionen usw. Es handelt sich um einen speziellen Vliesstoff aus<br \/>\naus feinen Glasfasern, die durch eine spezielle<br \/>\nKleber, wodurch eine durchgehende, ebene Fl\u00e4che in Form einer Matte entsteht.<\/p>","protected":false},"featured_media":29868,"comment_status":"closed","ping_status":"closed","template":"","meta":[],"product_brand":[],"product_cat":[905],"product_tag":[],"class_list":{"0":"post-29867","1":"product","2":"type-product","3":"status-publish","4":"has-post-thumbnail","6":"product_cat-905","7":"pa_-1-m2","8":"pa_--10-m2","10":"first","11":"instock","12":"taxable","13":"shipping-taxable","14":"purchasable","15":"product-type-variable"},"_links":{"self":[{"href":"https:\/\/sigletos.gr\/de\/wp-json\/wp\/v2\/product\/29867","targetHints":{"allow":["GET"]}}],"collection":[{"href":"https:\/\/sigletos.gr\/de\/wp-json\/wp\/v2\/product"}],"about":[{"href":"https:\/\/sigletos.gr\/de\/wp-json\/wp\/v2\/types\/product"}],"replies":[{"embeddable":true,"href":"https:\/\/sigletos.gr\/de\/wp-json\/wp\/v2\/comments?post=29867"}],"version-history":[{"count":0,"href":"https:\/\/sigletos.gr\/de\/wp-json\/wp\/v2\/product\/29867\/revisions"}],"wp:featuredmedia":[{"embeddable":true,"href":"https:\/\/sigletos.gr\/de\/wp-json\/wp\/v2\/media\/29868"}],"wp:attachment":[{"href":"https:\/\/sigletos.gr\/de\/wp-json\/wp\/v2\/media?parent=29867"}],"wp:term":[{"taxonomy":"product_brand","embeddable":true,"href":"https:\/\/sigletos.gr\/de\/wp-json\/wp\/v2\/product_brand?post=29867"},{"taxonomy":"product_cat","embeddable":true,"href":"https:\/\/sigletos.gr\/de\/wp-json\/wp\/v2\/product_cat?post=29867"},{"taxonomy":"product_tag","embeddable":true,"href":"https:\/\/sigletos.gr\/de\/wp-json\/wp\/v2\/product_tag?post=29867"}],"curies":[{"name":"wp","href":"https:\/\/api.w.org\/{rel}","templated":true}]}}