{"id":29883,"date":"2022-08-11T08:31:49","date_gmt":"2022-08-11T06:31:49","guid":{"rendered":"https:\/\/sigletos.gr\/?post_type=product&#038;p=29883"},"modified":"2022-08-11T08:31:49","modified_gmt":"2022-08-11T06:31:49","slug":"%ce%b1%cf%83%cf%84%ce%ac%cf%81%ce%b9-%cf%80%cf%81%ce%bf%ce%b5%cf%81%ce%b3%ce%b1%cf%83%ce%af%ce%b1%cf%82-%ce%b3%ce%b9%ce%b1-%cf%83%cf%89%ce%bb%ce%ae%ce%bd%ce%b5%cf%82-pvc-cpvc-upvc-%cf%80%cf%81%ce%b9","status":"publish","type":"product","link":"https:\/\/sigletos.gr\/de\/produkt\/%ce%b1%cf%83%cf%84%ce%ac%cf%81%ce%b9-%cf%80%cf%81%ce%bf%ce%b5%cf%81%ce%b3%ce%b1%cf%83%ce%af%ce%b1%cf%82-%ce%b3%ce%b9%ce%b1-%cf%83%cf%89%ce%bb%ce%ae%ce%bd%ce%b5%cf%82-pvc-cpvc-upvc-%cf%80%cf%81%ce%b9\/","title":{"rendered":"Vorbehandlungsgrundierung f\u00fcr PVC-, CPVC- und UPVC-Rohre vor dem Schwei\u00dfen PVC-GRUNDIERUNG"},"content":{"rendered":"<p>VORTEILE<br \/>\n\u2022 Entfetten und Reinigen<br \/>\n\u2022 Hohe Durchdringung<br \/>\n\u2022 Sorgt f\u00fcr starke Haftung<br \/>\n\u2022 Schnelltrocknend<br \/>\nANWENDUNGEN<br \/>\n\u2022 Reinigen und Vorbereiten von PVC-Rohren zum Schwei\u00dfen<br \/>\nhohe Anspr\u00fcche<br \/>\n\u2022 Verd\u00fcnnung von PVC-Kleber ohne Beeintr\u00e4chtigung seiner Klebef\u00e4higkeit<br \/>\nLeistung<br \/>\n\u2022 L\u00f6sen festsitzender PVC-Rohre durch Impr\u00e4gnieren<br \/>\ngeklebte Oberfl\u00e4che<\/p>","protected":false},"excerpt":{"rendered":"<p>PVC PRIMER ist ein speziell entwickelter Reiniger f\u00fcr Rohre.<br \/>\nPVC. Bietet hervorragende Reinigung von \u00d6len, Fetten und Staub<br \/>\nin PVC-Rohren. Verursacht leichte Oberfl\u00e4chenkorrosion, entfernt<br \/>\nReduzierung des Glanzes der Rohre, wodurch der Kleber eindringen kann<br \/>\nbesser in die Poren eindringen und so eine bessere Haftung erzielen.<\/p>","protected":false},"featured_media":29884,"comment_status":"closed","ping_status":"closed","template":"","meta":[],"product_brand":[],"product_cat":[905,1606],"product_tag":[],"class_list":{"0":"post-29883","1":"product","2":"type-product","3":"status-publish","4":"has-post-thumbnail","6":"product_cat-905","7":"product_cat-1606","8":"pa_brand-mercola","9":"pa_-500ml","11":"first","12":"instock","13":"taxable","14":"shipping-taxable","15":"purchasable","16":"product-type-simple"},"_links":{"self":[{"href":"https:\/\/sigletos.gr\/de\/wp-json\/wp\/v2\/product\/29883","targetHints":{"allow":["GET"]}}],"collection":[{"href":"https:\/\/sigletos.gr\/de\/wp-json\/wp\/v2\/product"}],"about":[{"href":"https:\/\/sigletos.gr\/de\/wp-json\/wp\/v2\/types\/product"}],"replies":[{"embeddable":true,"href":"https:\/\/sigletos.gr\/de\/wp-json\/wp\/v2\/comments?post=29883"}],"version-history":[{"count":0,"href":"https:\/\/sigletos.gr\/de\/wp-json\/wp\/v2\/product\/29883\/revisions"}],"wp:featuredmedia":[{"embeddable":true,"href":"https:\/\/sigletos.gr\/de\/wp-json\/wp\/v2\/media\/29884"}],"wp:attachment":[{"href":"https:\/\/sigletos.gr\/de\/wp-json\/wp\/v2\/media?parent=29883"}],"wp:term":[{"taxonomy":"product_brand","embeddable":true,"href":"https:\/\/sigletos.gr\/de\/wp-json\/wp\/v2\/product_brand?post=29883"},{"taxonomy":"product_cat","embeddable":true,"href":"https:\/\/sigletos.gr\/de\/wp-json\/wp\/v2\/product_cat?post=29883"},{"taxonomy":"product_tag","embeddable":true,"href":"https:\/\/sigletos.gr\/de\/wp-json\/wp\/v2\/product_tag?post=29883"}],"curies":[{"name":"wp","href":"https:\/\/api.w.org\/{rel}","templated":true}]}}