{"id":29895,"date":"2022-08-11T08:52:09","date_gmt":"2022-08-11T06:52:09","guid":{"rendered":"https:\/\/sigletos.gr\/?post_type=product&#038;p=29895"},"modified":"2022-08-11T08:52:55","modified_gmt":"2022-08-11T06:52:55","slug":"%ce%ba%cf%8c%ce%bb%ce%bb%ce%b1-%ce%b5%cf%80%ce%b9%cf%83%ce%ba%ce%b5%cf%85%ce%ae%cf%82-%cf%85%cf%80%ce%bf%cf%83%cf%84%cf%81%cf%8e%ce%bc%ce%b1%cf%84%ce%bf%cf%82-%cf%87%ce%b1%ce%bb%ce%b9%cf%8e%ce%bd-carp","status":"publish","type":"product","link":"https:\/\/sigletos.gr\/de\/produkt\/%ce%ba%cf%8c%ce%bb%ce%bb%ce%b1-%ce%b5%cf%80%ce%b9%cf%83%ce%ba%ce%b5%cf%85%ce%ae%cf%82-%cf%85%cf%80%ce%bf%cf%83%cf%84%cf%81%cf%8e%ce%bc%ce%b1%cf%84%ce%bf%cf%82-%cf%87%ce%b1%ce%bb%ce%b9%cf%8e%ce%bd-carp\/","title":{"rendered":"CARPET FIX Teppichunterlagen-Reparaturkleber"},"content":{"rendered":"<p>VORTEILE<br \/>\n\u2022 Verl\u00e4ngert die Lebensdauer von Teppichen<br \/>\n\u2022 Bildet eine wasserdichte Barriere zwischen Teppich und Boden<br \/>\n\u2022 Hinterl\u00e4sst keine R\u00fcckst\u00e4nde und Staub auf B\u00f6den<br \/>\n\u2022 Verhindert das Verrutschen von Teppichen<br \/>\n\u2022 Transparent nach dem Trocknen<br \/>\nANWENDUNGEN<br \/>\n\u2022 CARPET FIX ist geeignet f\u00fcr Industrieteppiche und<br \/>\nTeppiche, deren alte R\u00fcckseite abgenutzt ist.<br \/>\nERTRAG: 3 \u2013 4 m2\/Kg<\/p>","protected":false},"excerpt":{"rendered":"<p>CARPET FIX ist ein wasserl\u00f6slicher Kleber auf Acrylbasis in Form von<br \/>\nPaste zur Reparatur von Teppich- und Polsteruntergr\u00fcnden<br \/>\nEs schafft einen neuen Untergrund auf abgenutzten Teppichen und L\u00e4ufern.<br \/>\nSch\u00fctzt Teppiche vor dem Ausfransen, st\u00e4rkt N\u00e4hte, F\u00e4den und<br \/>\nWeben. Es entfernt Staub vom alten, geschliffenen Untergrund. Es hilft dem<br \/>\nTeppiche und L\u00e4ufer erhalten ihre Form. Die neue Unterlage macht die<br \/>\nTeppiche, die besonders rutschfest sind.<\/p>","protected":false},"featured_media":29896,"comment_status":"closed","ping_status":"closed","template":"","meta":[],"product_brand":[],"product_cat":[905,1623],"product_tag":[],"class_list":{"0":"post-29895","1":"product","2":"type-product","3":"status-publish","4":"has-post-thumbnail","6":"product_cat-905","7":"product_cat-1623","8":"pa_brand-mercola","9":"pa_-1kg","10":"pa_-5kg","12":"first","13":"instock","14":"taxable","15":"shipping-taxable","16":"purchasable","17":"product-type-variable"},"_links":{"self":[{"href":"https:\/\/sigletos.gr\/de\/wp-json\/wp\/v2\/product\/29895","targetHints":{"allow":["GET"]}}],"collection":[{"href":"https:\/\/sigletos.gr\/de\/wp-json\/wp\/v2\/product"}],"about":[{"href":"https:\/\/sigletos.gr\/de\/wp-json\/wp\/v2\/types\/product"}],"replies":[{"embeddable":true,"href":"https:\/\/sigletos.gr\/de\/wp-json\/wp\/v2\/comments?post=29895"}],"version-history":[{"count":0,"href":"https:\/\/sigletos.gr\/de\/wp-json\/wp\/v2\/product\/29895\/revisions"}],"wp:featuredmedia":[{"embeddable":true,"href":"https:\/\/sigletos.gr\/de\/wp-json\/wp\/v2\/media\/29896"}],"wp:attachment":[{"href":"https:\/\/sigletos.gr\/de\/wp-json\/wp\/v2\/media?parent=29895"}],"wp:term":[{"taxonomy":"product_brand","embeddable":true,"href":"https:\/\/sigletos.gr\/de\/wp-json\/wp\/v2\/product_brand?post=29895"},{"taxonomy":"product_cat","embeddable":true,"href":"https:\/\/sigletos.gr\/de\/wp-json\/wp\/v2\/product_cat?post=29895"},{"taxonomy":"product_tag","embeddable":true,"href":"https:\/\/sigletos.gr\/de\/wp-json\/wp\/v2\/product_tag?post=29895"}],"curies":[{"name":"wp","href":"https:\/\/api.w.org\/{rel}","templated":true}]}}