{"id":29905,"date":"2022-08-11T09:09:10","date_gmt":"2022-08-11T07:09:10","guid":{"rendered":"https:\/\/sigletos.gr\/?post_type=product&#038;p=29905"},"modified":"2023-10-09T10:46:48","modified_gmt":"2023-10-09T07:46:48","slug":"%ce%ba%cf%85%ce%b1%ce%bd%ce%bf%ce%b1%ce%ba%cf%81%cf%85%ce%bb%ce%b9%ce%ba%ce%ae-%ce%ba%cf%8c%ce%bb%ce%bb%ce%b1-%cf%83%cf%84%ce%b9%ce%b3%ce%bc%ce%ae%cf%82-%ce%b3%ce%b5%ce%bd%ce%b9%ce%ba%ce%ae%cf%82","status":"publish","type":"product","link":"https:\/\/sigletos.gr\/de\/produkt\/%ce%ba%cf%85%ce%b1%ce%bd%ce%bf%ce%b1%ce%ba%cf%81%cf%85%ce%bb%ce%b9%ce%ba%ce%ae-%ce%ba%cf%8c%ce%bb%ce%bb%ce%b1-%cf%83%cf%84%ce%b9%ce%b3%ce%bc%ce%ae%cf%82-%ce%b3%ce%b5%ce%bd%ce%b9%ce%ba%ce%ae%cf%82\/","title":{"rendered":"Cyanacrylat-Klebstoff f\u00fcr den allgemeinen Gebrauch SUPERKLEBER"},"content":{"rendered":"<p>VORTEILE<br \/>\n\u2022 Verklebt eine Vielzahl von Materialien<br \/>\n\u2022 Extrem schnelles Schwei\u00dfen<br \/>\n\u2022 Starke Schwei\u00dfn\u00e4hte<br \/>\n\u2022 Einfache Anwendung<br \/>\nANWENDUNGEN<br \/>\n\u2022 Allgemeines Kunststoffschwei\u00dfen, Schwei\u00dfen von Schildern auf<br \/>\nZubeh\u00f6r, Buchbinderei, Nahtveredelung, Schwei\u00dfen<br \/>\n\u2022 Klebt eine Vielzahl anderer Materialien wie Metalle, Karton,<br \/>\nHolz, Leder, Gummi, Porzellan usw.<br \/>\n\u2022 Empfohlen f\u00fcr den Einsatz an Schwei\u00dfn\u00e4hten mit kleinen L\u00fccken und relativ glatten Oberfl\u00e4chen<br \/>\nglatte Oberfl\u00e4chen<br \/>\n\u2022 Ideal f\u00fcr Reparaturen, Hobby und Heimwerken<\/p>","protected":false},"excerpt":{"rendered":"<p>SUPER GLUE ist ein Cyanacrylat-Klebstoff mittlerer bis niedriger Viskosit\u00e4t.<br \/>\nsofort, universell einsetzbar. Klebt sofort Metalle, Kunststoffe, Gummi, Keramik<br \/>\nund vieles mehr. Die Schwei\u00dfzeit h\u00e4ngt von der Art des<br \/>\nMaterialien, aber in den meisten F\u00e4llen betr\u00e4gt diese Zeit 3 -15<br \/>\nSekunden<\/p>","protected":false},"featured_media":29906,"comment_status":"closed","ping_status":"closed","template":"","meta":[],"product_brand":[],"product_cat":[905,1623],"product_tag":[],"class_list":{"0":"post-29905","1":"product","2":"type-product","3":"status-publish","4":"has-post-thumbnail","6":"product_cat-905","7":"product_cat-1623","8":"pa_brand-mercola","9":"pa_-20gr","10":"pa_-2x3gr-blister","11":"pa_-8x3gr-blister","13":"first","14":"instock","15":"taxable","16":"shipping-taxable","17":"purchasable","18":"product-type-variable"},"_links":{"self":[{"href":"https:\/\/sigletos.gr\/de\/wp-json\/wp\/v2\/product\/29905","targetHints":{"allow":["GET"]}}],"collection":[{"href":"https:\/\/sigletos.gr\/de\/wp-json\/wp\/v2\/product"}],"about":[{"href":"https:\/\/sigletos.gr\/de\/wp-json\/wp\/v2\/types\/product"}],"replies":[{"embeddable":true,"href":"https:\/\/sigletos.gr\/de\/wp-json\/wp\/v2\/comments?post=29905"}],"version-history":[{"count":0,"href":"https:\/\/sigletos.gr\/de\/wp-json\/wp\/v2\/product\/29905\/revisions"}],"wp:featuredmedia":[{"embeddable":true,"href":"https:\/\/sigletos.gr\/de\/wp-json\/wp\/v2\/media\/29906"}],"wp:attachment":[{"href":"https:\/\/sigletos.gr\/de\/wp-json\/wp\/v2\/media?parent=29905"}],"wp:term":[{"taxonomy":"product_brand","embeddable":true,"href":"https:\/\/sigletos.gr\/de\/wp-json\/wp\/v2\/product_brand?post=29905"},{"taxonomy":"product_cat","embeddable":true,"href":"https:\/\/sigletos.gr\/de\/wp-json\/wp\/v2\/product_cat?post=29905"},{"taxonomy":"product_tag","embeddable":true,"href":"https:\/\/sigletos.gr\/de\/wp-json\/wp\/v2\/product_tag?post=29905"}],"curies":[{"name":"wp","href":"https:\/\/api.w.org\/{rel}","templated":true}]}}