{"id":29930,"date":"2022-08-11T09:57:07","date_gmt":"2022-08-11T07:57:07","guid":{"rendered":"https:\/\/sigletos.gr\/?post_type=product&#038;p=29930"},"modified":"2023-10-09T10:43:35","modified_gmt":"2023-10-09T07:43:35","slug":"%ce%ba%cf%8c%ce%bb%ce%bb%ce%b1-%cf%83%cf%84%ce%b5%cf%81%ce%ad%cf%89%cf%83%ce%b7%cf%82-%ce%ba%ce%b1%ce%b8%cf%81%ce%b5%cf%86%cf%84%cf%8e%ce%bd-%ce%bcs-polymer-super-mirror","status":"publish","type":"product","link":"https:\/\/sigletos.gr\/de\/produkt\/%ce%ba%cf%8c%ce%bb%ce%bb%ce%b1-%cf%83%cf%84%ce%b5%cf%81%ce%ad%cf%89%cf%83%ce%b7%cf%82-%ce%ba%ce%b1%ce%b8%cf%81%ce%b5%cf%86%cf%84%cf%8e%ce%bd-%ce%bcs-polymer-super-mirror\/","title":{"rendered":"Spiegelbefestigungskleber MS-Polymer SUPER MIRROR"},"content":{"rendered":"<p>VORTEILE<br \/>\n\u2022 Sehr hohe Klebkraft auf fast allen Oberfl\u00e4chen<br \/>\n\u2022 Hervorragende Haftung auf por\u00f6sen und nicht por\u00f6sen Oberfl\u00e4chen<br \/>\n\u2022 Hohe Anforderungen an die mechanischen Eigenschaften<br \/>\n\u2022 Elastische Bindung mit Beweglichkeit bis zu 20%<br \/>\n\u2022 Es entstehen keine Blasen (bei hohen Temperaturen und in<br \/>\nFeuchtigkeit)<br \/>\n\u2022 Gute Verarbeitbarkeit auch bei niedrigen Temperaturen<br \/>\n\u2022 Enth\u00e4lt keine Isocyanate, L\u00f6sungsmittel und S\u00e4uren<br \/>\n\u2022 Hinterl\u00e4sst keine Flecken auf por\u00f6sen Oberfl\u00e4chen wie Natursteinen, Granit,<br \/>\nMurmeln usw.<br \/>\n\u2022 Einfache Anwendung und Endkonfiguration<br \/>\nANWENDUNGEN<br \/>\n\u2022 Installationen \u2013 Schwei\u00dfen von Spiegeln auf por\u00f6sen und nicht por\u00f6sen Oberfl\u00e4chen<br \/>\npor\u00f6se Bauoberfl\u00e4chen wie Keramikfliesen, Holz,<br \/>\nZement, Stein, Glas, Metall usw.<br \/>\n\u2022 Dichtungen und Schwei\u00dfn\u00e4hte auf der Baustelle<br \/>\n\u2022 Strukturschwei\u00dfen in vibrierenden Strukturen<\/p>","protected":false},"excerpt":{"rendered":"<p>SUPER MIRROR ist ein Hochleistungs- und Hochleistungs-<br \/>\nHochwertiger 1-Komponenten-Spiegelkleber mit neuer Technologie<br \/>\nMS-Polymer. Es ist chemisch neutral und hat eine sehr hohe Elastizit\u00e4t.<br \/>\nEs eignet sich zum Abdichten von Fugen mit geringer Beweglichkeit im<br \/>\nPharmaindustrie, Automobilindustrie, Schiffbau, Luftfahrt oder<br \/>\n\u00fcberall dort, wo harte und elastische Verbindungen erforderlich sind.<\/p>","protected":false},"featured_media":29931,"comment_status":"closed","ping_status":"closed","template":"","meta":[],"product_brand":[],"product_cat":[905,1623],"product_tag":[],"class_list":{"0":"post-29930","1":"product","2":"type-product","3":"status-publish","4":"has-post-thumbnail","6":"product_cat-905","7":"product_cat-1623","8":"pa_brand-mercola","9":"pa_--290ml","11":"first","12":"instock","13":"taxable","14":"shipping-taxable","15":"purchasable","16":"product-type-simple"},"_links":{"self":[{"href":"https:\/\/sigletos.gr\/de\/wp-json\/wp\/v2\/product\/29930","targetHints":{"allow":["GET"]}}],"collection":[{"href":"https:\/\/sigletos.gr\/de\/wp-json\/wp\/v2\/product"}],"about":[{"href":"https:\/\/sigletos.gr\/de\/wp-json\/wp\/v2\/types\/product"}],"replies":[{"embeddable":true,"href":"https:\/\/sigletos.gr\/de\/wp-json\/wp\/v2\/comments?post=29930"}],"version-history":[{"count":0,"href":"https:\/\/sigletos.gr\/de\/wp-json\/wp\/v2\/product\/29930\/revisions"}],"wp:featuredmedia":[{"embeddable":true,"href":"https:\/\/sigletos.gr\/de\/wp-json\/wp\/v2\/media\/29931"}],"wp:attachment":[{"href":"https:\/\/sigletos.gr\/de\/wp-json\/wp\/v2\/media?parent=29930"}],"wp:term":[{"taxonomy":"product_brand","embeddable":true,"href":"https:\/\/sigletos.gr\/de\/wp-json\/wp\/v2\/product_brand?post=29930"},{"taxonomy":"product_cat","embeddable":true,"href":"https:\/\/sigletos.gr\/de\/wp-json\/wp\/v2\/product_cat?post=29930"},{"taxonomy":"product_tag","embeddable":true,"href":"https:\/\/sigletos.gr\/de\/wp-json\/wp\/v2\/product_tag?post=29930"}],"curies":[{"name":"wp","href":"https:\/\/api.w.org\/{rel}","templated":true}]}}