{"id":30033,"date":"2022-08-11T11:46:18","date_gmt":"2022-08-11T09:46:18","guid":{"rendered":"https:\/\/sigletos.gr\/?post_type=product&#038;p=30033"},"modified":"2022-08-11T11:46:18","modified_gmt":"2022-08-11T09:46:18","slug":"%ce%b1%cf%86%cf%81%cf%8c%cf%82-%cf%80%ce%bf%ce%bb%cf%85%ce%bf%cf%85%cf%81%ce%b5%ce%b8%ce%ac%ce%bd%ce%b7%cf%82-%ce%b5%cf%80%ce%b1%ce%b3%ce%b3%ce%b5%ce%bb%ce%bc%ce%b1%cf%84%ce%b9%ce%ba%cf%8e%ce%bd","status":"publish","type":"product","link":"https:\/\/sigletos.gr\/de\/produkt\/%ce%b1%cf%86%cf%81%cf%8c%cf%82-%cf%80%ce%bf%ce%bb%cf%85%ce%bf%cf%85%cf%81%ce%b5%ce%b8%ce%ac%ce%bd%ce%b7%cf%82-%ce%b5%cf%80%ce%b1%ce%b3%ce%b3%ce%b5%ce%bb%ce%bc%ce%b1%cf%84%ce%b9%ce%ba%cf%8e%ce%bd\/","title":{"rendered":"MEGAFOAM Polyurethanschaum in Profiqualit\u00e4t"},"content":{"rendered":"<p>VORTEILE<br \/>\n\u2022 Hervorragende Haftung auf den meisten Oberfl\u00e4chen<br \/>\n\u2022 Wirksame W\u00e4rme- und Schalld\u00e4mmung<br \/>\n\u2022 H\u00f6here Effizienz<br \/>\n\u2022 Sehr gro\u00dfes F\u00fcllvolumen<br \/>\n\u2022 Erzielt eine sehr starke Fixierung<br \/>\n\u2022 Ausgezeichnete Stabilit\u00e4t (schrumpft nicht \u2013 quillt nicht auf)<br \/>\n\u2022 Umwelt- und benutzerfreundlich<br \/>\n\u2022 Einfache Anwendung<br \/>\n\u2022 Weniger Treibgas, umwelt- und benutzerfreundlich<br \/>\nANWENDUNGEN<br \/>\n\u2022 Montage, Befestigung und Abdichtung von T\u00fcrrahmen und<br \/>\nFenster<br \/>\n\u2022 Gro\u00dfe Fugen und \u00d6ffnungen wirtschaftlich, schnell und<br \/>\neffektiv<br \/>\n\u2022 Abdichten von \u00d6ffnungen in D\u00e4chern<br \/>\n\u2022 Befestigung von D\u00e4mmstoffen und Porenbeton<br \/>\n\u2022 Abdichtung von Bauteilen zur W\u00e4rme- und Schalld\u00e4mmung<br \/>\n\u2022 Abdichten und F\u00fcllen um Rohre und Kan\u00e4le<br \/>\n\u2022 Schalld\u00e4mmung in mechanischen Anlagen und Motoren<br \/>\n\u2022 Verbesserung der W\u00e4rmed\u00e4mmung in K\u00fchlr\u00e4umen<br \/>\nMEGAFOAM ist nicht geeignet f\u00fcr Teflon, PE und PP.<br \/>\nERGIEBIGKEIT: 750 ml ergeben bis zu 45 Lt<\/p>","protected":false},"excerpt":{"rendered":"<p>MEGAFOAM ist ein hochwertiger Polyurethanschaum, professionell<br \/>\nauf Gelbasis, 1-komponentig, quellend, gebrauchsfertig.<br \/>\nEs enth\u00e4lt ein spezielles, ozonunsch\u00e4dliches Treibgas.<\/p>","protected":false},"featured_media":30034,"comment_status":"closed","ping_status":"closed","template":"","meta":[],"product_brand":[],"product_cat":[907,905],"product_tag":[],"class_list":{"0":"post-30033","1":"product","2":"type-product","3":"status-publish","4":"has-post-thumbnail","6":"product_cat-907","7":"product_cat-905","8":"pa_brand-mercola","9":"pa_-300ml","10":"pa_-750ml","12":"first","13":"instock","14":"taxable","15":"shipping-taxable","16":"purchasable","17":"product-type-variable"},"_links":{"self":[{"href":"https:\/\/sigletos.gr\/de\/wp-json\/wp\/v2\/product\/30033","targetHints":{"allow":["GET"]}}],"collection":[{"href":"https:\/\/sigletos.gr\/de\/wp-json\/wp\/v2\/product"}],"about":[{"href":"https:\/\/sigletos.gr\/de\/wp-json\/wp\/v2\/types\/product"}],"replies":[{"embeddable":true,"href":"https:\/\/sigletos.gr\/de\/wp-json\/wp\/v2\/comments?post=30033"}],"version-history":[{"count":0,"href":"https:\/\/sigletos.gr\/de\/wp-json\/wp\/v2\/product\/30033\/revisions"}],"wp:featuredmedia":[{"embeddable":true,"href":"https:\/\/sigletos.gr\/de\/wp-json\/wp\/v2\/media\/30034"}],"wp:attachment":[{"href":"https:\/\/sigletos.gr\/de\/wp-json\/wp\/v2\/media?parent=30033"}],"wp:term":[{"taxonomy":"product_brand","embeddable":true,"href":"https:\/\/sigletos.gr\/de\/wp-json\/wp\/v2\/product_brand?post=30033"},{"taxonomy":"product_cat","embeddable":true,"href":"https:\/\/sigletos.gr\/de\/wp-json\/wp\/v2\/product_cat?post=30033"},{"taxonomy":"product_tag","embeddable":true,"href":"https:\/\/sigletos.gr\/de\/wp-json\/wp\/v2\/product_tag?post=30033"}],"curies":[{"name":"wp","href":"https:\/\/api.w.org\/{rel}","templated":true}]}}