{"id":30054,"date":"2022-08-11T12:10:57","date_gmt":"2022-08-11T10:10:57","guid":{"rendered":"https:\/\/sigletos.gr\/?post_type=product&#038;p=30054"},"modified":"2022-08-11T12:10:57","modified_gmt":"2022-08-11T10:10:57","slug":"%ce%b5%cf%80%ce%b1%ce%bb%ce%b5%ce%b9%cf%80%cf%84%ce%b9%ce%ba%ce%ae-%ce%bc%ce%bf%ce%bd%cf%89%cf%84%ce%b9%ce%ba%ce%ae-%ce%b5%cf%80%ce%af%cf%83%cf%84%cf%81%cf%89%cf%83%ce%b7-%cf%84%ce%b1%cf%81%ce%b1","status":"publish","type":"product","link":"https:\/\/sigletos.gr\/de\/produkt\/%ce%b5%cf%80%ce%b1%ce%bb%ce%b5%ce%b9%cf%80%cf%84%ce%b9%ce%ba%ce%ae-%ce%bc%ce%bf%ce%bd%cf%89%cf%84%ce%b9%ce%ba%ce%ae-%ce%b5%cf%80%ce%af%cf%83%cf%84%cf%81%cf%89%cf%83%ce%b7-%cf%84%ce%b1%cf%81%ce%b1\/","title":{"rendered":"Aliphatische Polyurethan-Dachd\u00e4mmbeschichtung mit hervorragender Best\u00e4ndigkeit gegen UV-Strahlung PU FLEX 2000 UV PROTECT"},"content":{"rendered":"<p>VORTEILE<br \/>\n\u2022 \u0395\u03be\u03b1\u03b9\u03c1\u03b5\u03c4\u03b9\u03ba\u03ae \u03b1\u03bd\u03c4\u03bf\u03c7\u03ae \u03c3\u03c4\u03b7\u03bd \u03b7\u03bb\u03b9\u03b1\u03ba\u03ae \u03b1\u03ba\u03c4\u03b9\u03bd\u03bf\u03b2\u03bf\u03bb\u03af\u03b1 UV<br \/>\n\u2022 \u0391\u03bd\u03c4\u03bf\u03c7\u03ae \u03c3\u03b5 \u03b8\u03b5\u03c1\u03bc\u03bf\u03ba\u03c1\u03b1\u03c3\u03b9\u03b1\u03ba\u03ad\u03c2 \u03bc\u03b5\u03c4\u03b1\u03b2\u03bf\u03bb\u03ad\u03c2: -400C \u03ad\u03c9\u03c2 +800C<br \/>\n\u2022 \u03a7\u03c1\u03c9\u03bc\u03b1\u03c4\u03b9\u03ba\u03ae \u03c3\u03c4\u03b1\u03b8\u03b5\u03c1\u03cc\u03c4\u03b7\u03c4\u03b1, \u03c7\u03c9\u03c1\u03af\u03c2 \u03ba\u03b9\u03bc\u03c9\u03bb\u03af\u03c9\u03c3\u03b7, \u03b1\u03ba\u03cc\u03bc\u03b1 \u03ba\u03b1\u03b9 \u03ba\u03b1\u03c4\u03cc\u03c0\u03b9\u03bd<br \/>\n\u03bc\u03b1\u03ba\u03c1\u03bf\u03c7\u03c1\u03cc\u03bd\u03b9\u03b1\u03c2 \u03ad\u03ba\u03b8\u03b5\u03c3\u03b7\u03c2 \u03c3\u03b5 UV<br \/>\n\u2022 \u0388\u03c7\u03b5\u03b9 \u03bc\u03b5\u03b3\u03ac\u03bb\u03b7 \u03b5\u03bb\u03b1\u03c3\u03c4\u03b9\u03ba\u03cc\u03c4\u03b7\u03c4\u03b1 \u03ba\u03b1\u03b9 \u03b9\u03ba\u03b1\u03bd\u03cc\u03c4\u03b7\u03c4\u03b1 \u03ba\u03ac\u03bb\u03c5\u03c8\u03b7\u03c2 \u03bc\u03b9\u03ba\u03c1\u03ce\u03bd \u03c1\u03c9\u03b3\u03bc\u03ce\u03bd<br \/>\n\u2022 \u0386\u03c1\u03b9\u03c3\u03c4\u03b7 \u03c3\u03c5\u03bc\u03b2\u03b1\u03c4\u03cc\u03c4\u03b7\u03c4\u03b1 \u03bc\u03b5 \u03c4\u03b1 \u03b5\u03c0\u03b1\u03bb\u03b5\u03b9\u03c6\u03cc\u03bc\u03b5\u03bd\u03b1 \u03c0\u03bf\u03bb\u03c5\u03bf\u03c5\u03c1\u03b5\u03b8\u03b1\u03bd\u03b9\u03ba\u03ac \u03bc\u03bf\u03bd\u03c9\u03c4\u03b9\u03ba\u03ac<br \/>\n\u03c4\u03b1\u03c1\u03b1\u03c4\u03c3\u03ce\u03bd<br \/>\n\u2022 \u0395\u03be\u03b1\u03b9\u03c1\u03b5\u03c4\u03b9\u03ba\u03ae \u03c0\u03c1\u03cc\u03c3\u03c6\u03c5\u03c3\u03b7 \u03c3\u03b5 \u03c0\u03bf\u03c1\u03ce\u03b4\u03b5\u03b9\u03c2 \u03b5\u03c0\u03b9\u03c6\u03ac\u03bd\u03b5\u03b9\u03b5\u03c2 \u03ba\u03b1\u03b9 \u03b1\u03ba\u03cc\u03bc\u03b1 \u03ba\u03b1\u03b9 \u03c7\u03c9\u03c1\u03af\u03c2 \u03c4\u03b7\u03bd<br \/>\n\u03c7\u03c1\u03ae\u03c3\u03b7 \u03b1\u03c3\u03c4\u03b1\u03c1\u03b9\u03bf\u03cd<br \/>\n\u2022 \u0391\u03bd\u03c4\u03bf\u03c7\u03ae \u03c3\u03c4\u03b7\u03bd \u03c4\u03c1\u03b9\u03b2\u03ae<br \/>\n\u2022 \u039c\u03b5\u03b3\u03ac\u03bb\u03b7 \u03b1\u03bd\u03c4\u03bf\u03c7\u03ae \u03c3\u03b5 \u03bb\u03b9\u03bc\u03bd\u03ac\u03b6\u03bf\u03bd\u03c4\u03b1 \u03bd\u03b5\u03c1\u03ac \u03ba\u03b1\u03b9 \u03c0\u03bf\u03bb\u03bb\u03ac \u03c7\u03b7\u03bc\u03b9\u03ba\u03ac<br \/>\n\u2022 \u039c\u03b7\u03c7\u03b1\u03bd\u03b9\u03ba\u03ae \u03b1\u03bd\u03c4\u03bf\u03c7\u03ae \u03c3\u03c4\u03b9\u03c2 \u03ba\u03b1\u03c4\u03b1\u03c0\u03bf\u03bd\u03ae\u03c3\u03b5\u03b9\u03c2<br \/>\n\u2022 \u0391\u03bd\u03c4\u03bf\u03c7\u03ae \u03c3\u03b5 \u03ba\u03c5\u03ba\u03bb\u03bf\u03c6\u03bf\u03c1\u03af\u03b1 \u03c0\u03b5\u03b6\u03ce\u03bd \u03ba\u03b1\u03b9 \u03bf\u03c7\u03b7\u03bc\u03ac\u03c4\u03c9\u03bd<br \/>\nANWENDUNGEN<br \/>\n\u03a4\u03bf PU FLEX 2000 UV PROTECT \u03b5\u03af\u03bd\u03b1\u03b9 \u03ba\u03b1\u03c4\u03ac\u03bb\u03bb\u03b7\u03bb\u03bf \u03b3\u03b9\u03b1 \u03c4\u03b7\u03bd \u03b5\u03c0\u03b9\u03c3\u03ba\u03b5\u03c5\u03ae, \u03b2\u03b5\u03bb\u03c4\u03af\u03c9\u03c3\u03b7<br \/>\n\u03ba\u03b1\u03b9 \u03b1\u03bd\u03b1\u03b6\u03c9\u03bf\u03b3\u03cc\u03bd\u03b7\u03c3\u03b7 \u03b5\u03c6\u03b1\u03c1\u03bc\u03bf\u03b3\u03ce\u03bd \u03c0\u03bf\u03bb\u03c5\u03bf\u03c5\u03c1\u03b5\u03b8\u03b1\u03bd\u03b9\u03ba\u03ce\u03bd \u03bc\u03bf\u03bd\u03c9\u03c4\u03b9\u03ba\u03ce\u03bd \u03c4\u03b1\u03c1\u03ac\u03c4\u03c3\u03b1\u03c2,<br \/>\n\u03c0\u03c1\u03bf\u03c3\u03c6\u03ad\u03c1\u03bf\u03bd\u03c4\u03b1\u03c2 \u03bc\u03af\u03b1 \u03b9\u03c3\u03c7\u03c5\u03c1\u03cc\u03c4\u03b5\u03c1\u03b7 \u03b5\u03c0\u03af\u03c3\u03c4\u03c1\u03c9\u03c3\u03b7 \u03bc\u03b5 \u03b5\u03be\u03b1\u03b9\u03c1\u03b5\u03c4\u03b9\u03ba\u03ad\u03c2 \u03b1\u03bd\u03c4\u03bf\u03c7\u03ad\u03c2, \u03b7 \u03bf\u03c0\u03bf\u03af\u03b1<br \/>\n\u03b5\u03bd\u03b9\u03c3\u03c7\u03cd\u03b5\u03b9 \u03ba\u03b1\u03b9 \u03c0\u03c1\u03bf\u03c3\u03c4\u03b1\u03c4\u03b5\u03cd\u03b5\u03b9 \u03c0\u03b1\u03bb\u03b9\u03ad\u03c2 \u03ba\u03b1\u03b9 \u03bd\u03ad\u03b5\u03c2 \u03b5\u03c6\u03b1\u03c1\u03bc\u03bf\u03b3\u03ad\u03c2. \u0395\u03af\u03bd\u03b1\u03b9 \u03b5\u03c0\u03af\u03c3\u03b7\u03c2 \u03ba\u03b1\u03c4\u03ac\u03bb\u03bb\u03b7-<br \/>\n\u03bb\u03bf \u03ba\u03b1\u03b9 \u03b3\u03b9\u03b1 \u03b2\u03b5\u03c1\u03ac\u03bd\u03c4\u03b5\u03c2, \u03b4\u03ce\u03bc\u03b1\u03c4\u03b1, \u03b4\u03b9\u03b1\u03b4\u03c1\u03cc\u03bc\u03bf\u03c5\u03c2 \u03ba\u03c5\u03ba\u03bb\u03bf\u03c6\u03bf\u03c1\u03af\u03b1\u03c2 \u03c0\u03b5\u03b6\u03ce\u03bd, \u03b1\u03bd\u03bf\u03b9\u03ba\u03c4\u03ac \u03c0\u03b1\u03c1-<br \/>\n\u03ba\u03b9\u03bd\u03b3\u03ba \u03ba\u03b1\u03b9 \u03c0\u03bf\u03bb\u03bb\u03ad\u03c2 \u03ac\u03bb\u03bb\u03b5\u03c2 \u03b5\u03c0\u03b9\u03c6\u03ac\u03bd\u03b5\u03b9\u03b5\u03c2. \u03a3\u03c5\u03bd\u03b9\u03c3\u03c4\u03ac\u03c4\u03b1\u03b9 \u03b3\u03b9\u03b1 \u03c4\u03b7\u03bd \u03b5\u03c0\u03b9\u03ba\u03ac\u03bb\u03c5\u03c8\u03b7 \u03bc\u03bf\u03bd\u03ce\u03c3\u03b5\u03c9\u03bd<br \/>\n\u03b1\u03c0\u03cc \u03b1\u03c6\u03c1\u03cc \u03c0\u03bf\u03bb\u03c5\u03bf\u03c5\u03c1\u03b5\u03b8\u03ac\u03bd\u03b7\u03c2.<br \/>\n\u03a4\u03bf PU FLEX 2000 UV PROTECT \u03c3\u03c5\u03bd\u03b9\u03c3\u03c4\u03ac\u03c4\u03b1\u03b9 \u03b3\u03b9\u03b1 \u03c7\u03c1\u03ae\u03c3\u03b7 \u03c3\u03b1\u03bd \u03c4\u03b5\u03bb\u03b9\u03ba\u03ae \u03b5\u03c0\u03af\u03c3\u03c4\u03c1\u03c9-<br \/>\n\u03c3\u03b7 \u03c0\u03ac\u03bd\u03c9 \u03b1\u03c0\u03cc \u03c4\u03bf PU FLEX 1000.<br \/>\n\u0391\u03a0\u039f\u0394\u039f\u03a3\u0397: 120 &#8211; 200 gr\/m2 \u03b1\u03bd\u03ac\u03bb\u03bf\u03b3\u03b1 \u03c4\u03b7\u03bd \u03bf\u03bc\u03b1\u03bb\u03cc\u03c4\u03b7\u03c4\u03b1 \u03c4\u03bf\u03c5 \u03c5\u03c0\u03bf\u03c3\u03c4\u03c1\u03ce\u03bc\u03b1\u03c4\u03bf\u03c2.<\/p>\n<p>*\u0391\u03c1\u03b1\u03af\u03c9\u03c3\u03b7: \u0394\u03b9\u03b1\u03bb\u03c5\u03c4\u03b9\u03ba\u03cc DIL X 10O<\/p>","protected":false},"excerpt":{"rendered":"<p>PU FLEX 2000 UV PROTECT ist eine spezielle Ausbesserungs-Isolierbeschichtung<br \/>\naliphatische Polyurethanbeschichtung f\u00fcr D\u00e4cher und g\u00e4ngige Baumaterialien<br \/>\nOberfl\u00e4chen mit hervorragender Best\u00e4ndigkeit gegen Feuchtigkeit und UV-Strahlung<br \/>\nUV-Strahlen. Es ist f\u00fcr den Schutz vor Witterungseinfl\u00fcssen und<br \/>\ndie Sonne Polyurethan-Isolierung und viele andere Beschichtungen.<\/p>","protected":false},"featured_media":30055,"comment_status":"closed","ping_status":"closed","template":"","meta":[],"product_brand":[],"product_cat":[1696,86],"product_tag":[],"class_list":{"0":"post-30054","1":"product","2":"type-product","3":"status-publish","4":"has-post-thumbnail","6":"product_cat-1696","7":"product_cat-xromata","8":"pa_brand-mercola","9":"pa_--10kg","10":"pa_--4kg","12":"first","13":"instock","14":"taxable","15":"shipping-taxable","16":"purchasable","17":"product-type-variable"},"_links":{"self":[{"href":"https:\/\/sigletos.gr\/de\/wp-json\/wp\/v2\/product\/30054","targetHints":{"allow":["GET"]}}],"collection":[{"href":"https:\/\/sigletos.gr\/de\/wp-json\/wp\/v2\/product"}],"about":[{"href":"https:\/\/sigletos.gr\/de\/wp-json\/wp\/v2\/types\/product"}],"replies":[{"embeddable":true,"href":"https:\/\/sigletos.gr\/de\/wp-json\/wp\/v2\/comments?post=30054"}],"version-history":[{"count":0,"href":"https:\/\/sigletos.gr\/de\/wp-json\/wp\/v2\/product\/30054\/revisions"}],"wp:featuredmedia":[{"embeddable":true,"href":"https:\/\/sigletos.gr\/de\/wp-json\/wp\/v2\/media\/30055"}],"wp:attachment":[{"href":"https:\/\/sigletos.gr\/de\/wp-json\/wp\/v2\/media?parent=30054"}],"wp:term":[{"taxonomy":"product_brand","embeddable":true,"href":"https:\/\/sigletos.gr\/de\/wp-json\/wp\/v2\/product_brand?post=30054"},{"taxonomy":"product_cat","embeddable":true,"href":"https:\/\/sigletos.gr\/de\/wp-json\/wp\/v2\/product_cat?post=30054"},{"taxonomy":"product_tag","embeddable":true,"href":"https:\/\/sigletos.gr\/de\/wp-json\/wp\/v2\/product_tag?post=30054"}],"curies":[{"name":"wp","href":"https:\/\/api.w.org\/{rel}","templated":true}]}}