{"id":30175,"date":"2022-08-17T09:15:40","date_gmt":"2022-08-17T07:15:40","guid":{"rendered":"https:\/\/sigletos.gr\/?post_type=product&#038;p=30175"},"modified":"2022-08-17T09:15:40","modified_gmt":"2022-08-17T07:15:40","slug":"%ce%b1%cf%83%cf%84%ce%ac%cf%81%ce%b9-%ce%b4%ce%b9%ce%b1%ce%bb%cf%8d%cf%84%ce%bf%cf%85-%ce%b1%ce%ba%cf%81%cf%85%ce%bb%ce%b9%ce%ba%ce%ae%cf%82-%ce%b2%ce%ac%cf%83%ce%b7%cf%82-%cf%84%ce%bf%ce%af%cf%87","status":"publish","type":"product","link":"https:\/\/sigletos.gr\/de\/produkt\/%ce%b1%cf%83%cf%84%ce%ac%cf%81%ce%b9-%ce%b4%ce%b9%ce%b1%ce%bb%cf%8d%cf%84%ce%bf%cf%85-%ce%b1%ce%ba%cf%81%cf%85%ce%bb%ce%b9%ce%ba%ce%ae%cf%82-%ce%b2%ce%ac%cf%83%ce%b7%cf%82-%cf%84%ce%bf%ce%af%cf%87\/","title":{"rendered":"Acrylbasierter, l\u00f6semittelhaltiger Primer f\u00fcr W\u00e4nde und D\u00e4cher mit Nanomolekulartechnologie ISOCRYL PRIMER DUR"},"content":{"rendered":"<p>VORTEILE<br \/>\n\u2022 \u0395\u03be\u03b1\u03b9\u03c1\u03b5\u03c4\u03b9\u03ba\u03ae \u03c0\u03c1\u03cc\u03c3\u03c6\u03c5\u03c3\u03b7 \u03ba\u03b1\u03b9 \u03c0\u03bf\u03bb\u03cd \u03c5\u03c8\u03b7\u03bb\u03ae \u03b9\u03ba\u03b1\u03bd\u03cc\u03c4\u03b7\u03c4\u03b1 \u03b4\u03b9\u03b5\u03af\u03c3\u03b4\u03c5\u03c3\u03b7\u03c2<br \/>\n\u03c3\u03b5 \u03c0\u03bf\u03c1\u03ce\u03b4\u03b5\u03b9\u03c2 \u03b5\u03c0\u03b9\u03c6\u03ac\u03bd\u03b5\u03b9\u03b5\u03c2<br \/>\n\u2022 Untergrundverst\u00e4rkung<br \/>\n\u2022 \u03a3\u03c4\u03b5\u03b3\u03bd\u03ce\u03bd\u03b5\u03b9 \u03b3\u03c1\u03ae\u03b3\u03bf\u03c1\u03b1 \u03ba\u03b1\u03b9 \u03b4\u03b5\u03bd \u03c0\u03c1\u03bf\u03ba\u03b1\u03bb\u03b5\u03af \u03ba\u03b9\u03c4\u03c1\u03b9\u03bd\u03af\u03c3\u03bc\u03b1\u03c4\u03b1 \u03c3\u03c4\u03bf \u03c4\u03b5\u03bb\u03b9\u03ba\u03cc<br \/>\n\u03c7\u03c1\u03ce\u03bc\u03b1\/\u03bc\u03bf\u03bd\u03c9\u03c4\u03b9\u03ba\u03cc<br \/>\n\u2022 \u0399\u03c3\u03c7\u03c5\u03c1\u03ae \u03b1\u03b3\u03ba\u03cd\u03c1\u03c9\u03c3\u03b7 \u03bc\u03b5 \u03bd\u03b1\u03bd\u03bf\u03bc\u03bf\u03c1\u03b9\u03b1\u03ba\u03ac \u03c3\u03c9\u03bc\u03b1\u03c4\u03af\u03b4\u03b9\u03b1<br \/>\n\u2022 \u0395\u03be\u03b1\u03c3\u03c6\u03b1\u03bb\u03af\u03b6\u03b5\u03b9 \u03ba\u03b1\u03bb\u03cd\u03c4\u03b5\u03c1\u03b7 \u03c0\u03c1\u03cc\u03c3\u03c6\u03c5\u03c3\u03b7 \u03ba\u03b1\u03b9 \u03ac\u03c0\u03bb\u03c9\u00b5\u03b1 \u03b3\u03b9\u03b1 \u03c4\u03bf \u03c4\u03b5\u03bb\u03b9\u03ba\u03cc \u03c6\u03b9\u03bd\u03af\u03c1\u03b9\u03c3\u03bc\u03b1<br \/>\n\u2022 F\u00fcr den Innen- und Au\u00dfenbereich geeignet<br \/>\n\u2022 Einfache Anwendung<br \/>\nANWENDUNGEN<br \/>\n\u2022 \u0391\u03c3\u03c4\u03ac\u03c1\u03c9\u03bc\u03b1 \u03b5\u03be\u03c9\u03c4\u03b5\u03c1\u03b9\u03ba\u03ce\u03bd \u03ba\u03b1\u03b9 \u03b5\u03c3\u03c9\u03c4\u03b5\u03c1\u03b9\u03ba\u03ce\u03bd \u03c4\u03bf\u03af\u03c7\u03c9\u03bd, \u03c0\u03c1\u03bf\u03c3\u03cc\u03c8\u03b5\u03c9\u03bd<br \/>\n\u03b1\u03c0\u03cc \u03c3\u03bf\u03b2\u03ac, \u03bc\u03c0\u03b5\u03c4\u03cc\u03bd, \u03c4\u03bf\u03cd\u03b2\u03bb\u03b1, \u03c0\u03ad\u03c4\u03c1\u03b1, \u03c4\u03c3\u03b9\u03bc\u03b5\u03bd\u03c4\u03bf\u03c3\u03b1\u03bd\u03af\u03b4\u03b1, \u03b3\u03c5\u03c8\u03bf\u03c3\u03b1\u03bd\u03af\u03b4\u03b1 \u03c0\u03c1\u03b9\u03bd<br \/>\n\u03c4\u03b7\u03bd \u03c4\u03b5\u03bb\u03b9\u03ba\u03ae \u03b2\u03b1\u03c6\u03ae \u03bc\u03b5 \u03b1\u03ba\u03c1\u03c5\u03bb\u03b9\u03ba\u03ac \/ \u03c0\u03bb\u03b1\u03c3\u03c4\u03b9\u03ba\u03ac \u03c7\u03c1\u03ce\u03bc\u03b1\u03c4\u03b1 \u03ae \u03b5\u03bb\u03b1\u03c3\u03c4\u03bf\u03bc\u03b5\u03c1\u03ae<br \/>\n\u03ba\u03b1\u03b8\u03ad\u03c4\u03c9\u03bd \u03b5\u03c0\u03b9\u03c6\u03b1\u03bd\u03b5\u03b9\u03ce\u03bd<br \/>\n\u2022 \u0391\u03c3\u03c4\u03ac\u03c1\u03c9\u03bc\u03b1 \u03c4\u03b1\u03c1\u03b1\u03c4\u03c3\u03ce\u03bd \u03c0\u03c1\u03b9\u03bd \u03c4\u03b7\u03bd \u03b5\u03c6\u03b1\u03c1\u03bc\u03bf\u03b3\u03ae \u03bc\u03bf\u03bd\u03c9\u03c4\u03b9\u03ba\u03ce\u03bd \u03c5\u03bb\u03b9\u03ba\u03ce\u03bd<br \/>\n\u2022 \u0391\u03c3\u03c4\u03ac\u03c1\u03c9\u03bc\u03b1 \u03bf\u03b9\u03ba\u03bf\u03b4\u03bf\u03bc\u03b9\u03ba\u03ce\u03bd \u03b5\u03c0\u03b9\u03c6\u03b1\u03bd\u03b5\u03b9\u03ce\u03bd \u03c0\u03c1\u03b9\u03bd \u03c4\u03b7 \u03c3\u03c6\u03c1\u03ac\u03b3\u03b9\u03c3\u03b7 \u03bc\u03b5 \u03b5\u03b9\u03b4\u03b9\u03ba\u03ad\u03c2<br \/>\n\u03b5\u03bb\u03b1\u03c3\u03c4\u03bf\u03bc\u03b5\u03c1\u03b5\u03af\u03c2 \u03bc\u03b1\u03c3\u03c4\u03af\u03c7\u03b5\u03c2<br \/>\n\u2022 \u03a3\u03c4\u03b1\u03b8\u03b5\u03c1\u03bf\u03c0\u03bf\u03af\u03b7\u03c3\u03b7 \u03ba\u03b1\u03b9 \u03b9\u03c3\u03c7\u03c5\u03c1\u03bf\u03c0\u03bf\u03af\u03b7\u03c3\u03b7 \u03c4\u03c3\u03b9\u03bc\u03b5\u03bd\u03c4\u03bf\u03b5\u03b9\u03b4\u03ce\u03bd \u03b4\u03b1\u03c0\u03ad\u03b4\u03c9\u03bd \u03c0\u03bf\u03c5<br \/>\n\u03ad\u03c7\u03bf\u03c5\u03bd \u03c7\u03b1\u03bb\u03ac\u03c3\u03b5\u03b9 \u03ae \u03c4\u03c1\u03af\u03b2\u03bf\u03bd\u03c4\u03b1\u03b9 \u03ba\u03b1\u03b9 \u03c0\u03b1\u03c1\u03bf\u03c5\u03c3\u03b9\u03ac\u03b6\u03bf\u03c5\u03bd \u03ba\u03b9\u03bc\u03c9\u03bb\u03af\u03b1\u03c3\u03b7 (\u03c0\u03b1\u03c1\u03bf\u03c5\u03c3\u03af\u03b1<br \/>\n\u03c4\u03c3\u03b9\u03bc\u03b5\u03bd\u03c4\u03cc\u03c3\u03ba\u03bf\u03bd\u03b7\u03c2 \u03c3\u03c4\u03b7\u03bd \u03b5\u03c0\u03b9\u03c6\u03ac\u03bd\u03b5\u03b9\u03b1)<br \/>\n\u0391\u03a0\u039f\u0394\u039f\u03a3\u0397: \u03a4\u03bf\u03af\u03c7\u03bf\u03b9: 10 &#8211; 15m2\/Lt \u03a4\u03b1\u03c1\u03ac\u03c4\u03c3\u03b5\u03c2: 5 &#8211; 8m2\/Lt<\/p>\n<p>\u0391\u03c1\u03b1\u03af\u03c9\u03c3\u03b7: \u03bc\u03b5 white spirit \u03ae \u03bd\u03ad\u03c6\u03c4\u03b9 \u03ad\u03c9\u03c2 20% \u03b3\u03b9\u03b1<br \/>\n\u03c4\u03b1\u03c1\u03ac\u03c4\u03c3\u03b5\u03c2 \u03ba\u03b1\u03b9 \u03ad\u03c9\u03c2 50% \u03b3\u03b9\u03b1 \u03c4\u03bf\u03af\u03c7\u03bf\u03c5\u03c2<\/p>","protected":false},"excerpt":{"rendered":"<p>ISOCRYL PRIMER DUR ist eine extrem starke, transparente Acrylgrundierung<br \/>\norganisches L\u00f6sungsmittel, angereichert mit Nanopartikeln. Es eignet sich<\/p>","protected":false},"featured_media":30176,"comment_status":"closed","ping_status":"closed","template":"","meta":[],"product_brand":[],"product_cat":[198,86],"product_tag":[],"class_list":{"0":"post-30175","1":"product","2":"type-product","3":"status-publish","4":"has-post-thumbnail","6":"product_cat-198","7":"product_cat-xromata","8":"pa_brand-mercola","9":"pa_--19lt-2","10":"pa_--5lt","11":"pa_--750ml","13":"first","14":"instock","15":"taxable","16":"shipping-taxable","17":"purchasable","18":"product-type-variable"},"_links":{"self":[{"href":"https:\/\/sigletos.gr\/de\/wp-json\/wp\/v2\/product\/30175","targetHints":{"allow":["GET"]}}],"collection":[{"href":"https:\/\/sigletos.gr\/de\/wp-json\/wp\/v2\/product"}],"about":[{"href":"https:\/\/sigletos.gr\/de\/wp-json\/wp\/v2\/types\/product"}],"replies":[{"embeddable":true,"href":"https:\/\/sigletos.gr\/de\/wp-json\/wp\/v2\/comments?post=30175"}],"version-history":[{"count":0,"href":"https:\/\/sigletos.gr\/de\/wp-json\/wp\/v2\/product\/30175\/revisions"}],"wp:featuredmedia":[{"embeddable":true,"href":"https:\/\/sigletos.gr\/de\/wp-json\/wp\/v2\/media\/30176"}],"wp:attachment":[{"href":"https:\/\/sigletos.gr\/de\/wp-json\/wp\/v2\/media?parent=30175"}],"wp:term":[{"taxonomy":"product_brand","embeddable":true,"href":"https:\/\/sigletos.gr\/de\/wp-json\/wp\/v2\/product_brand?post=30175"},{"taxonomy":"product_cat","embeddable":true,"href":"https:\/\/sigletos.gr\/de\/wp-json\/wp\/v2\/product_cat?post=30175"},{"taxonomy":"product_tag","embeddable":true,"href":"https:\/\/sigletos.gr\/de\/wp-json\/wp\/v2\/product_tag?post=30175"}],"curies":[{"name":"wp","href":"https:\/\/api.w.org\/{rel}","templated":true}]}}