{"id":30246,"date":"2022-08-17T10:27:35","date_gmt":"2022-08-17T08:27:35","guid":{"rendered":"https:\/\/sigletos.gr\/?post_type=product&#038;p=30246"},"modified":"2023-10-06T09:54:03","modified_gmt":"2023-10-06T06:54:03","slug":"%ce%b5%ce%bb%ce%b1%cf%83%cf%84%ce%b9%ce%ba%ce%ae-%ce%b1%ce%ba%cf%81%cf%85%ce%bb%ce%b9%ce%ba%ce%ae-%cf%84%cf%83%ce%b9%ce%bc%ce%b5%ce%bd%cf%84%ce%bf%ce%b5%ce%b9%ce%b4%ce%ae%cf%82-%ce%bb%ce%b5%cf%85","status":"publish","type":"product","link":"https:\/\/sigletos.gr\/de\/produkt\/%ce%b5%ce%bb%ce%b1%cf%83%cf%84%ce%b9%ce%ba%ce%ae-%ce%b1%ce%ba%cf%81%cf%85%ce%bb%ce%b9%ce%ba%ce%ae-%cf%84%cf%83%ce%b9%ce%bc%ce%b5%ce%bd%cf%84%ce%bf%ce%b5%ce%b9%ce%b4%ce%ae%cf%82-%ce%bb%ce%b5%cf%85\/","title":{"rendered":"Elastischer, zementgebundener Acrylkleber f\u00fcr Fliesen, W\u00e4nde und B\u00f6den in Wei\u00df C2TE ISOMIX FLEX"},"content":{"rendered":"<p>VORTEILE<br \/>\n\u2022 Hohe Festigkeit<br \/>\n\u2022 Elastizit\u00e4t<br \/>\n\u2022 Hervorragende Verarbeitbarkeit<br \/>\n\u2022 Hervorragender Grip auf schwierigen Oberfl\u00e4chen<br \/>\n\u2022 Best\u00e4ndigkeit gegen Feuchtigkeit und Frost<br \/>\n\u2022 Hochwertige Rohstoffe<br \/>\n\u2022 F\u00fcr den Innen- und Au\u00dfenbereich geeignet<br \/>\n\u2022 Einfache Anwendung \u2013 Schnelligkeit \u2013 Sauberkeit<br \/>\nANWENDUNGEN<br \/>\n\u2022 Verklebung aller Arten von saugf\u00e4higen und nicht saugf\u00e4higen Materialien<br \/>\nFliesen auf horizontalen und vertikalen Fl\u00e4chen aus Zementm\u00f6rtel, Gips,<br \/>\nBeton, Gipskarton, Zementplatten, Porenbeton und andere<br \/>\ngemeinsame Geb\u00e4udeoberfl\u00e4chen<br \/>\n\u2022 Verkleben von Granit- und Marmorfliesen, Glasmosaiken oder<br \/>\njedes andere nat\u00fcrliche Material<br \/>\n\u2022 Geeignet f\u00fcr Badezimmer, Terrassen, Veranden, Mosaike, alten Marmor<br \/>\nund stark beanspruchte B\u00f6den<br \/>\nERGIEBIGKEIT: 2,5 \u2013 4 Kg\/m2 je nach Untergrundbeschaffenheit,<br \/>\nGr\u00f6\u00dfe und Art der Fliese<\/p>","protected":false},"excerpt":{"rendered":"<p>ISOMIX FLEX ist ein elastoplastischer wei\u00dfer Acrylfliesenkleber.<br \/>\nPendelsockel in M\u00f6rtelform. Enth\u00e4lt hochfesten Zement<br \/>\nPortland, Zuschlagstoffe ausgew\u00e4hlter K\u00f6rnung, spezielle Additive und Harze, die<br \/>\nVerbesserung der Fliesenhaftung auf schwierigen, nicht saugf\u00e4higen Oberfl\u00e4chen<br \/>\nOberfl\u00e4chen. Bietet hohe Haftfestigkeit auf vertikalen und horizontalen<br \/>\nOberfl\u00e4chen, Elastizit\u00e4t und Feuchtigkeitsbest\u00e4ndigkeit. Erh\u00f6ht die antiseismischen Eigenschaften<br \/>\nEigenschaften und eignet sich f\u00fcr Substrate mit intensiver thermischer Kontraktion<br \/>\nErweiterungen. Es ist f\u00fcr den Innen- und Au\u00dfenbereich geeignet. Es ist klassifiziert<br \/>\nals Klebstoff vom Typ C2TE gem\u00e4\u00df EN 12004.<\/p>","protected":false},"featured_media":30247,"comment_status":"closed","ping_status":"closed","template":"","meta":[],"product_brand":[],"product_cat":[905,1623],"product_tag":[],"class_list":{"0":"post-30246","1":"product","2":"type-product","3":"status-publish","4":"has-post-thumbnail","6":"product_cat-905","7":"product_cat-1623","8":"pa_brand-mercola","9":"pa_-25kg","11":"first","12":"instock","13":"taxable","14":"shipping-taxable","15":"purchasable","16":"product-type-simple"},"_links":{"self":[{"href":"https:\/\/sigletos.gr\/de\/wp-json\/wp\/v2\/product\/30246","targetHints":{"allow":["GET"]}}],"collection":[{"href":"https:\/\/sigletos.gr\/de\/wp-json\/wp\/v2\/product"}],"about":[{"href":"https:\/\/sigletos.gr\/de\/wp-json\/wp\/v2\/types\/product"}],"replies":[{"embeddable":true,"href":"https:\/\/sigletos.gr\/de\/wp-json\/wp\/v2\/comments?post=30246"}],"version-history":[{"count":0,"href":"https:\/\/sigletos.gr\/de\/wp-json\/wp\/v2\/product\/30246\/revisions"}],"wp:featuredmedia":[{"embeddable":true,"href":"https:\/\/sigletos.gr\/de\/wp-json\/wp\/v2\/media\/30247"}],"wp:attachment":[{"href":"https:\/\/sigletos.gr\/de\/wp-json\/wp\/v2\/media?parent=30246"}],"wp:term":[{"taxonomy":"product_brand","embeddable":true,"href":"https:\/\/sigletos.gr\/de\/wp-json\/wp\/v2\/product_brand?post=30246"},{"taxonomy":"product_cat","embeddable":true,"href":"https:\/\/sigletos.gr\/de\/wp-json\/wp\/v2\/product_cat?post=30246"},{"taxonomy":"product_tag","embeddable":true,"href":"https:\/\/sigletos.gr\/de\/wp-json\/wp\/v2\/product_tag?post=30246"}],"curies":[{"name":"wp","href":"https:\/\/api.w.org\/{rel}","templated":true}]}}