{"id":30263,"date":"2022-08-17T10:59:15","date_gmt":"2022-08-17T08:59:15","guid":{"rendered":"https:\/\/sigletos.gr\/?post_type=product&#038;p=30263"},"modified":"2022-08-17T10:59:16","modified_gmt":"2022-08-17T08:59:16","slug":"%ce%b3%cf%8d%cf%88%ce%bf%cf%82-%ce%bf%ce%b9%ce%ba%ce%bf%ce%b4%ce%bf%ce%bc%ce%b9%ce%ba%cf%8e%ce%bd-%ce%b5%cf%86%ce%b1%cf%81%ce%bc%ce%bf%ce%b3%cf%8e%ce%bd-%cf%84%ce%b1%cf%87%ce%b5%ce%af%ce%b1%cf%82","status":"publish","type":"product","link":"https:\/\/sigletos.gr\/de\/produkt\/%ce%b3%cf%8d%cf%88%ce%bf%cf%82-%ce%bf%ce%b9%ce%ba%ce%bf%ce%b4%ce%bf%ce%bc%ce%b9%ce%ba%cf%8e%ce%bd-%ce%b5%cf%86%ce%b1%cf%81%ce%bc%ce%bf%ce%b3%cf%8e%ce%bd-%cf%84%ce%b1%cf%87%ce%b5%ce%af%ce%b1%cf%82\/","title":{"rendered":"ISOMIX BAUGYPSUM Schnellgips f\u00fcr Bauanwendungen"},"content":{"rendered":"<p>VORTEILE<br \/>\n\u2022 Hervorragende Haftung<br \/>\n\u2022 Hohe Haltbarkeit<br \/>\n\u2022 Leicht mit Wasser mischbar<br \/>\n\u2022 Cremige, homogene Textur<br \/>\n\u2022 Trocknet schnell<br \/>\n\u2022 L\u00e4sst sich leicht reiben<br \/>\n\u2022 Schrumpft leicht<br \/>\nANWENDUNGEN<br \/>\n\u2022 Lochschlie\u00dfung und Rissreparatur.<br \/>\n\u2022 Installation \u2013 Unterst\u00fctzung verschiedener Komponenten (elektrisch,<br \/>\nSanit\u00e4rinstallationen usw.)<br \/>\n\u2022 Oberfl\u00e4chenschleifreparaturarbeiten<br \/>\n\u2022 Bau von Kunstwerken<\/p>","protected":false},"excerpt":{"rendered":"<p>ISOMIX BAUGYSPUM ist ein schnell abbindender Bauputz. Er basiert auf<br \/>\nin einer besonderen Qualit\u00e4t von Gips und hat spezielle Additive, die au\u00dfergew\u00f6hnliche<br \/>\nAusgezeichnete Verarbeitbarkeit, Haftung und Festigkeit. Leicht mit Wasser mischbar und<br \/>\nEs entsteht eine cremige Mischung mit homogener Textur. Es eignet sich<br \/>\nf\u00fcr Bauanwendungen wie Ausbesserungs- und Nivellierungsarbeiten<br \/>\nTrocknet schnell und l\u00e4uft nur minimal ein<\/p>","protected":false},"featured_media":30264,"comment_status":"closed","ping_status":"closed","template":"","meta":[],"product_brand":[],"product_cat":[905,1754],"product_tag":[],"class_list":{"0":"post-30263","1":"product","2":"type-product","3":"status-publish","4":"has-post-thumbnail","6":"product_cat-905","7":"product_cat-1754","8":"pa_brand-mercola","9":"pa_-4kg","11":"first","12":"instock","13":"taxable","14":"shipping-taxable","15":"purchasable","16":"product-type-simple"},"_links":{"self":[{"href":"https:\/\/sigletos.gr\/de\/wp-json\/wp\/v2\/product\/30263","targetHints":{"allow":["GET"]}}],"collection":[{"href":"https:\/\/sigletos.gr\/de\/wp-json\/wp\/v2\/product"}],"about":[{"href":"https:\/\/sigletos.gr\/de\/wp-json\/wp\/v2\/types\/product"}],"replies":[{"embeddable":true,"href":"https:\/\/sigletos.gr\/de\/wp-json\/wp\/v2\/comments?post=30263"}],"version-history":[{"count":0,"href":"https:\/\/sigletos.gr\/de\/wp-json\/wp\/v2\/product\/30263\/revisions"}],"wp:featuredmedia":[{"embeddable":true,"href":"https:\/\/sigletos.gr\/de\/wp-json\/wp\/v2\/media\/30264"}],"wp:attachment":[{"href":"https:\/\/sigletos.gr\/de\/wp-json\/wp\/v2\/media?parent=30263"}],"wp:term":[{"taxonomy":"product_brand","embeddable":true,"href":"https:\/\/sigletos.gr\/de\/wp-json\/wp\/v2\/product_brand?post=30263"},{"taxonomy":"product_cat","embeddable":true,"href":"https:\/\/sigletos.gr\/de\/wp-json\/wp\/v2\/product_cat?post=30263"},{"taxonomy":"product_tag","embeddable":true,"href":"https:\/\/sigletos.gr\/de\/wp-json\/wp\/v2\/product_tag?post=30263"}],"curies":[{"name":"wp","href":"https:\/\/api.w.org\/{rel}","templated":true}]}}