{"id":30316,"date":"2022-08-17T12:03:02","date_gmt":"2022-08-17T10:03:02","guid":{"rendered":"https:\/\/sigletos.gr\/?post_type=product&#038;p=30316"},"modified":"2022-08-17T12:03:03","modified_gmt":"2022-08-17T10:03:03","slug":"%ce%b3%ce%b1%ce%bb%ce%ac%ce%ba%cf%84%cf%89%ce%bc%ce%b1-%ce%bb%ce%b1%ce%b4%ce%b9%ce%bf%cf%8d-%cf%80%cf%81%ce%bf%cf%83%cf%84%ce%b1%cf%83%ce%af%ce%b1%cf%82-%ce%be%cf%85%ce%bb%ce%bf%cf%84%cf%8d%cf%80","status":"publish","type":"product","link":"https:\/\/sigletos.gr\/de\/produkt\/%ce%b3%ce%b1%ce%bb%ce%ac%ce%ba%cf%84%cf%89%ce%bc%ce%b1-%ce%bb%ce%b1%ce%b4%ce%b9%ce%bf%cf%8d-%cf%80%cf%81%ce%bf%cf%83%cf%84%ce%b1%cf%83%ce%af%ce%b1%cf%82-%ce%be%cf%85%ce%bb%ce%bf%cf%84%cf%8d%cf%80\/","title":{"rendered":"ISOMIX XYLOTIP Schalungs- und Stahlschalungsschutz\u00f6lemulsion"},"content":{"rendered":"<p>VORTEILE<br \/>\n\u2022 Starke Antihaftwirkung<br \/>\n\u2022 Vermeidung der Bildung von Luftblasen auf der Oberfl\u00e4che<br \/>\nBeton<br \/>\n\u2022 Entfernen von Fettr\u00fcckst\u00e4nden von der Betonoberfl\u00e4che<br \/>\noder \u00d6l<br \/>\n\u2022 Hervorragende Haftung von Putz oder Farbe auf der Oberfl\u00e4che<br \/>\nBeton<br \/>\n\u2022 Wirtschaftlichkeit durch geringen Verbrauch<br \/>\n\u2022 Schutz von Stahlformen vor Korrosion sowie Wartung<br \/>\nder Schalung<br \/>\n\u2022 Leicht von Beton zu reinigen<br \/>\nANWENDUNGEN<br \/>\n\u2022 Antihaftbeschichtung auf allen Schalungsarten und<br \/>\nEs ist ideal zum Erreichen glatter Oberfl\u00e4chen<br \/>\nSichtbeton<br \/>\nERTRAG: 12 \u2013 20 m2\/L<\/p>","protected":false},"excerpt":{"rendered":"<p>VORTEILE \u2022 Starke Antihaftwirkung \u2022 Vermeidung von Luftblasen auf der Betonoberfl\u00e4che \u2022 Freilegen der Betonoberfl\u00e4che<\/p>","protected":false},"featured_media":30317,"comment_status":"closed","ping_status":"closed","template":"","meta":[],"product_brand":[],"product_cat":[1763,905],"product_tag":[],"class_list":{"0":"post-30316","1":"product","2":"type-product","3":"status-publish","4":"has-post-thumbnail","6":"product_cat-1763","7":"product_cat-905","8":"pa_brand-mercola","9":"pa_-20lt","11":"first","12":"instock","13":"taxable","14":"shipping-taxable","15":"purchasable","16":"product-type-simple"},"_links":{"self":[{"href":"https:\/\/sigletos.gr\/de\/wp-json\/wp\/v2\/product\/30316","targetHints":{"allow":["GET"]}}],"collection":[{"href":"https:\/\/sigletos.gr\/de\/wp-json\/wp\/v2\/product"}],"about":[{"href":"https:\/\/sigletos.gr\/de\/wp-json\/wp\/v2\/types\/product"}],"replies":[{"embeddable":true,"href":"https:\/\/sigletos.gr\/de\/wp-json\/wp\/v2\/comments?post=30316"}],"version-history":[{"count":0,"href":"https:\/\/sigletos.gr\/de\/wp-json\/wp\/v2\/product\/30316\/revisions"}],"wp:featuredmedia":[{"embeddable":true,"href":"https:\/\/sigletos.gr\/de\/wp-json\/wp\/v2\/media\/30317"}],"wp:attachment":[{"href":"https:\/\/sigletos.gr\/de\/wp-json\/wp\/v2\/media?parent=30316"}],"wp:term":[{"taxonomy":"product_brand","embeddable":true,"href":"https:\/\/sigletos.gr\/de\/wp-json\/wp\/v2\/product_brand?post=30316"},{"taxonomy":"product_cat","embeddable":true,"href":"https:\/\/sigletos.gr\/de\/wp-json\/wp\/v2\/product_cat?post=30316"},{"taxonomy":"product_tag","embeddable":true,"href":"https:\/\/sigletos.gr\/de\/wp-json\/wp\/v2\/product_tag?post=30316"}],"curies":[{"name":"wp","href":"https:\/\/api.w.org\/{rel}","templated":true}]}}