{"id":30332,"date":"2022-08-17T12:25:58","date_gmt":"2022-08-17T10:25:58","guid":{"rendered":"https:\/\/sigletos.gr\/?post_type=product&#038;p=30332"},"modified":"2022-08-17T12:25:59","modified_gmt":"2022-08-17T10:25:59","slug":"%ce%b9%cf%83%cf%87%cf%85%cf%81%cf%8c-%ce%ba%ce%b1%ce%b8%ce%b1%cf%81%ce%b9%cf%83%cf%84%ce%b9%ce%ba%cf%8c-%ce%b3%ce%b9%ce%b1-%ce%bb%ce%af%cf%80%ce%b7-cl-27-grease-cleaner","status":"publish","type":"product","link":"https:\/\/sigletos.gr\/de\/produkt\/%ce%b9%cf%83%cf%87%cf%85%cf%81%cf%8c-%ce%ba%ce%b1%ce%b8%ce%b1%cf%81%ce%b9%cf%83%cf%84%ce%b9%ce%ba%cf%8c-%ce%b3%ce%b9%ce%b1-%ce%bb%ce%af%cf%80%ce%b7-cl-27-grease-cleaner\/","title":{"rendered":"Kraftvoller Fettreiniger CL 27 GREASE CLEANER"},"content":{"rendered":"<p>VORTEILE<br \/>\n\u2022 Bietet sofortige Aktion<br \/>\n\u2022 Wirksam bei hartn\u00e4ckigen Flecken<br \/>\n\u2022 Arbeiten in der Tiefe<br \/>\n\u2022 Geeignet f\u00fcr viele Oberfl\u00e4chen<br \/>\n\u2022 F\u00fcr den Innen- und Au\u00dfenbereich geeignet<br \/>\n\u2022 Einfach zu verwenden<br \/>\nANWENDUNGEN<br \/>\nCL 27 FETT-REINIGER ist geeignet f\u00fcr:<br \/>\n\u2022 Grills, \u00d6fen, Grills und Grills<br \/>\n\u2022 Dunstabzugshauben und Sp\u00fclbecken<br \/>\n\u2022 Fliesen, Arbeitsplatten, Schr\u00e4nke und K\u00fcchenutensilien<br \/>\n\u2022 Edelstahl, verzinkte, Keramik-, Kunststoffoberfl\u00e4chen<br \/>\nund Aluminiumoberfl\u00e4chen<\/p>","protected":false},"excerpt":{"rendered":"<p>CL 27 FETT-REINIGER ist ein kraftvoller Reiniger, der eingetrocknetes Fett entfernt.<br \/>\nund verbrannte \u00d6le und Fette von Grills, Grills, \u00d6fen, Dunstabzugshauben-<br \/>\nWaschbecken usw. Seine spezielle Zusammensetzung wirkt in der Tiefe und entfernt<br \/>\nentfernt schnell und einfach angesammelte Fettablagerungen von allen Oberfl\u00e4chen<br \/>\nOberfl\u00e4chen. F\u00fcr den Innen- und Au\u00dfenbereich geeignet.<\/p>","protected":false},"featured_media":30333,"comment_status":"closed","ping_status":"closed","template":"","meta":[],"product_brand":[],"product_cat":[875,1381],"product_tag":[],"class_list":{"0":"post-30332","1":"product","2":"type-product","3":"status-publish","4":"has-post-thumbnail","6":"product_cat-875","7":"product_cat-1381","8":"pa_brand-mercola","9":"pa_-1lt","10":"pa_-4lt","11":"pa_-500ml-spray","13":"first","14":"instock","15":"taxable","16":"shipping-taxable","17":"purchasable","18":"product-type-variable"},"_links":{"self":[{"href":"https:\/\/sigletos.gr\/de\/wp-json\/wp\/v2\/product\/30332","targetHints":{"allow":["GET"]}}],"collection":[{"href":"https:\/\/sigletos.gr\/de\/wp-json\/wp\/v2\/product"}],"about":[{"href":"https:\/\/sigletos.gr\/de\/wp-json\/wp\/v2\/types\/product"}],"replies":[{"embeddable":true,"href":"https:\/\/sigletos.gr\/de\/wp-json\/wp\/v2\/comments?post=30332"}],"version-history":[{"count":0,"href":"https:\/\/sigletos.gr\/de\/wp-json\/wp\/v2\/product\/30332\/revisions"}],"wp:featuredmedia":[{"embeddable":true,"href":"https:\/\/sigletos.gr\/de\/wp-json\/wp\/v2\/media\/30333"}],"wp:attachment":[{"href":"https:\/\/sigletos.gr\/de\/wp-json\/wp\/v2\/media?parent=30332"}],"wp:term":[{"taxonomy":"product_brand","embeddable":true,"href":"https:\/\/sigletos.gr\/de\/wp-json\/wp\/v2\/product_brand?post=30332"},{"taxonomy":"product_cat","embeddable":true,"href":"https:\/\/sigletos.gr\/de\/wp-json\/wp\/v2\/product_cat?post=30332"},{"taxonomy":"product_tag","embeddable":true,"href":"https:\/\/sigletos.gr\/de\/wp-json\/wp\/v2\/product_tag?post=30332"}],"curies":[{"name":"wp","href":"https:\/\/api.w.org\/{rel}","templated":true}]}}