{"id":30373,"date":"2022-08-18T07:41:05","date_gmt":"2022-08-18T05:41:05","guid":{"rendered":"https:\/\/sigletos.gr\/?post_type=product&#038;p=30373"},"modified":"2022-08-18T07:41:06","modified_gmt":"2022-08-18T05:41:06","slug":"%cf%80%ce%ac%cf%83%cf%84%ce%b1-%ce%ba%ce%b1%ce%b8%ce%b1%cf%81%ce%b9%cf%83%ce%bc%ce%bf%cf%8d-%cf%87%ce%b5%cf%81%ce%b9%cf%8e%ce%bd-%ce%b3%ce%b9%ce%b1-%cf%83%ce%ba%ce%bb%ce%b7%cf%81%ce%bf%cf%8d%cf%82","status":"publish","type":"product","link":"https:\/\/sigletos.gr\/de\/produkt\/%cf%80%ce%ac%cf%83%cf%84%ce%b1-%ce%ba%ce%b1%ce%b8%ce%b1%cf%81%ce%b9%cf%83%ce%bc%ce%bf%cf%8d-%cf%87%ce%b5%cf%81%ce%b9%cf%8e%ce%bd-%ce%b3%ce%b9%ce%b1-%cf%83%ce%ba%ce%bb%ce%b7%cf%81%ce%bf%cf%8d%cf%82\/","title":{"rendered":"Handreinigungspaste f\u00fcr hartn\u00e4ckige Flecken CL 48 HEAVY DUTY HAND CLEANER PASTE"},"content":{"rendered":"<p>VORTEILE<br \/>\n\u2022 Hervorragende Reinigungswirkung<br \/>\n\u2022 Tiefenreinigung und zugleich schonende Reinigung<br \/>\n\u2022 Mit nat\u00fcrlichem Orangenschalenextrakt, d-Limonen<br \/>\n\u2022 Enth\u00e4lt keine allergenen Substanzen<br \/>\n\u2022 Klebt nicht, hinterl\u00e4sst keine unangenehmen Ger\u00fcche<br \/>\n\u2022 Kein Wasser erforderlich<br \/>\n\u2022 Umweltfreundlich<br \/>\nANWENDUNGEN<br \/>\nCL 48 HEAVY DUTY HAND CLEANER PASTE ist ideal f\u00fcr:<br \/>\n\u2022 Fachkr\u00e4fte, die in Autowerkst\u00e4tten, Druckereien,<br \/>\nBauarbeiten (Maler, Klempner usw.), Maschinenwerkst\u00e4tten,<br \/>\nSchiffbau- und Reparatureinheiten, Metallkonstruktionen usw.<br \/>\n\u2022 Industrie, Handwerk<\/p>","protected":false},"excerpt":{"rendered":"<p>CL 48 HEAVY DUTY HAND CLEANER PASTE ist eine Paste f\u00fcr einfache<br \/>\nund effektive Reinigung der H\u00e4nde von hartn\u00e4ckigen Flecken wie<br \/>\nFette, Teer, Farben, Zement, Putze, Klebstoffe, Tinten, Erde,<br \/>\nusw. Dank des nat\u00fcrlichen Orangenschalenextrakts, d-Limonen,<br \/>\nbekannt f\u00fcr seine reinigende Wirkung, reinigt es H\u00e4nde gr\u00fcndlich und<br \/>\nGleichzeitig pflegt es sie und macht sie weich, ohne zu kleben und ohne<br \/>\nunangenehme Ger\u00fcche. Enth\u00e4lt keine allergenen Substanzen, Ammoniak, Phosphate<br \/>\nSalze und Erd\u00f6lderivate. CL 48 Handreinigungspaste<br \/>\nHEAVY DUTY HAND CLEANER PASTE ist umweltfreundlich und<br \/>\nDer Benutzer. F\u00fcr die Verwendung wird kein Wasser ben\u00f6tigt.<\/p>","protected":false},"featured_media":30374,"comment_status":"closed","ping_status":"closed","template":"","meta":[],"product_brand":[],"product_cat":[875,1381],"product_tag":[],"class_list":{"0":"post-30373","1":"product","2":"type-product","3":"status-publish","4":"has-post-thumbnail","6":"product_cat-875","7":"product_cat-1381","8":"pa_brand-mercola","9":"pa_-1kg","10":"pa_-4kg","12":"first","13":"instock","14":"taxable","15":"shipping-taxable","16":"purchasable","17":"product-type-variable"},"_links":{"self":[{"href":"https:\/\/sigletos.gr\/de\/wp-json\/wp\/v2\/product\/30373","targetHints":{"allow":["GET"]}}],"collection":[{"href":"https:\/\/sigletos.gr\/de\/wp-json\/wp\/v2\/product"}],"about":[{"href":"https:\/\/sigletos.gr\/de\/wp-json\/wp\/v2\/types\/product"}],"replies":[{"embeddable":true,"href":"https:\/\/sigletos.gr\/de\/wp-json\/wp\/v2\/comments?post=30373"}],"version-history":[{"count":0,"href":"https:\/\/sigletos.gr\/de\/wp-json\/wp\/v2\/product\/30373\/revisions"}],"wp:featuredmedia":[{"embeddable":true,"href":"https:\/\/sigletos.gr\/de\/wp-json\/wp\/v2\/media\/30374"}],"wp:attachment":[{"href":"https:\/\/sigletos.gr\/de\/wp-json\/wp\/v2\/media?parent=30373"}],"wp:term":[{"taxonomy":"product_brand","embeddable":true,"href":"https:\/\/sigletos.gr\/de\/wp-json\/wp\/v2\/product_brand?post=30373"},{"taxonomy":"product_cat","embeddable":true,"href":"https:\/\/sigletos.gr\/de\/wp-json\/wp\/v2\/product_cat?post=30373"},{"taxonomy":"product_tag","embeddable":true,"href":"https:\/\/sigletos.gr\/de\/wp-json\/wp\/v2\/product_tag?post=30373"}],"curies":[{"name":"wp","href":"https:\/\/api.w.org\/{rel}","templated":true}]}}