{"id":30377,"date":"2022-08-18T07:44:11","date_gmt":"2022-08-18T05:44:11","guid":{"rendered":"https:\/\/sigletos.gr\/?post_type=product&#038;p=30377"},"modified":"2022-08-18T07:44:12","modified_gmt":"2022-08-18T05:44:12","slug":"%ce%b9%cf%83%cf%87%cf%85%cf%81%cf%8c-%cf%83%cf%85%ce%bc%cf%80%cf%85%ce%ba%ce%bd%cf%89%ce%bc%ce%ad%ce%bd%ce%bf-%ce%b1%cf%80%ce%bf%cf%86%cf%81%ce%b1%ce%ba%cf%84%ce%b9%ce%ba%cf%8c-%ce%b1%cf%80%ce%bf","status":"publish","type":"product","link":"https:\/\/sigletos.gr\/de\/produkt\/%ce%b9%cf%83%cf%87%cf%85%cf%81%cf%8c-%cf%83%cf%85%ce%bc%cf%80%cf%85%ce%ba%ce%bd%cf%89%ce%bc%ce%ad%ce%bd%ce%bf-%ce%b1%cf%80%ce%bf%cf%86%cf%81%ce%b1%ce%ba%cf%84%ce%b9%ce%ba%cf%8c-%ce%b1%cf%80%ce%bf\/","title":{"rendered":"Kraftvoller konzentrierter Abflussreiniger CL 16 VIT CLEAN"},"content":{"rendered":"<p>VORTEILE<br \/>\n\u2022 Bietet sofortige Aktion<br \/>\n\u2022 Geeignet f\u00fcr Notverstopfungen<br \/>\n\u2022 Geeignet f\u00fcr das gesamte Abwassernetz<br \/>\n\u2022 Greift Porzellan, Rohre und Edelstahl nicht an<br \/>\nOberfl\u00e4chen<br \/>\n\u2022 Professionelles Produkt<br \/>\nANWENDUNGEN<br \/>\nCL 16 VIT CLEAN eignet sich besonders f\u00fcr die sofortige und effektive<br \/>\nmechanische Verstopfungen von Abwassernetzen in Krankenh\u00e4usern, Hotels,<br \/>\nRestaurants, Fabriken, \u00f6ffentliche Geb\u00e4ude, H\u00e4user usw. Es ist das<br \/>\nwirtschaftliche Art der Beseitigung von Verstopfungen \u2013 Instandhaltung des Kanalnetzes.<br \/>\nSeine regelm\u00e4\u00dfige Anwendung gew\u00e4hrleistet die Reinigung von<br \/>\nAbfl\u00fcsse und den richtigen Wasserfluss, um Verstopfungen zu vermeiden<br \/>\nund unangenehme Ger\u00fcche.<br \/>\nERGIEBIGKEIT: 1 l zum Reinigen von Waschbecken, Sp\u00fclbecken, Becken, Siphons<\/p>","protected":false},"excerpt":{"rendered":"<p>CL 16 VIT CLEAN ist ein kraftvolles, konzentriertes, saures Abschwellmittel<br \/>\nDrainagefl\u00fcssigkeit, auch f\u00fcr den professionellen Einsatz geeignet. Es hat direkte<br \/>\nWirkung und ist f\u00fcr das gesamte Abwassernetz geeignet. Es ist schwerer<br \/>\naus dem Wasser und dringt leicht ein, bis zu der Stelle, wo es blockiert ist<br \/>\ndie Kanalisation. Es befreit Rohre und Waschbecken in wenigen Minuten.<br \/>\nWaschbecken, Badewannen, Toiletten, Kanalisationsnetze usw. Es l\u00f6st die<br \/>\nangesammeltes Fett, Papier, Zigarettenkippen, Seifen, Haare, Speisereste und<br \/>\norganische R\u00fcckst\u00e4nde, die den Abfluss verstopft haben. Geeignet f\u00fcr<br \/>\nNotverstopfungen. Greift Porzellan, Rohre und<br \/>\ndie Edelstahloberfl\u00e4chen.<\/p>","protected":false},"featured_media":30378,"comment_status":"closed","ping_status":"closed","template":"","meta":[],"product_brand":[],"product_cat":[875,1381],"product_tag":[],"class_list":{"0":"post-30377","1":"product","2":"type-product","3":"status-publish","4":"has-post-thumbnail","6":"product_cat-875","7":"product_cat-1381","8":"pa_brand-mercola","9":"pa_-1lt","11":"first","12":"instock","13":"taxable","14":"shipping-taxable","15":"purchasable","16":"product-type-simple"},"_links":{"self":[{"href":"https:\/\/sigletos.gr\/de\/wp-json\/wp\/v2\/product\/30377","targetHints":{"allow":["GET"]}}],"collection":[{"href":"https:\/\/sigletos.gr\/de\/wp-json\/wp\/v2\/product"}],"about":[{"href":"https:\/\/sigletos.gr\/de\/wp-json\/wp\/v2\/types\/product"}],"replies":[{"embeddable":true,"href":"https:\/\/sigletos.gr\/de\/wp-json\/wp\/v2\/comments?post=30377"}],"version-history":[{"count":0,"href":"https:\/\/sigletos.gr\/de\/wp-json\/wp\/v2\/product\/30377\/revisions"}],"wp:featuredmedia":[{"embeddable":true,"href":"https:\/\/sigletos.gr\/de\/wp-json\/wp\/v2\/media\/30378"}],"wp:attachment":[{"href":"https:\/\/sigletos.gr\/de\/wp-json\/wp\/v2\/media?parent=30377"}],"wp:term":[{"taxonomy":"product_brand","embeddable":true,"href":"https:\/\/sigletos.gr\/de\/wp-json\/wp\/v2\/product_brand?post=30377"},{"taxonomy":"product_cat","embeddable":true,"href":"https:\/\/sigletos.gr\/de\/wp-json\/wp\/v2\/product_cat?post=30377"},{"taxonomy":"product_tag","embeddable":true,"href":"https:\/\/sigletos.gr\/de\/wp-json\/wp\/v2\/product_tag?post=30377"}],"curies":[{"name":"wp","href":"https:\/\/api.w.org\/{rel}","templated":true}]}}