{"id":30857,"date":"2022-08-29T08:29:48","date_gmt":"2022-08-29T06:29:48","guid":{"rendered":"https:\/\/sigletos.gr\/?post_type=product&#038;p=30857"},"modified":"2022-08-29T08:29:49","modified_gmt":"2022-08-29T06:29:49","slug":"%cf%84%ce%b1%ce%b9%ce%bd%ce%af%ce%b5%cf%82-%cf%80%ce%b5%cf%81%ce%b9%ce%b8%cf%89%cf%81%ce%af%ce%bf%cf%85-raukantex-color-abs","status":"publish","type":"product","link":"https:\/\/sigletos.gr\/de\/produkt\/%cf%84%ce%b1%ce%b9%ce%bd%ce%af%ce%b5%cf%82-%cf%80%ce%b5%cf%81%ce%b9%ce%b8%cf%89%cf%81%ce%af%ce%bf%cf%85-raukantex-color-abs\/","title":{"rendered":"RAUKANTEX Color ABS Kanten"},"content":{"rendered":"<p>\u03a4\u03b1 \u03c0\u03bb\u03b5\u03bf\u03bd\u03b5\u03ba\u03c4\u03ae\u03bc\u03b1\u03c4\u03b1 \u03b3\u03b9\u03b1 \u03b5\u03c3\u03ac\u03c2:<br \/>\n\u25aa\u03c0\u03b5\u03c1\u03b9\u03c3\u03c3\u03cc\u03c4\u03b5\u03c1\u03b1 \u03b1\u03c0\u03cc 800 \u03c7\u03c1\u03ce\u03bc\u03b1\u03c4\u03b1 \u03ac\u03bc\u03b5\u03c3\u03b1 \u03b4\u03b9\u03b1\u03b8\u03ad\u03c3\u03b9\u03bc\u03b1<br \/>\n\u25aa\u039f\u03bc\u03bf\u03b9\u03cc\u03bc\u03bf\u03c1\u03c6\u03b7 \u03b5\u03bc\u03c6\u03ac\u03bd\u03b9\u03c3\u03b7<\/p>","protected":false},"excerpt":{"rendered":"<p>RAUKANTEX color ist die Kantenpalette f\u00fcr alle monochromen Farbt\u00f6ne. Dank unserer langj\u00e4hrigen Erfahrung im professionellen Farbmanagement finden Sie bei REHAU immer die passende monochrome Kante f\u00fcr Ihr Projekt. Ob zeitloses Wei\u00df oder Sonderfarben f\u00fcr Shop- oder Gastronomieelemente.<\/p>","protected":false},"featured_media":30858,"comment_status":"closed","ping_status":"closed","template":"","meta":[],"product_brand":[],"product_cat":[1883],"product_tag":[],"class_list":{"0":"post-30857","1":"product","2":"type-product","3":"status-publish","4":"has-post-thumbnail","6":"product_cat-1883","7":"pa_brand-rehau","8":"pa_-104-x-08-mm","9":"pa_-104-x-20-mm","10":"pa_-22-x-04-mm","11":"pa_-23-x-08-mm","12":"pa_-23-x-20-mm","13":"pa_-28-x-08-mm","14":"pa_-28-x-20-mm","15":"pa_-33-x-08-mm","16":"pa_-33-x-20-mm","17":"pa_-43-x-08-mm","18":"pa_-43-x-20-mm","19":"pa_-54-x-08-mm","20":"pa_-54-x-20-mm","21":"pa_-64-x-08-mm","22":"pa_-64-x-20-mm","23":"pa_-100-m","24":"pa_-150-m","25":"pa_-300-m","26":"pa_-1-200m4-","27":"pa_-100m1-","28":"pa_-150m1-","29":"pa_-200m2-","30":"pa_-300m3-","31":"pa_-400-m-4-","32":"pa_-450m3-","33":"pa_-600m4-","35":"first","36":"instock","37":"taxable","38":"shipping-taxable","39":"product-type-variable"},"_links":{"self":[{"href":"https:\/\/sigletos.gr\/de\/wp-json\/wp\/v2\/product\/30857","targetHints":{"allow":["GET"]}}],"collection":[{"href":"https:\/\/sigletos.gr\/de\/wp-json\/wp\/v2\/product"}],"about":[{"href":"https:\/\/sigletos.gr\/de\/wp-json\/wp\/v2\/types\/product"}],"replies":[{"embeddable":true,"href":"https:\/\/sigletos.gr\/de\/wp-json\/wp\/v2\/comments?post=30857"}],"version-history":[{"count":0,"href":"https:\/\/sigletos.gr\/de\/wp-json\/wp\/v2\/product\/30857\/revisions"}],"wp:featuredmedia":[{"embeddable":true,"href":"https:\/\/sigletos.gr\/de\/wp-json\/wp\/v2\/media\/30858"}],"wp:attachment":[{"href":"https:\/\/sigletos.gr\/de\/wp-json\/wp\/v2\/media?parent=30857"}],"wp:term":[{"taxonomy":"product_brand","embeddable":true,"href":"https:\/\/sigletos.gr\/de\/wp-json\/wp\/v2\/product_brand?post=30857"},{"taxonomy":"product_cat","embeddable":true,"href":"https:\/\/sigletos.gr\/de\/wp-json\/wp\/v2\/product_cat?post=30857"},{"taxonomy":"product_tag","embeddable":true,"href":"https:\/\/sigletos.gr\/de\/wp-json\/wp\/v2\/product_tag?post=30857"}],"curies":[{"name":"wp","href":"https:\/\/api.w.org\/{rel}","templated":true}]}}