{"id":30971,"date":"2022-08-29T10:19:18","date_gmt":"2022-08-29T08:19:18","guid":{"rendered":"https:\/\/sigletos.gr\/?post_type=product&#038;p=30971"},"modified":"2022-08-29T10:20:32","modified_gmt":"2022-08-29T08:20:32","slug":"%ce%b5%cf%80%ce%b9%cf%86%ce%b1%ce%bd%ce%b5%ce%b9%ce%b5%cf%83-glass-laminate-rauvisio-crystal-uni-composite","status":"publish","type":"product","link":"https:\/\/sigletos.gr\/de\/produkt\/%ce%b5%cf%80%ce%b9%cf%86%ce%b1%ce%bd%ce%b5%ce%b9%ce%b5%cf%83-glass-laminate-rauvisio-crystal-uni-composite\/","title":{"rendered":"GLAS-LAMINAT-OBERFL\u00c4CHEN RAUVISIO CRYSTAL UNI COMPOSITE"},"content":{"rendered":"<p>Hochglanz \/ Matt \u2013 Gepresste Platte<br \/>\n(Laminate \u0393\u03c5\u03b1\u03bb\u03b9\u03bf\u03cd 2mm \u03c0\u03ac\u03bd\u03c9 \u03c3\u03b5 balance \u03c0\u03bf\u03bb\u03c5\u03c3\u03c4\u03b5\u03c1\u03cc\u03bb\u03b7\u03c2, \u03af\u03b4\u03b9\u03bf\u03c5 \u03c7\u03c1\u03ce\u03bc\u03b1\u03c4\u03bf\u03c2 2mm \u03bc\u03b5 MDF 15mm)<br \/>\n\u0394\u03b9\u03b1\u03c3\u03c4\u03ac\u03c3\u03b5\u03b9\u03c2: 2.800 x 1.300 x 19 mm<\/p>","protected":false},"excerpt":{"rendered":"<p>Glas verleiht M\u00f6beln Wert, Eleganz und Qualit\u00e4t. Rauvisio Crystal aus Polymerwerkstoffen erm\u00f6glicht Ihren Kunden, den edlen Look von Glas in ihr Zuhause zu bringen. Die vielf\u00e4ltigen Eigenschaften dieses Materials lassen Raum f\u00fcr Kreativit\u00e4t und Fantasie. Rauvisio Crystal macht Unerwartetes m\u00f6glich.<\/p>","protected":false},"featured_media":30970,"comment_status":"closed","ping_status":"closed","template":"","meta":[],"product_brand":[],"product_cat":[1883],"product_tag":[],"class_list":{"0":"post-30971","1":"product","2":"type-product","3":"status-publish","4":"has-post-thumbnail","6":"product_cat-1883","7":"pa_brand-rehau","8":"pa_color-bianco-high-gloss","9":"pa_color-bianco-matt","10":"pa_color-fumo-high-gloss","11":"pa_color-fumo-matt","12":"pa_color-grafite-high-gloss","13":"pa_color-grafite-matt","14":"pa_color-magnolia-high-gloss","15":"pa_color-magnolia-matt","16":"pa_color-menta-high-gloss","17":"pa_color-menta-matt","18":"pa_color-nebbia-high-gloss","19":"pa_color-nebbia-matt","20":"pa_color-neve-high-gloss","21":"pa_color-neve-matt","22":"pa_color-perla-high-gloss","23":"pa_color-perla-matt","24":"pa_color-piano-high-gloss","25":"pa_color-piano-matt","26":"pa_color-sabbia-high-gloss","27":"pa_color-sabbia-matt","28":"pa_color-terriccio-high-gloss","29":"pa_color-terriccio-matt","30":"pa_color-titanio-high-gloss","31":"pa_color-titanio-matt","33":"first","34":"instock","35":"taxable","36":"shipping-taxable","37":"product-type-simple"},"_links":{"self":[{"href":"https:\/\/sigletos.gr\/de\/wp-json\/wp\/v2\/product\/30971","targetHints":{"allow":["GET"]}}],"collection":[{"href":"https:\/\/sigletos.gr\/de\/wp-json\/wp\/v2\/product"}],"about":[{"href":"https:\/\/sigletos.gr\/de\/wp-json\/wp\/v2\/types\/product"}],"replies":[{"embeddable":true,"href":"https:\/\/sigletos.gr\/de\/wp-json\/wp\/v2\/comments?post=30971"}],"version-history":[{"count":0,"href":"https:\/\/sigletos.gr\/de\/wp-json\/wp\/v2\/product\/30971\/revisions"}],"wp:featuredmedia":[{"embeddable":true,"href":"https:\/\/sigletos.gr\/de\/wp-json\/wp\/v2\/media\/30970"}],"wp:attachment":[{"href":"https:\/\/sigletos.gr\/de\/wp-json\/wp\/v2\/media?parent=30971"}],"wp:term":[{"taxonomy":"product_brand","embeddable":true,"href":"https:\/\/sigletos.gr\/de\/wp-json\/wp\/v2\/product_brand?post=30971"},{"taxonomy":"product_cat","embeddable":true,"href":"https:\/\/sigletos.gr\/de\/wp-json\/wp\/v2\/product_cat?post=30971"},{"taxonomy":"product_tag","embeddable":true,"href":"https:\/\/sigletos.gr\/de\/wp-json\/wp\/v2\/product_tag?post=30971"}],"curies":[{"name":"wp","href":"https:\/\/api.w.org\/{rel}","templated":true}]}}