{"id":32733,"date":"2022-10-14T10:43:27","date_gmt":"2022-10-14T07:43:27","guid":{"rendered":"https:\/\/sigletos.gr\/?post_type=product&#038;p=32733"},"modified":"2022-10-14T10:43:28","modified_gmt":"2022-10-14T07:43:28","slug":"%ce%b7%ce%bb%ce%b5%ce%ba%cf%84%cf%81%ce%b9%ce%ba%cf%8c-%cf%88%ce%b1%ce%bb%ce%af%ce%b4%ce%b9-bcl25","status":"publish","type":"product","link":"https:\/\/sigletos.gr\/de\/produkt\/%ce%b7%ce%bb%ce%b5%ce%ba%cf%84%cf%81%ce%b9%ce%ba%cf%8c-%cf%88%ce%b1%ce%bb%ce%af%ce%b4%ce%b9-bcl25\/","title":{"rendered":"Elektrische Schere BCL25"},"content":{"rendered":"","protected":false},"excerpt":{"rendered":"<p>Mit der BCL25 k\u00f6nnen Sie Granat\u00e4pfel und gro\u00dfe oder alte Zierb\u00e4ume m\u00fchelos beschneiden. Diese leistungsstarke Gartenschere erm\u00f6glicht Ihnen volle Bewegungsfreiheit beim Schneiden, ohne das Kabel versehentlich zu durchtrennen. Jeder Akku bietet je nach Anwendung eine Betriebszeit von 3 bis 4 Stunden.<\/p>","protected":false},"featured_media":32734,"comment_status":"closed","ping_status":"closed","template":"","meta":[],"product_brand":[],"product_cat":[919,924],"product_tag":[],"class_list":{"0":"post-32733","1":"product","2":"type-product","3":"status-publish","4":"has-post-thumbnail","6":"product_cat-919","7":"product_cat-924","9":"first","10":"instock","11":"taxable","12":"shipping-taxable","13":"product-type-simple"},"_links":{"self":[{"href":"https:\/\/sigletos.gr\/de\/wp-json\/wp\/v2\/product\/32733","targetHints":{"allow":["GET"]}}],"collection":[{"href":"https:\/\/sigletos.gr\/de\/wp-json\/wp\/v2\/product"}],"about":[{"href":"https:\/\/sigletos.gr\/de\/wp-json\/wp\/v2\/types\/product"}],"replies":[{"embeddable":true,"href":"https:\/\/sigletos.gr\/de\/wp-json\/wp\/v2\/comments?post=32733"}],"version-history":[{"count":0,"href":"https:\/\/sigletos.gr\/de\/wp-json\/wp\/v2\/product\/32733\/revisions"}],"wp:featuredmedia":[{"embeddable":true,"href":"https:\/\/sigletos.gr\/de\/wp-json\/wp\/v2\/media\/32734"}],"wp:attachment":[{"href":"https:\/\/sigletos.gr\/de\/wp-json\/wp\/v2\/media?parent=32733"}],"wp:term":[{"taxonomy":"product_brand","embeddable":true,"href":"https:\/\/sigletos.gr\/de\/wp-json\/wp\/v2\/product_brand?post=32733"},{"taxonomy":"product_cat","embeddable":true,"href":"https:\/\/sigletos.gr\/de\/wp-json\/wp\/v2\/product_cat?post=32733"},{"taxonomy":"product_tag","embeddable":true,"href":"https:\/\/sigletos.gr\/de\/wp-json\/wp\/v2\/product_tag?post=32733"}],"curies":[{"name":"wp","href":"https:\/\/api.w.org\/{rel}","templated":true}]}}