{"id":32735,"date":"2022-10-14T10:51:47","date_gmt":"2022-10-14T07:51:47","guid":{"rendered":"https:\/\/sigletos.gr\/?post_type=product&#038;p=32735"},"modified":"2022-10-14T10:51:47","modified_gmt":"2022-10-14T07:51:47","slug":"%ce%b7%ce%bb%ce%b5%ce%ba%cf%84%cf%81%ce%b9%ce%ba%cf%8c-%cf%88%ce%b1%ce%bb%ce%af%ce%b4%ce%b9-bcl23","status":"publish","type":"product","link":"https:\/\/sigletos.gr\/de\/produkt\/%ce%b7%ce%bb%ce%b5%ce%ba%cf%84%cf%81%ce%b9%ce%ba%cf%8c-%cf%88%ce%b1%ce%bb%ce%af%ce%b4%ce%b9-bcl23\/","title":{"rendered":"Elektrische Schere BCL23"},"content":{"rendered":"","protected":false},"excerpt":{"rendered":"<p>Die leistungsstarke Astschere BCL23 ist eine Referenz f\u00fcr den intensiven Rebschnitt. Sie erm\u00f6glicht Ihnen effektives Beschneiden mit hohem Komfort, Pr\u00e4zision und hervorragender Schnittleistung und macht schweres Beschneiden zu einer leichten Arbeit. Sie schneidet m\u00fchelos kleine und dicke \u00c4ste sowie weiches bis sehr hartes Holz.<\/p>","protected":false},"featured_media":32736,"comment_status":"closed","ping_status":"closed","template":"","meta":[],"product_brand":[],"product_cat":[919,924],"product_tag":[],"class_list":{"0":"post-32735","1":"product","2":"type-product","3":"status-publish","4":"has-post-thumbnail","6":"product_cat-919","7":"product_cat-924","9":"first","10":"instock","11":"taxable","12":"shipping-taxable","13":"product-type-simple"},"_links":{"self":[{"href":"https:\/\/sigletos.gr\/de\/wp-json\/wp\/v2\/product\/32735","targetHints":{"allow":["GET"]}}],"collection":[{"href":"https:\/\/sigletos.gr\/de\/wp-json\/wp\/v2\/product"}],"about":[{"href":"https:\/\/sigletos.gr\/de\/wp-json\/wp\/v2\/types\/product"}],"replies":[{"embeddable":true,"href":"https:\/\/sigletos.gr\/de\/wp-json\/wp\/v2\/comments?post=32735"}],"version-history":[{"count":0,"href":"https:\/\/sigletos.gr\/de\/wp-json\/wp\/v2\/product\/32735\/revisions"}],"wp:featuredmedia":[{"embeddable":true,"href":"https:\/\/sigletos.gr\/de\/wp-json\/wp\/v2\/media\/32736"}],"wp:attachment":[{"href":"https:\/\/sigletos.gr\/de\/wp-json\/wp\/v2\/media?parent=32735"}],"wp:term":[{"taxonomy":"product_brand","embeddable":true,"href":"https:\/\/sigletos.gr\/de\/wp-json\/wp\/v2\/product_brand?post=32735"},{"taxonomy":"product_cat","embeddable":true,"href":"https:\/\/sigletos.gr\/de\/wp-json\/wp\/v2\/product_cat?post=32735"},{"taxonomy":"product_tag","embeddable":true,"href":"https:\/\/sigletos.gr\/de\/wp-json\/wp\/v2\/product_tag?post=32735"}],"curies":[{"name":"wp","href":"https:\/\/api.w.org\/{rel}","templated":true}]}}