{"id":32737,"date":"2022-10-14T10:55:29","date_gmt":"2022-10-14T07:55:29","guid":{"rendered":"https:\/\/sigletos.gr\/?post_type=product&#038;p=32737"},"modified":"2022-10-14T11:00:36","modified_gmt":"2022-10-14T08:00:36","slug":"%ce%b7%ce%bb%ce%b5%ce%ba%cf%84%cf%81%ce%b9%ce%ba%cf%8c-%cf%88%ce%b1%ce%bb%ce%af%ce%b4%ce%b9-bcl24","status":"publish","type":"product","link":"https:\/\/sigletos.gr\/de\/produkt\/%ce%b7%ce%bb%ce%b5%ce%ba%cf%84%cf%81%ce%b9%ce%ba%cf%8c-%cf%88%ce%b1%ce%bb%ce%af%ce%b4%ce%b9-bcl24\/","title":{"rendered":"Elektrische Schere BCL24"},"content":{"rendered":"<p>Maximale Klingen\u00f6ffnung: 45 mm<\/p>\n<p>Durchschnittliche Klingen\u00f6ffnung: 30 mm<\/p>\n<p>Batterietyp: Li-Ionen<\/p>\n<p>Batteriegewicht: 1.900 g<\/p>\n<p>Betriebsspannung: 43,2 V<\/p>\n<p>Kapazit\u00e4t: 6,8 Ah<\/p>\n<p>Gespeicherte Energie: 294 Wh<\/p>\n<p>Akkulaufzeit: 8-10 Stunden<\/p>\n<p>Ladezeit: 200 Minuten<\/p>\n<p>&nbsp;<\/p>","protected":false},"excerpt":{"rendered":"<p>Maximale Klingen\u00f6ffnung: 45 mm Durchschnittliche Klingen\u00f6ffnung: 30 mm Batterietyp: Li-Ion Batteriegewicht: 1.900 g Betriebsspannung: 43,2 V Kapazit\u00e4t: 6,8 Ah Gespeichert<\/p>","protected":false},"featured_media":32738,"comment_status":"closed","ping_status":"closed","template":"","meta":[],"product_brand":[],"product_cat":[919,924],"product_tag":[],"class_list":{"0":"post-32737","1":"product","2":"type-product","3":"status-publish","4":"has-post-thumbnail","6":"product_cat-919","7":"product_cat-924","9":"first","10":"instock","11":"taxable","12":"shipping-taxable","13":"product-type-simple"},"_links":{"self":[{"href":"https:\/\/sigletos.gr\/de\/wp-json\/wp\/v2\/product\/32737","targetHints":{"allow":["GET"]}}],"collection":[{"href":"https:\/\/sigletos.gr\/de\/wp-json\/wp\/v2\/product"}],"about":[{"href":"https:\/\/sigletos.gr\/de\/wp-json\/wp\/v2\/types\/product"}],"replies":[{"embeddable":true,"href":"https:\/\/sigletos.gr\/de\/wp-json\/wp\/v2\/comments?post=32737"}],"version-history":[{"count":1,"href":"https:\/\/sigletos.gr\/de\/wp-json\/wp\/v2\/product\/32737\/revisions"}],"predecessor-version":[{"id":32739,"href":"https:\/\/sigletos.gr\/de\/wp-json\/wp\/v2\/product\/32737\/revisions\/32739"}],"wp:featuredmedia":[{"embeddable":true,"href":"https:\/\/sigletos.gr\/de\/wp-json\/wp\/v2\/media\/32738"}],"wp:attachment":[{"href":"https:\/\/sigletos.gr\/de\/wp-json\/wp\/v2\/media?parent=32737"}],"wp:term":[{"taxonomy":"product_brand","embeddable":true,"href":"https:\/\/sigletos.gr\/de\/wp-json\/wp\/v2\/product_brand?post=32737"},{"taxonomy":"product_cat","embeddable":true,"href":"https:\/\/sigletos.gr\/de\/wp-json\/wp\/v2\/product_cat?post=32737"},{"taxonomy":"product_tag","embeddable":true,"href":"https:\/\/sigletos.gr\/de\/wp-json\/wp\/v2\/product_tag?post=32737"}],"curies":[{"name":"wp","href":"https:\/\/api.w.org\/{rel}","templated":true}]}}