{"id":32742,"date":"2022-10-14T11:17:42","date_gmt":"2022-10-14T08:17:42","guid":{"rendered":"https:\/\/sigletos.gr\/?post_type=product&#038;p=32742"},"modified":"2022-10-14T11:23:31","modified_gmt":"2022-10-14T08:23:31","slug":"%ce%b5%cf%81%ce%b3%ce%bf%ce%bd%ce%bf%ce%bc%ce%b9%ce%ba%cf%8c-%cf%88%ce%b1%ce%bb%ce%af%ce%b4%ce%b9-%ce%ba%ce%bb%ce%ac%ce%b4%ce%bf%cf%85-px-m3","status":"publish","type":"product","link":"https:\/\/sigletos.gr\/de\/produkt\/%ce%b5%cf%81%ce%b3%ce%bf%ce%bd%ce%bf%ce%bc%ce%b9%ce%ba%cf%8c-%cf%88%ce%b1%ce%bb%ce%af%ce%b4%ce%b9-%ce%ba%ce%bb%ce%ac%ce%b4%ce%bf%cf%85-px-m3\/","title":{"rendered":"Ergonomische Astschere PX-M3"},"content":{"rendered":"<ul>\n<li>Gr\u00f6\u00dfe des f\u00fcr die jeweilige Aufgabe ausgew\u00e4hlten Kopfes.<\/li>\n<li>Form und Gr\u00f6\u00dfe der Griffe richten sich nach der Handgr\u00f6\u00dfe.<\/li>\n<li>Stabiler Griff aus Verbundmaterial und mit weichem Gummi an der Oberseite.<\/li>\n<\/ul>","protected":false},"excerpt":{"rendered":"<p>Kopfgr\u00f6\u00dfe passend zur jeweiligen Arbeit ausgew\u00e4hlt. Griffform und -gr\u00f6\u00dfe richten sich nach der Handgr\u00f6\u00dfe. Fest<\/p>","protected":false},"featured_media":32743,"comment_status":"closed","ping_status":"closed","template":"","meta":[],"product_brand":[],"product_cat":[919,923],"product_tag":[],"class_list":{"0":"post-32742","1":"product","2":"type-product","3":"status-publish","4":"has-post-thumbnail","6":"product_cat-919","7":"product_cat-923","8":"pa_brand-bahco","10":"first","11":"instock","12":"taxable","13":"shipping-taxable","14":"purchasable","15":"product-type-simple"},"_links":{"self":[{"href":"https:\/\/sigletos.gr\/de\/wp-json\/wp\/v2\/product\/32742","targetHints":{"allow":["GET"]}}],"collection":[{"href":"https:\/\/sigletos.gr\/de\/wp-json\/wp\/v2\/product"}],"about":[{"href":"https:\/\/sigletos.gr\/de\/wp-json\/wp\/v2\/types\/product"}],"replies":[{"embeddable":true,"href":"https:\/\/sigletos.gr\/de\/wp-json\/wp\/v2\/comments?post=32742"}],"version-history":[{"count":1,"href":"https:\/\/sigletos.gr\/de\/wp-json\/wp\/v2\/product\/32742\/revisions"}],"predecessor-version":[{"id":32745,"href":"https:\/\/sigletos.gr\/de\/wp-json\/wp\/v2\/product\/32742\/revisions\/32745"}],"wp:featuredmedia":[{"embeddable":true,"href":"https:\/\/sigletos.gr\/de\/wp-json\/wp\/v2\/media\/32743"}],"wp:attachment":[{"href":"https:\/\/sigletos.gr\/de\/wp-json\/wp\/v2\/media?parent=32742"}],"wp:term":[{"taxonomy":"product_brand","embeddable":true,"href":"https:\/\/sigletos.gr\/de\/wp-json\/wp\/v2\/product_brand?post=32742"},{"taxonomy":"product_cat","embeddable":true,"href":"https:\/\/sigletos.gr\/de\/wp-json\/wp\/v2\/product_cat?post=32742"},{"taxonomy":"product_tag","embeddable":true,"href":"https:\/\/sigletos.gr\/de\/wp-json\/wp\/v2\/product_tag?post=32742"}],"curies":[{"name":"wp","href":"https:\/\/api.w.org\/{rel}","templated":true}]}}