{"id":32770,"date":"2022-10-14T12:26:43","date_gmt":"2022-10-14T09:26:43","guid":{"rendered":"https:\/\/sigletos.gr\/?post_type=product&#038;p=32770"},"modified":"2022-10-14T12:26:43","modified_gmt":"2022-10-14T09:26:43","slug":"%cf%88%ce%b1%ce%bb%ce%af%ce%b4%ce%b9-%ce%b8%ce%ac%ce%bc%ce%bd%cf%89%ce%bd-p59-s-f-580mm","status":"publish","type":"product","link":"https:\/\/sigletos.gr\/de\/produkt\/%cf%88%ce%b1%ce%bb%ce%af%ce%b4%ce%b9-%ce%b8%ce%ac%ce%bc%ce%bd%cf%89%ce%bd-p59-s-f-580mm\/","title":{"rendered":"Strauchschere P59-SF 580mm"},"content":{"rendered":"","protected":false},"excerpt":{"rendered":"<p>Strauchschere f\u00fcr alle Str\u00e4ucherarten<\/p>\n<p>F\u00fcr den h\u00e4ufigen Schnitt von Str\u00e4uchern<\/p>\n<p>Einfaches und zuverl\u00e4ssiges Design und vollst\u00e4ndig geh\u00e4rtete Klinge<\/p>\n<p>|<\/p>","protected":false},"featured_media":32771,"comment_status":"closed","ping_status":"closed","template":"","meta":[],"product_brand":[],"product_cat":[919,923],"product_tag":[],"class_list":{"0":"post-32770","1":"product","2":"type-product","3":"status-publish","4":"has-post-thumbnail","6":"product_cat-919","7":"product_cat-923","8":"pa_brand-bahco","10":"first","11":"instock","12":"taxable","13":"shipping-taxable","14":"purchasable","15":"product-type-simple"},"_links":{"self":[{"href":"https:\/\/sigletos.gr\/de\/wp-json\/wp\/v2\/product\/32770","targetHints":{"allow":["GET"]}}],"collection":[{"href":"https:\/\/sigletos.gr\/de\/wp-json\/wp\/v2\/product"}],"about":[{"href":"https:\/\/sigletos.gr\/de\/wp-json\/wp\/v2\/types\/product"}],"replies":[{"embeddable":true,"href":"https:\/\/sigletos.gr\/de\/wp-json\/wp\/v2\/comments?post=32770"}],"version-history":[{"count":0,"href":"https:\/\/sigletos.gr\/de\/wp-json\/wp\/v2\/product\/32770\/revisions"}],"wp:featuredmedia":[{"embeddable":true,"href":"https:\/\/sigletos.gr\/de\/wp-json\/wp\/v2\/media\/32771"}],"wp:attachment":[{"href":"https:\/\/sigletos.gr\/de\/wp-json\/wp\/v2\/media?parent=32770"}],"wp:term":[{"taxonomy":"product_brand","embeddable":true,"href":"https:\/\/sigletos.gr\/de\/wp-json\/wp\/v2\/product_brand?post=32770"},{"taxonomy":"product_cat","embeddable":true,"href":"https:\/\/sigletos.gr\/de\/wp-json\/wp\/v2\/product_cat?post=32770"},{"taxonomy":"product_tag","embeddable":true,"href":"https:\/\/sigletos.gr\/de\/wp-json\/wp\/v2\/product_tag?post=32770"}],"curies":[{"name":"wp","href":"https:\/\/api.w.org\/{rel}","templated":true}]}}