{"id":33056,"date":"2022-10-19T09:41:49","date_gmt":"2022-10-19T06:41:49","guid":{"rendered":"https:\/\/sigletos.gr\/?post_type=product&#038;p=33056"},"modified":"2022-10-19T09:41:49","modified_gmt":"2022-10-19T06:41:49","slug":"%cf%83%ce%ad%ce%b3%ce%b1-710w","status":"publish","type":"product","link":"https:\/\/sigletos.gr\/de\/produkt\/%cf%83%ce%ad%ce%b3%ce%b1-710w\/","title":{"rendered":"Stichs\u00e4ge 710W"},"content":{"rendered":"<ul>\n<li>S\u00e4gemehlgebl\u00e4se<\/li>\n<li>Einstellbare Pendelfunktion<\/li>\n<li>Schl\u00fcsselloser S\u00e4geblattwechsel<\/li>\n<li>Leerlaufdrehzahl: 0\u20133.200 U\/min<\/li>\n<li>Abschr\u00e4gungsleistung: 45\u00b0<\/li>\n<li>Bewegungsl\u00e4nge: 20 mm<\/li>\n<li>Schneiden: 10 mm Metall\/25 mm Holz<\/li>\n<\/ul>\n<p>Enth\u00e4lt<\/p>\n<ul>\n<li>Schatulle<\/li>\n<li>Anti-Spike-Zubeh\u00f6r<\/li>\n<\/ul>","protected":false},"excerpt":{"rendered":"<p>S\u00e4gemehlgebl\u00e4se Einstellbare Pendelfunktion Schl\u00fcsselloser S\u00e4geblattwechsel Leerlaufdrehzahl: 0\u20133.200 U\/min Anfaskapazit\u00e4t: 45\u00b0 Hubl\u00e4nge: 20 mm Schnitte: 10 mm Metall\/25 mm Holz<\/p>","protected":false},"featured_media":33057,"comment_status":"closed","ping_status":"closed","template":"","meta":[],"product_brand":[],"product_cat":[844,114,618],"product_tag":[],"class_list":{"0":"post-33056","1":"product","2":"type-product","3":"status-publish","4":"has-post-thumbnail","6":"product_cat-844","7":"product_cat-114","8":"product_cat-618","9":"pa_brand-stanley","11":"first","12":"instock","13":"taxable","14":"shipping-taxable","15":"purchasable","16":"product-type-simple"},"_links":{"self":[{"href":"https:\/\/sigletos.gr\/de\/wp-json\/wp\/v2\/product\/33056","targetHints":{"allow":["GET"]}}],"collection":[{"href":"https:\/\/sigletos.gr\/de\/wp-json\/wp\/v2\/product"}],"about":[{"href":"https:\/\/sigletos.gr\/de\/wp-json\/wp\/v2\/types\/product"}],"replies":[{"embeddable":true,"href":"https:\/\/sigletos.gr\/de\/wp-json\/wp\/v2\/comments?post=33056"}],"version-history":[{"count":0,"href":"https:\/\/sigletos.gr\/de\/wp-json\/wp\/v2\/product\/33056\/revisions"}],"wp:featuredmedia":[{"embeddable":true,"href":"https:\/\/sigletos.gr\/de\/wp-json\/wp\/v2\/media\/33057"}],"wp:attachment":[{"href":"https:\/\/sigletos.gr\/de\/wp-json\/wp\/v2\/media?parent=33056"}],"wp:term":[{"taxonomy":"product_brand","embeddable":true,"href":"https:\/\/sigletos.gr\/de\/wp-json\/wp\/v2\/product_brand?post=33056"},{"taxonomy":"product_cat","embeddable":true,"href":"https:\/\/sigletos.gr\/de\/wp-json\/wp\/v2\/product_cat?post=33056"},{"taxonomy":"product_tag","embeddable":true,"href":"https:\/\/sigletos.gr\/de\/wp-json\/wp\/v2\/product_tag?post=33056"}],"curies":[{"name":"wp","href":"https:\/\/api.w.org\/{rel}","templated":true}]}}