{"id":33058,"date":"2022-10-19T09:49:27","date_gmt":"2022-10-19T06:49:27","guid":{"rendered":"https:\/\/sigletos.gr\/?post_type=product&#038;p=33058"},"modified":"2022-10-19T09:49:27","modified_gmt":"2022-10-19T06:49:27","slug":"%cf%83%cf%80%ce%b1%ce%b8%cf%8c%cf%83%ce%b5%ce%b3%ce%b1-2-050w","status":"publish","type":"product","link":"https:\/\/sigletos.gr\/de\/produkt\/%cf%83%cf%80%ce%b1%ce%b8%cf%8c%cf%83%ce%b5%ce%b3%ce%b1-2-050w\/","title":{"rendered":"S\u00e4bels\u00e4ge 2.050W"},"content":{"rendered":"<ul>\n<li>Kreisf\u00f6rmige Pendelblattbewegung<\/li>\n<li>Verstellbare Fu\u00dfst\u00fctze<\/li>\n<li>Klingenwechselsystem<\/li>\n<li>Leerlaufdrehzahl: 0\u20133.500 U\/min<\/li>\n<li>Bewegungsl\u00e4nge: 28 mm<\/li>\n<li>Durchmesser: 117mm Metall\/150mm Kunststoff\/275mm Holz<\/li>\n<\/ul>\n<p>Enth\u00e4lt<\/p>\n<ul>\n<li>Schatulle<\/li>\n<\/ul>","protected":false},"excerpt":{"rendered":"<p>Kreisf\u00f6rmige Pendelbewegung des S\u00e4geblatts Verstellbarer Fu\u00df S\u00e4geblattwechselsystem Leerlaufdrehzahl: 0 \u2013 3.500 U\/min Hubl\u00e4nge: 28 mm Durchmesser: 117 mm Metall\/150 mm Kunststoff\/275 mm Holz Inkl.<\/p>","protected":false},"featured_media":33059,"comment_status":"closed","ping_status":"closed","template":"","meta":[],"product_brand":[],"product_cat":[844,114,618],"product_tag":[],"class_list":{"0":"post-33058","1":"product","2":"type-product","3":"status-publish","4":"has-post-thumbnail","6":"product_cat-844","7":"product_cat-114","8":"product_cat-618","9":"pa_brand-stanley","11":"first","12":"instock","13":"taxable","14":"shipping-taxable","15":"purchasable","16":"product-type-simple"},"_links":{"self":[{"href":"https:\/\/sigletos.gr\/de\/wp-json\/wp\/v2\/product\/33058","targetHints":{"allow":["GET"]}}],"collection":[{"href":"https:\/\/sigletos.gr\/de\/wp-json\/wp\/v2\/product"}],"about":[{"href":"https:\/\/sigletos.gr\/de\/wp-json\/wp\/v2\/types\/product"}],"replies":[{"embeddable":true,"href":"https:\/\/sigletos.gr\/de\/wp-json\/wp\/v2\/comments?post=33058"}],"version-history":[{"count":0,"href":"https:\/\/sigletos.gr\/de\/wp-json\/wp\/v2\/product\/33058\/revisions"}],"wp:featuredmedia":[{"embeddable":true,"href":"https:\/\/sigletos.gr\/de\/wp-json\/wp\/v2\/media\/33059"}],"wp:attachment":[{"href":"https:\/\/sigletos.gr\/de\/wp-json\/wp\/v2\/media?parent=33058"}],"wp:term":[{"taxonomy":"product_brand","embeddable":true,"href":"https:\/\/sigletos.gr\/de\/wp-json\/wp\/v2\/product_brand?post=33058"},{"taxonomy":"product_cat","embeddable":true,"href":"https:\/\/sigletos.gr\/de\/wp-json\/wp\/v2\/product_cat?post=33058"},{"taxonomy":"product_tag","embeddable":true,"href":"https:\/\/sigletos.gr\/de\/wp-json\/wp\/v2\/product_tag?post=33058"}],"curies":[{"name":"wp","href":"https:\/\/api.w.org\/{rel}","templated":true}]}}