{"id":33132,"date":"2022-10-24T13:00:30","date_gmt":"2022-10-24T10:00:30","guid":{"rendered":"https:\/\/sigletos.gr\/?post_type=product&#038;p=33132"},"modified":"2022-10-24T13:00:31","modified_gmt":"2022-10-24T10:00:31","slug":"%cf%84%cf%83%ce%ac%ce%bd%cf%84%ce%b1-%ce%b5%cf%81%ce%b3%ce%b1%ce%bb%ce%b5%ce%af%cf%89%ce%bd-%cf%80%ce%ac%ce%bd%ce%b9%ce%bd%ce%b7","status":"publish","type":"product","link":"https:\/\/sigletos.gr\/de\/produkt\/%cf%84%cf%83%ce%ac%ce%bd%cf%84%ce%b1-%ce%b5%cf%81%ce%b3%ce%b1%ce%bb%ce%b5%ce%af%cf%89%ce%bd-%cf%80%ce%ac%ce%bd%ce%b9%ce%bd%ce%b7\/","title":{"rendered":"Werkzeugtasche aus Canvas"},"content":{"rendered":"<ul>\n<li>Ma\u00dfe: 30x25x130cm<\/li>\n<\/ul>\n<p>Enth\u00e4lt<\/p>\n<ul>\n<li>1 Boden, 2 F\u00e4cher &amp; viele Pl\u00e4tze f\u00fcr Werkzeuge<\/li>\n<\/ul>","protected":false},"excerpt":{"rendered":"<p>\u0394\u03b9\u03b1\u03c3\u03c4\u03ac\u03c3\u03b5\u03b9\u03c2: 30x25x130cm \u03a0\u03b5\u03c1\u03b9\u03bb\u03b1\u03bc\u03b2\u03ac\u03bd\u03b5\u03b9 1 \u03c0\u03ac\u03c4\u03bf, 2 \u03b8\u03ae\u03ba\u03b5\u03c2 &amp; \u03c0\u03bf\u03bb\u03bb\u03ad\u03c2 \u03b8\u03ad\u03c3\u03b5\u03b9\u03c2 \u03b3\u03b9\u03b1 \u03b5\u03c1\u03b3\u03b1\u03bb\u03b5\u03af\u03b1<\/p>","protected":false},"featured_media":33133,"comment_status":"closed","ping_status":"closed","template":"","meta":[],"product_brand":[],"product_cat":[844,873],"product_tag":[],"class_list":{"0":"post-33132","1":"product","2":"type-product","3":"status-publish","4":"has-post-thumbnail","6":"product_cat-844","7":"product_cat-873","8":"pa_brand-stanley","10":"first","11":"instock","12":"taxable","13":"shipping-taxable","14":"purchasable","15":"product-type-simple"},"_links":{"self":[{"href":"https:\/\/sigletos.gr\/de\/wp-json\/wp\/v2\/product\/33132","targetHints":{"allow":["GET"]}}],"collection":[{"href":"https:\/\/sigletos.gr\/de\/wp-json\/wp\/v2\/product"}],"about":[{"href":"https:\/\/sigletos.gr\/de\/wp-json\/wp\/v2\/types\/product"}],"replies":[{"embeddable":true,"href":"https:\/\/sigletos.gr\/de\/wp-json\/wp\/v2\/comments?post=33132"}],"version-history":[{"count":0,"href":"https:\/\/sigletos.gr\/de\/wp-json\/wp\/v2\/product\/33132\/revisions"}],"wp:featuredmedia":[{"embeddable":true,"href":"https:\/\/sigletos.gr\/de\/wp-json\/wp\/v2\/media\/33133"}],"wp:attachment":[{"href":"https:\/\/sigletos.gr\/de\/wp-json\/wp\/v2\/media?parent=33132"}],"wp:term":[{"taxonomy":"product_brand","embeddable":true,"href":"https:\/\/sigletos.gr\/de\/wp-json\/wp\/v2\/product_brand?post=33132"},{"taxonomy":"product_cat","embeddable":true,"href":"https:\/\/sigletos.gr\/de\/wp-json\/wp\/v2\/product_cat?post=33132"},{"taxonomy":"product_tag","embeddable":true,"href":"https:\/\/sigletos.gr\/de\/wp-json\/wp\/v2\/product_tag?post=33132"}],"curies":[{"name":"wp","href":"https:\/\/api.w.org\/{rel}","templated":true}]}}