{"id":26288,"date":"2022-07-26T11:49:27","date_gmt":"2022-07-26T09:49:27","guid":{"rendered":"https:\/\/sigletos.gr\/?post_type=product&#038;p=26288"},"modified":"2025-06-09T13:47:15","modified_gmt":"2025-06-09T10:47:15","slug":"%cf%83%cf%84%ce%bf%cf%80-%cf%81%ce%b1%cf%86%ce%b9%cf%8e%ce%bd-%cf%865-%cf%865","status":"publish","type":"product","link":"https:\/\/sigletos.gr\/en\/product\/%cf%83%cf%84%ce%bf%cf%80-%cf%81%ce%b1%cf%86%ce%b9%cf%8e%ce%bd-%cf%865-%cf%865\/","title":{"rendered":"Shelf stops \u00d85-\u00d85"},"content":{"rendered":"<p>Shelf stops \u00d85-\u00d85<\/p>","protected":false},"excerpt":{"rendered":"<p>Shelf stops \u00d85-\u00d85<\/p>","protected":false},"featured_media":26289,"comment_status":"closed","ping_status":"closed","template":"","meta":[],"product_brand":[],"product_cat":[875,886],"product_tag":[1117,1139,1140],"class_list":{"0":"post-26288","1":"product","2":"type-product","3":"status-publish","4":"has-post-thumbnail","6":"product_cat-875","7":"product_cat-886","8":"product_tag-1117","9":"product_tag-1139","10":"product_tag-1140","12":"first","13":"instock","14":"product-type-simple"},"_links":{"self":[{"href":"https:\/\/sigletos.gr\/en\/wp-json\/wp\/v2\/product\/26288","targetHints":{"allow":["GET"]}}],"collection":[{"href":"https:\/\/sigletos.gr\/en\/wp-json\/wp\/v2\/product"}],"about":[{"href":"https:\/\/sigletos.gr\/en\/wp-json\/wp\/v2\/types\/product"}],"replies":[{"embeddable":true,"href":"https:\/\/sigletos.gr\/en\/wp-json\/wp\/v2\/comments?post=26288"}],"version-history":[{"count":1,"href":"https:\/\/sigletos.gr\/en\/wp-json\/wp\/v2\/product\/26288\/revisions"}],"predecessor-version":[{"id":36291,"href":"https:\/\/sigletos.gr\/en\/wp-json\/wp\/v2\/product\/26288\/revisions\/36291"}],"wp:featuredmedia":[{"embeddable":true,"href":"https:\/\/sigletos.gr\/en\/wp-json\/wp\/v2\/media\/26289"}],"wp:attachment":[{"href":"https:\/\/sigletos.gr\/en\/wp-json\/wp\/v2\/media?parent=26288"}],"wp:term":[{"taxonomy":"product_brand","embeddable":true,"href":"https:\/\/sigletos.gr\/en\/wp-json\/wp\/v2\/product_brand?post=26288"},{"taxonomy":"product_cat","embeddable":true,"href":"https:\/\/sigletos.gr\/en\/wp-json\/wp\/v2\/product_cat?post=26288"},{"taxonomy":"product_tag","embeddable":true,"href":"https:\/\/sigletos.gr\/en\/wp-json\/wp\/v2\/product_tag?post=26288"}],"curies":[{"name":"wp","href":"https:\/\/api.w.org\/{rel}","templated":true}]}}