{"id":26302,"date":"2022-07-26T11:49:27","date_gmt":"2022-07-26T09:49:27","guid":{"rendered":"https:\/\/sigletos.gr\/?post_type=product&#038;p=26302"},"modified":"2025-06-09T13:46:58","modified_gmt":"2025-06-09T10:46:58","slug":"%cf%80%cf%8c%ce%b4%ce%b9%ce%b1-%cf%84%cf%81%ce%b1%cf%80%ce%b5%ce%b6%ce%b9%ce%bf%cf%8d-%cf%83%cf%80%ce%b1%cf%83%cf%84%ce%ac-%cf%8650x710-%cf%87%cf%81%cf%89%ce%bc%ce%af%ce%bf%cf%85","status":"publish","type":"product","link":"https:\/\/sigletos.gr\/en\/product\/%cf%80%cf%8c%ce%b4%ce%b9%ce%b1-%cf%84%cf%81%ce%b1%cf%80%ce%b5%ce%b6%ce%b9%ce%bf%cf%8d-%cf%83%cf%80%ce%b1%cf%83%cf%84%ce%ac-%cf%8650x710-%cf%87%cf%81%cf%89%ce%bc%ce%af%ce%bf%cf%85\/","title":{"rendered":"Folding table legs \u00d850\u00d7710 chrome"},"content":{"rendered":"<p>Folding table legs \u00d850\u00d7710 chrome<\/p>","protected":false},"excerpt":{"rendered":"<p>Folding table legs \u00d850\u00d7710 chrome<\/p>","protected":false},"featured_media":26303,"comment_status":"closed","ping_status":"closed","template":"","meta":[],"product_brand":[],"product_cat":[875,1397,886],"product_tag":[1117,1166,1195],"class_list":{"0":"post-26302","1":"product","2":"type-product","3":"status-publish","4":"has-post-thumbnail","6":"product_cat-875","7":"product_cat-1397","8":"product_cat-886","9":"product_tag-1117","10":"product_tag-1166","11":"product_tag-1195","13":"first","14":"instock","15":"product-type-simple"},"_links":{"self":[{"href":"https:\/\/sigletos.gr\/en\/wp-json\/wp\/v2\/product\/26302","targetHints":{"allow":["GET"]}}],"collection":[{"href":"https:\/\/sigletos.gr\/en\/wp-json\/wp\/v2\/product"}],"about":[{"href":"https:\/\/sigletos.gr\/en\/wp-json\/wp\/v2\/types\/product"}],"replies":[{"embeddable":true,"href":"https:\/\/sigletos.gr\/en\/wp-json\/wp\/v2\/comments?post=26302"}],"version-history":[{"count":1,"href":"https:\/\/sigletos.gr\/en\/wp-json\/wp\/v2\/product\/26302\/revisions"}],"predecessor-version":[{"id":36287,"href":"https:\/\/sigletos.gr\/en\/wp-json\/wp\/v2\/product\/26302\/revisions\/36287"}],"wp:featuredmedia":[{"embeddable":true,"href":"https:\/\/sigletos.gr\/en\/wp-json\/wp\/v2\/media\/26303"}],"wp:attachment":[{"href":"https:\/\/sigletos.gr\/en\/wp-json\/wp\/v2\/media?parent=26302"}],"wp:term":[{"taxonomy":"product_brand","embeddable":true,"href":"https:\/\/sigletos.gr\/en\/wp-json\/wp\/v2\/product_brand?post=26302"},{"taxonomy":"product_cat","embeddable":true,"href":"https:\/\/sigletos.gr\/en\/wp-json\/wp\/v2\/product_cat?post=26302"},{"taxonomy":"product_tag","embeddable":true,"href":"https:\/\/sigletos.gr\/en\/wp-json\/wp\/v2\/product_tag?post=26302"}],"curies":[{"name":"wp","href":"https:\/\/api.w.org\/{rel}","templated":true}]}}