{"id":27007,"date":"2022-07-26T12:02:29","date_gmt":"2022-07-26T10:02:29","guid":{"rendered":"https:\/\/sigletos.gr\/?post_type=product&#038;p=27007"},"modified":"2025-06-10T09:47:40","modified_gmt":"2025-06-10T06:47:40","slug":"%ce%b2%cf%8d%cf%83%ce%bc%ce%b1-%ce%bc%ce%b5%cf%84%ce%b1%ce%bb%ce%bb%ce%b9%ce%ba%cf%8c-%ce%bc%ce%b5-%cf%83%cf%86%ce%b1%ce%af%cf%81%ce%b1-%cf%868x12","status":"publish","type":"product","link":"https:\/\/sigletos.gr\/en\/product\/%ce%b2%cf%8d%cf%83%ce%bc%ce%b1-%ce%bc%ce%b5%cf%84%ce%b1%ce%bb%ce%bb%ce%b9%ce%ba%cf%8c-%ce%bc%ce%b5-%cf%83%cf%86%ce%b1%ce%af%cf%81%ce%b1-%cf%868x12\/","title":{"rendered":"Metal plug with ball \u00d88\u00d712"},"content":{"rendered":"<p>Metal plug with ball \u00d88\u00d712<\/p>","protected":false},"excerpt":{"rendered":"<p>Metal plug with ball \u00d88\u00d712<\/p>","protected":false},"featured_media":27008,"comment_status":"closed","ping_status":"closed","template":"","meta":[],"product_brand":[],"product_cat":[875,886],"product_tag":[1130,1131,1117],"class_list":{"0":"post-27007","1":"product","2":"type-product","3":"status-publish","4":"has-post-thumbnail","6":"product_cat-875","7":"product_cat-886","8":"product_tag-1130","9":"product_tag-1131","10":"product_tag-1117","12":"first","13":"instock","14":"product-type-simple"},"_links":{"self":[{"href":"https:\/\/sigletos.gr\/en\/wp-json\/wp\/v2\/product\/27007","targetHints":{"allow":["GET"]}}],"collection":[{"href":"https:\/\/sigletos.gr\/en\/wp-json\/wp\/v2\/product"}],"about":[{"href":"https:\/\/sigletos.gr\/en\/wp-json\/wp\/v2\/types\/product"}],"replies":[{"embeddable":true,"href":"https:\/\/sigletos.gr\/en\/wp-json\/wp\/v2\/comments?post=27007"}],"version-history":[{"count":1,"href":"https:\/\/sigletos.gr\/en\/wp-json\/wp\/v2\/product\/27007\/revisions"}],"predecessor-version":[{"id":36524,"href":"https:\/\/sigletos.gr\/en\/wp-json\/wp\/v2\/product\/27007\/revisions\/36524"}],"wp:featuredmedia":[{"embeddable":true,"href":"https:\/\/sigletos.gr\/en\/wp-json\/wp\/v2\/media\/27008"}],"wp:attachment":[{"href":"https:\/\/sigletos.gr\/en\/wp-json\/wp\/v2\/media?parent=27007"}],"wp:term":[{"taxonomy":"product_brand","embeddable":true,"href":"https:\/\/sigletos.gr\/en\/wp-json\/wp\/v2\/product_brand?post=27007"},{"taxonomy":"product_cat","embeddable":true,"href":"https:\/\/sigletos.gr\/en\/wp-json\/wp\/v2\/product_cat?post=27007"},{"taxonomy":"product_tag","embeddable":true,"href":"https:\/\/sigletos.gr\/en\/wp-json\/wp\/v2\/product_tag?post=27007"}],"curies":[{"name":"wp","href":"https:\/\/api.w.org\/{rel}","templated":true}]}}