{"id":27640,"date":"2022-07-26T12:14:51","date_gmt":"2022-07-26T10:14:51","guid":{"rendered":"https:\/\/sigletos.gr\/?post_type=product&#038;p=27640"},"modified":"2025-06-09T13:41:42","modified_gmt":"2025-06-09T10:41:42","slug":"%cf%83%cf%85%ce%bd%ce%b4%ce%b5%cf%84%ce%b9%ce%ba%cf%8c-%ce%b8%ce%b7%ce%bb%cf%85%ce%ba%cf%8c-%ce%bc%ce%b1%cf%8d%cf%81%ce%bf-%ce%bc6x30-%cf%868","status":"publish","type":"product","link":"https:\/\/sigletos.gr\/en\/product\/%cf%83%cf%85%ce%bd%ce%b4%ce%b5%cf%84%ce%b9%ce%ba%cf%8c-%ce%b8%ce%b7%ce%bb%cf%85%ce%ba%cf%8c-%ce%bc%ce%b1%cf%8d%cf%81%ce%bf-%ce%bc6x30-%cf%868\/","title":{"rendered":"Female connector black M6\u00d730 \u00d88"},"content":{"rendered":"<p>Female connector black M6\u00d730 \u00d88<\/p>","protected":false},"excerpt":{"rendered":"<p>Female connector black M6\u00d730 \u00d88<\/p>","protected":false},"featured_media":27641,"comment_status":"closed","ping_status":"closed","template":"","meta":[],"product_brand":[],"product_cat":[875,886],"product_tag":[1117,1368,1140,1225],"class_list":{"0":"post-27640","1":"product","2":"type-product","3":"status-publish","4":"has-post-thumbnail","6":"product_cat-875","7":"product_cat-886","8":"product_tag-1117","9":"product_tag-1368","10":"product_tag-1140","11":"product_tag-1225","13":"first","14":"instock","15":"product-type-simple"},"_links":{"self":[{"href":"https:\/\/sigletos.gr\/en\/wp-json\/wp\/v2\/product\/27640","targetHints":{"allow":["GET"]}}],"collection":[{"href":"https:\/\/sigletos.gr\/en\/wp-json\/wp\/v2\/product"}],"about":[{"href":"https:\/\/sigletos.gr\/en\/wp-json\/wp\/v2\/types\/product"}],"replies":[{"embeddable":true,"href":"https:\/\/sigletos.gr\/en\/wp-json\/wp\/v2\/comments?post=27640"}],"version-history":[{"count":1,"href":"https:\/\/sigletos.gr\/en\/wp-json\/wp\/v2\/product\/27640\/revisions"}],"predecessor-version":[{"id":36219,"href":"https:\/\/sigletos.gr\/en\/wp-json\/wp\/v2\/product\/27640\/revisions\/36219"}],"wp:featuredmedia":[{"embeddable":true,"href":"https:\/\/sigletos.gr\/en\/wp-json\/wp\/v2\/media\/27641"}],"wp:attachment":[{"href":"https:\/\/sigletos.gr\/en\/wp-json\/wp\/v2\/media?parent=27640"}],"wp:term":[{"taxonomy":"product_brand","embeddable":true,"href":"https:\/\/sigletos.gr\/en\/wp-json\/wp\/v2\/product_brand?post=27640"},{"taxonomy":"product_cat","embeddable":true,"href":"https:\/\/sigletos.gr\/en\/wp-json\/wp\/v2\/product_cat?post=27640"},{"taxonomy":"product_tag","embeddable":true,"href":"https:\/\/sigletos.gr\/en\/wp-json\/wp\/v2\/product_tag?post=27640"}],"curies":[{"name":"wp","href":"https:\/\/api.w.org\/{rel}","templated":true}]}}