{"id":27817,"date":"2022-07-26T12:17:19","date_gmt":"2022-07-26T10:17:19","guid":{"rendered":"https:\/\/sigletos.gr\/?post_type=product&#038;p=27817"},"modified":"2025-06-09T13:40:43","modified_gmt":"2025-06-09T10:40:43","slug":"%ce%bf%cf%8d%cf%80%ce%b1%cf%84-%cf%80%ce%bb%ce%b1%cf%83%cf%84%ce%b9%ce%ba%cf%8c-%cf%8610x%ce%bc6x11","status":"publish","type":"product","link":"https:\/\/sigletos.gr\/en\/product\/%ce%bf%cf%8d%cf%80%ce%b1%cf%84-%cf%80%ce%bb%ce%b1%cf%83%cf%84%ce%b9%ce%ba%cf%8c-%cf%8610x%ce%bc6x11\/","title":{"rendered":"Plastic plug \u00d810xM6\u00d711"},"content":{"rendered":"<p>Plastic plug \u00d810x\u039c6\u00d711<\/p>","protected":false},"excerpt":{"rendered":"<p>Plastic plug \u00d810x\u039c6\u00d711<\/p>","protected":false},"featured_media":27818,"comment_status":"closed","ping_status":"closed","template":"","meta":[],"product_brand":[],"product_cat":[875,886],"product_tag":[1130,1364,1117,1365,1367,1366],"class_list":{"0":"post-27817","1":"product","2":"type-product","3":"status-publish","4":"has-post-thumbnail","6":"product_cat-875","7":"product_cat-886","8":"product_tag-1130","9":"product_tag-1364","10":"product_tag-1117","11":"product_tag-1365","12":"product_tag-1367","13":"product_tag-1366","15":"first","16":"instock","17":"product-type-simple"},"_links":{"self":[{"href":"https:\/\/sigletos.gr\/en\/wp-json\/wp\/v2\/product\/27817","targetHints":{"allow":["GET"]}}],"collection":[{"href":"https:\/\/sigletos.gr\/en\/wp-json\/wp\/v2\/product"}],"about":[{"href":"https:\/\/sigletos.gr\/en\/wp-json\/wp\/v2\/types\/product"}],"replies":[{"embeddable":true,"href":"https:\/\/sigletos.gr\/en\/wp-json\/wp\/v2\/comments?post=27817"}],"version-history":[{"count":1,"href":"https:\/\/sigletos.gr\/en\/wp-json\/wp\/v2\/product\/27817\/revisions"}],"predecessor-version":[{"id":36212,"href":"https:\/\/sigletos.gr\/en\/wp-json\/wp\/v2\/product\/27817\/revisions\/36212"}],"wp:featuredmedia":[{"embeddable":true,"href":"https:\/\/sigletos.gr\/en\/wp-json\/wp\/v2\/media\/27818"}],"wp:attachment":[{"href":"https:\/\/sigletos.gr\/en\/wp-json\/wp\/v2\/media?parent=27817"}],"wp:term":[{"taxonomy":"product_brand","embeddable":true,"href":"https:\/\/sigletos.gr\/en\/wp-json\/wp\/v2\/product_brand?post=27817"},{"taxonomy":"product_cat","embeddable":true,"href":"https:\/\/sigletos.gr\/en\/wp-json\/wp\/v2\/product_cat?post=27817"},{"taxonomy":"product_tag","embeddable":true,"href":"https:\/\/sigletos.gr\/en\/wp-json\/wp\/v2\/product_tag?post=27817"}],"curies":[{"name":"wp","href":"https:\/\/api.w.org\/{rel}","templated":true}]}}