{"id":9502,"date":"2022-03-22T12:49:39","date_gmt":"2022-03-22T12:49:39","guid":{"rendered":"https:\/\/sigletos.gr\/?page_id=9502"},"modified":"2025-03-31T14:20:20","modified_gmt":"2025-03-31T11:20:20","slug":"terms-conditions","status":"publish","type":"page","link":"https:\/\/sigletos.gr\/it\/terms-conditions\/","title":{"rendered":"Termini di utilizzo"},"content":{"rendered":"<div data-elementor-type=\"wp-page\" data-elementor-id=\"9502\" class=\"elementor elementor-9502\" data-elementor-post-type=\"page\">\n\t\t\t\t\t\t<section class=\"wd-negative-gap elementor-section elementor-top-section elementor-element elementor-element-37900cf elementor-section-stretched elementor-section-boxed elementor-section-height-default elementor-section-height-default\" data-id=\"37900cf\" data-element_type=\"section\" data-e-type=\"section\" data-settings=\"{&quot;stretch_section&quot;:&quot;section-stretched&quot;}\">\n\t\t\t\t\t\t<div class=\"elementor-container elementor-column-gap-default\">\n\t\t\t\t\t<div class=\"elementor-column elementor-col-100 elementor-top-column elementor-element elementor-element-822f5f1\" data-id=\"822f5f1\" data-element_type=\"column\" data-e-type=\"column\">\n\t\t\t<div class=\"elementor-widget-wrap elementor-element-populated\">\n\t\t\t\t\t\t<div class=\"elementor-element elementor-element-9ab4725 color-scheme-inherit text-left elementor-widget elementor-widget-text-editor\" data-id=\"9ab4725\" data-element_type=\"widget\" data-e-type=\"widget\" data-widget_type=\"text-editor.default\">\n\t\t\t\t<div class=\"elementor-widget-container\">\n\t\t\t\t\t\t\t\t\t<div class=\"term-wrapper\"><div class=\"inner\"><p><strong>Importare<\/strong><\/p><p>Il sito web <strong>sigletos.gr<\/strong><strong>\u00a0<\/strong>\u00e8 un negozio commerciale elettronico che vende prodotti e servizi tramite Internet (di seguito denominato negozio online o sito web) creato e gestito dalla societ\u00e0 con il nome <strong>M.Sygletos &amp; Co. OE<\/strong>, con <b>Partita IVA 099708469 <\/b>con sede a <strong>Heraklion, Creta<\/strong> ed \u00e8 legalmente rappresentato, con un indirizzo di contatto elettronico <strong>info@sigletos.gr<\/strong>, linea di servizio del negozio online: <strong>2810319898<\/strong>, (di seguito per brevit\u00e0 la SOCIET\u00c0).<\/p><p>IL<strong> sigletos.gr<\/strong><strong>, <\/strong>La societ\u00e0 che ha realizzato il sito web offre i propri servizi secondo le seguenti condizioni d&#039;uso, che il visitatore\/utente delle pagine del sito \u00e8 invitato a leggere attentamente e a procedere alla visita\/utilizzo delle pagine\/dei servizi. <strong>sigletos.gr <\/strong>solo se li accetta pienamente.<\/p><p><strong>Generalmente<\/strong><\/p><p>IL <strong>sigletos.gr<\/strong>\u00a0si riserva il diritto di modificare o rivedere liberamente i termini e le condizioni d&#039;uso e di transazione del negozio online, ogni qualvolta lo ritenga necessario, e si impegna a informare i consumatori di qualsiasi modifica, attraverso le pagine di questo negozio online.<\/p><p><strong>Informazioni e prodotti forniti<\/strong><\/p><p>La SOCIET\u00c0 si impegna a garantire l&#039;accuratezza, la veridicit\u00e0 e la completezza delle informazioni fornite nel negozio online, in relazione all&#039;identit\u00e0 della SOCIET\u00c0 e alle transazioni effettuate tramite il negozio online. La societ\u00e0, in buona fede, non \u00e8 responsabile e non \u00e8 vincolata da eventuali inserimenti di dati elettronici commessi per errore\/omissione, secondo l&#039;esperienza comune, e ha il diritto di correggerli ogniqualvolta ne venga a conoscenza.<\/p><p><strong>Limitazione di responsabilit\u00e0<\/strong><\/p><p>La SOCIET\u00c0, nell&#039;ambito delle sue transazioni tramite il negozio online, non \u00e8 responsabile e non risponde di alcun danno o perdita derivante dall&#039;annullamento degli ordini, dalla mancata esecuzione o dal ritardo nella loro esecuzione, per qualsiasi motivo. Non garantisce la disponibilit\u00e0 dei prodotti esposti nel negozio online, ma informa il cliente interessato, sulla base dei dati in suo possesso, della loro disponibilit\u00e0 o meno e si impegna, in caso di modifica di tali dati, a informare tempestivamente i clienti della loro indisponibilit\u00e0, nel qual caso non si assume alcuna ulteriore responsabilit\u00e0. Il negozio online fornisce il contenuto (informazioni, nomi, fotografie, illustrazioni), i prodotti e i servizi disponibili tramite il sito web &quot;esattamente come sono&quot;. In nessun caso la SOCIET\u00c0 \u00e8 responsabile, civilmente o penalmente, per qualsiasi danno (positivo, speciale o consequenziale, che a titolo indicativo e non limitativo, alternativamente e\/o cumulativamente consiste in perdita di profitti, dati, mancati profitti, soddisfazione monetaria, ecc.) che un visitatore del negozio online o una terza parte possa subire a causa di un motivo correlato al funzionamento o al mancato funzionamento e\/o all&#039;utilizzo del sito web e\/o all&#039;impossibilit\u00e0 di fornire servizi e\/o prodotti e\/o informazioni disponibili sullo stesso e\/o da eventuali interventi non autorizzati da parte di terze parti su prodotti e\/o servizi e\/o informazioni disponibili tramite lo stesso.<\/p><p><strong>Trasferimento del rischio<\/strong><\/p><p>Nei contratti in cui il fornitore spedisce i beni al consumatore, il rischio di perdita o danneggiamento dei beni si trasferisce al consumatore nel momento in cui il consumatore o un terzo da lui designato, diverso dal vettore, ne acquisisce il possesso fisico. Tuttavia, il rischio si trasferisce al consumatore al momento della consegna dei beni al vettore, qualora quest&#039;ultimo abbia ricevuto istruzioni dal consumatore di trasportare i beni e tale opzione non sia stata offerta dal fornitore, fatti salvi i diritti del consumatore nei confronti del vettore.<\/p><p><strong>Diritti di propriet\u00e0 intellettuale<\/strong><\/p><p>Tutti i contenuti del negozio online, inclusi titoli distintivi, marchi, immagini, grafici, fotografie, disegni, testi, ecc., costituiscono propriet\u00e0 intellettuale della SOCIET\u00c0 e sono protetti dalle pertinenti disposizioni del diritto greco, del diritto europeo e delle convenzioni internazionali, nonch\u00e9 dalla propriet\u00e0 intellettuale di terzi per i quali la SOCIET\u00c0 ha ottenuto una licenza d&#039;uso per le proprie esigenze esclusive e per la gestione del negozio online. \u00c8 vietata qualsiasi copia, trasferimento o creazione di un&#039;opera derivata basata su tali contenuti o che possa trarre in inganno il pubblico riguardo al fornitore effettivo del negozio online. La riproduzione, la ripubblicazione, il caricamento, l&#039;annuncio, la diffusione o la trasmissione o qualsiasi altro utilizzo dei contenuti in qualsiasi modo o mezzo per scopi commerciali o di altro tipo \u00e8 consentita solo previo consenso scritto della SOCIET\u00c0 o di qualsiasi altro titolare del copyright. I nomi, le immagini, i loghi e i tratti distintivi elencati e descrittivi del negozio online con il marchio <strong>sigletos.gr<\/strong>\u00a0o i prodotti o servizi della SOCIET\u00c0 o di terze parti, sono di propriet\u00e0 della SOCIET\u00c0 o di terze parti, rispettivamente, e sono protetti dalle leggi sui marchi pertinenti. Il loro utilizzo nel negozio online non conferisce in alcun modo una licenza o un diritto di utilizzo da parte di terzi.<\/p><p><strong>Responsabilit\u00e0 dell&#039;utente<\/strong><\/p><p>L&#039;utente\/cliente accetta e si impegna a utilizzare i servizi, le informazioni e i dati del negozio online come previsto dalla legge e in base alle regole di buona fede e di etica commerciale. \u00c8 tenuto a non utilizzare il negozio online con il marchio <strong>sigletos.gr<\/strong>\u00a0per una qualsiasi delle seguenti situazioni:<\/p><p><strong>&#8211;<\/strong>inviare, pubblicare, inviare tramite e-mail o trasmettere con altri mezzi qualsiasi contenuto che sia illegale per qualsiasi motivo, causi reati illeciti e danni alla SOCIET\u00c0 o a terzi o violi la riservatezza o la privacy delle informazioni di qualsiasi persona<\/p><p><strong>&#8211;<\/strong>inviare, pubblicare, inviare tramite posta elettronica o trasmettere con altri mezzi qualsiasi contenuto che offenda la morale degli utenti, i valori sociali, i minori, ecc.<\/p><p><strong>&#8211;<\/strong>inviare, pubblicare, inviare tramite e-mail o altrimenti trasmettere contenuti che gli utenti non hanno il diritto di trasmettere ai sensi della legge o dei contratti applicabili (ad esempio informazioni riservate, proprietarie e riservate acquisite o divulgate nell&#039;ambito di rapporti di lavoro o coperte da accordi di riservatezza);<\/p><p><strong>&#8211;<\/strong>inviare, pubblicare, inviare via e-mail o altrimenti trasmettere qualsiasi contenuto che violi brevetti, marchi, segreti commerciali, diritti d&#039;autore o altri diritti proprietari di terzi<\/p><p><strong>&#8211;<\/strong>inviare, pubblicare, inviare via e-mail o altrimenti trasmettere qualsiasi materiale che contenga virus informatici o qualsiasi altro codice, file o programma progettato per interrompere, danneggiare, distruggere o disabilitare il funzionamento di qualsiasi software o hardware informatico\u00a0<span style=\"font-family: var(--tb-text-primary-font);\">violazione intenzionale o non intenzionale della legislazione o delle disposizioni applicabili<\/span><\/p><p><strong>&#8211;<\/strong>Molestie nei confronti di terzi in qualsiasi modo: raccolta o archiviazione di dati personali di altri utenti.<\/p><p><strong>Link al sito web sigletos.gr<\/strong><\/p><p>I link inclusi nel negozio online conducono alle pagine del negozio o, in alcuni casi, portano l&#039;utente a passare da esso (negozio online) a siti web di fornitori terzi, aziende, ecc. Questi siti web collegati non sono sotto il controllo della SOCIET\u00c0 e la SOCIET\u00c0 non si assume alcuna responsabilit\u00e0 per il contenuto di tali siti web o di qualsiasi link incluso in un sito web collegato, n\u00e9 per eventuali modifiche o aggiornamenti a tali siti web. La SOCIET\u00c0 non \u00e8 responsabile per le trasmissioni via Internet o per qualsiasi forma di trasmissione ricevuta da qualsiasi sito web collegato. La SOCIET\u00c0 fornisce questi link nel suo negozio online solo per facilitarne l&#039;utilizzo, il loro utilizzo non \u00e8 obbligatorio per il visitatore\/cliente e il fatto che siano inclusi nel negozio online non indica che la SOCIET\u00c0 ne approvi o accetti il contenuto.<\/p><\/div><\/div>\t\t\t\t\t\t\t\t<\/div>\n\t\t\t\t<\/div>\n\t\t\t\t\t<\/div>\n\t\t<\/div>\n\t\t\t\t\t<\/div>\n\t\t<\/section>\n\t\t\t\t<\/div>","protected":false},"excerpt":{"rendered":"<p>\u0395\u03b9\u03c3\u03b1\u03b3\u03c9\u03b3\u03ae O \u03b9\u03c3\u03c4\u03cc\u03c4\u03bf\u03c0\u03bf\u03c2 sigletos.gr\u00a0\u03b5\u03af\u03bd\u03b1\u03b9 \u03ad\u03bd\u03b1 \u03b7\u03bb\u03b5\u03ba\u03c4\u03c1\u03bf\u03bd\u03b9\u03ba\u03cc \u03b5\u03bc\u03c0\u03bf\u03c1\u03b9\u03ba\u03cc \u03ba\u03b1\u03c4\u03ac\u03c3\u03c4\u03b7\u03bc\u03b1 \u03c0\u03ce\u03bb\u03b7\u03c3\u03b7\u03c2 \u03c0\u03c1\u03bf\u03ca\u03cc\u03bd\u03c4\u03c9\u03bd \u03ba\u03b1\u03b9 \u03c5\u03c0\u03b7\u03c1\u03b5\u03c3\u03b9\u03ce\u03bd \u03bc\u03ad\u03c3\u03c9 \u03c4\u03bf\u03c5 \u0394\u03b9\u03b1\u03b4\u03b9\u03ba\u03c4\u03cd\u03bf\u03c5 (\u03c3\u03c4\u03bf \u03b5\u03be\u03ae\u03c2 \u03ba\u03b1\u03bb\u03bf\u03cd\u03bc\u03b5\u03bd\u03bf \u03b7\u03bb\u03b5\u03ba\u03c4\u03c1\u03bf\u03bd\u03b9\u03ba\u03cc \u03ba\u03b1\u03c4\u03ac\u03c3\u03c4\u03b7\u03bc\u03b1<\/p>","protected":false},"author":4,"featured_media":0,"parent":0,"menu_order":0,"comment_status":"closed","ping_status":"closed","template":"elementor_header_footer","meta":{"footnotes":""},"class_list":["post-9502","page","type-page","status-publish","hentry"],"_links":{"self":[{"href":"https:\/\/sigletos.gr\/it\/wp-json\/wp\/v2\/pages\/9502","targetHints":{"allow":["GET"]}}],"collection":[{"href":"https:\/\/sigletos.gr\/it\/wp-json\/wp\/v2\/pages"}],"about":[{"href":"https:\/\/sigletos.gr\/it\/wp-json\/wp\/v2\/types\/page"}],"author":[{"embeddable":true,"href":"https:\/\/sigletos.gr\/it\/wp-json\/wp\/v2\/users\/4"}],"replies":[{"embeddable":true,"href":"https:\/\/sigletos.gr\/it\/wp-json\/wp\/v2\/comments?post=9502"}],"version-history":[{"count":49,"href":"https:\/\/sigletos.gr\/it\/wp-json\/wp\/v2\/pages\/9502\/revisions"}],"predecessor-version":[{"id":35776,"href":"https:\/\/sigletos.gr\/it\/wp-json\/wp\/v2\/pages\/9502\/revisions\/35776"}],"wp:attachment":[{"href":"https:\/\/sigletos.gr\/it\/wp-json\/wp\/v2\/media?parent=9502"}],"curies":[{"name":"wp","href":"https:\/\/api.w.org\/{rel}","templated":true}]}}