{"id":9506,"date":"2022-03-22T12:50:34","date_gmt":"2022-03-22T12:50:34","guid":{"rendered":"https:\/\/sigletos.gr\/?page_id=9506"},"modified":"2025-03-31T13:34:34","modified_gmt":"2025-03-31T10:34:34","slug":"prosopika-dedomena","status":"publish","type":"page","link":"https:\/\/sigletos.gr\/it\/prosopika-dedomena\/","title":{"rendered":"Dati Personali"},"content":{"rendered":"<div data-elementor-type=\"wp-page\" data-elementor-id=\"9506\" class=\"elementor elementor-9506\" data-elementor-post-type=\"page\">\n\t\t\t\t\t\t<section class=\"wd-negative-gap elementor-section elementor-top-section elementor-element elementor-element-dfc2f18 elementor-section-stretched elementor-section-boxed elementor-section-height-default elementor-section-height-default\" data-id=\"dfc2f18\" data-element_type=\"section\" data-e-type=\"section\" data-settings=\"{&quot;stretch_section&quot;:&quot;section-stretched&quot;}\">\n\t\t\t\t\t\t<div class=\"elementor-container elementor-column-gap-default\">\n\t\t\t\t\t<div class=\"elementor-column elementor-col-100 elementor-top-column elementor-element elementor-element-0cf746d\" data-id=\"0cf746d\" data-element_type=\"column\" data-e-type=\"column\">\n\t\t\t<div class=\"elementor-widget-wrap elementor-element-populated\">\n\t\t\t\t\t\t<div class=\"elementor-element elementor-element-e85e9a7 color-scheme-inherit text-left elementor-widget elementor-widget-text-editor\" data-id=\"e85e9a7\" data-element_type=\"widget\" data-e-type=\"widget\" data-widget_type=\"text-editor.default\">\n\t\t\t\t<div class=\"elementor-widget-container\">\n\t\t\t\t\t\t\t\t\t<div class=\"term-wrapper\"><div class=\"inner\"><p>L&#039;AZIENDA ha creato questo sito web con l&#039;unico scopo di servire i propri clienti. Il sito web <strong>sigletos.gr<\/strong>\u00a0\u00e8 semplice e intuitivo, pur essendo progettato per soddisfare le esigenze specifiche di ogni utente. Per offrirti il miglior servizio possibile, \u00e8 importante che tu, nostro cliente, comprenda che devi fornirci informazioni specifiche relative all&#039;elaborazione del tuo ordine, che conserviamo.<\/p><p>La presente Informativa sulla privacy riguarda tutti i dati personali dei visitatori\/utenti\/membri raccolti dal sito web. <strong>sigletos.gr<\/strong>, durante una visita alle sue pagine. Inoltre, il presente accordo copre le condizioni per la raccolta, l&#039;elaborazione e la gestione dei dati personali dei visitatori\/utenti da parte di <strong>sigletos.gr<\/strong> a qualsiasi societ\u00e0 ad essa affiliata. Il presente accordo non copre in alcun modo il rapporto tra visitatori\/utenti <strong>sigletos.gr<\/strong> e tutti i servizi che non sono soggetti al suo controllo e\/o propriet\u00e0 <strong>sigletos.gr<\/strong>.<\/p><p>Data la natura e il volume di Internet, in qualsiasi circostanza, inclusa la negligenza, l&#039; <strong>sigletos.gr<\/strong> non \u00e8 responsabile per alcun tipo di danno subito dal visitatore\/utente delle sue pagine, servizi, opzioni e contenuti. <strong>sigletos.gr<\/strong>\u00a0che egli procede di propria iniziativa e con conoscenza dei termini del presente contratto.<\/p><p><strong>Cosa sono i dati personali?<\/strong><\/p><p>I dati personali sono informazioni che ti identificano, direttamente o indirettamente. Indirettamente significa in combinazione con altre informazioni, come ad esempio il tuo nome, indirizzo postale, indirizzo email e numero di telefono, o un numero identificativo univoco del dispositivo.<\/p><p><strong>Generalmente<\/strong><\/p><p>Le informazioni fornite volontariamente dagli utenti del sito web sopra menzionato vengono utilizzate da <strong>sigletos.gr<\/strong>, affinch\u00e9 i suoi utenti possano comunicare direttamente e in modo significativo con il negozio, ricevere risposte a domande specifiche e, infine, ricevere ed eseguire i loro ordini. Le informazioni raccolte da <strong>sigletos.gr<\/strong> attraverso il sito web hanno lo scopo di misurare il numero di visitatori, determinare le esigenze dei clienti per pi\u00f9 prodotti e facilitare le transazioni con l&#039;azienda. <strong>sigletos.gr<\/strong> non distribuisce ad altre organizzazioni o partner non affiliati con <strong>sigletos.gr<\/strong>\u00a0indirizzi e-mail o qualsiasi altra informazione riguardante i suoi utenti e clienti, ad eccezione dei collaboratori diretti nel processo di elaborazione degli ordini.<\/p><p><strong>Raccolta e utilizzo dei dati personali<\/strong><\/p><p>IL <strong>sigletos.gr<\/strong>\u00a0raccoglie dati personali quando il visitatore\/utente si registra ai suoi servizi<\/p><p>Al momento della registrazione del visitatore\/utente su <strong>sigletos.gr<\/strong> le informazioni richieste sono le seguenti: Nome, Cognome, Paese, Area Geografica, Stato Civile, Data di Nascita, Professione, Livello di Istruzione, Genere, Indirizzo Email (e-mail). <strong>sigletos.gr <\/strong>\u00a0utilizza i dati personali dei visitatori\/utenti per i seguenti motivi:<\/p><p>Il supporto informativo dei propri clienti\/utenti e la selezione dei contenuti loro offerti, in modo che siano pertinenti alle loro preferenze generali, la soddisfazione delle rispettive esigenze dei propri clienti\/utenti riguardo ai servizi disponibili da e tramite esso. <strong>sigletos.gr<\/strong>\u00a0informandoli sui nuovi progetti aziendali.<\/p><p><strong>Divulgazione dei dati personali<\/strong><\/p><p>IL <strong>sigletos.gr <\/strong>si impegna a non vendere, affittare o in alcun modo pubblicare e\/o comunicare i dati personali dei propri visitatori\/utenti <strong>sigletos.gr<\/strong> a terzi. Il <strong>sigletos.gr <\/strong>pu\u00f2 trasferire i dati personali dei propri visitatori\/utenti a terze persone giuridiche e\/o fisiche solo se:<\/p><p>Ha il consenso esplicito dei visitatori\/utenti per il trasferimento dei dati personali. Il trasferimento dei dati personali a persone giuridiche e\/o fisiche che collaborano con il <strong>sigletos.gr<\/strong> si rende necessario per l&#039;attuazione dei desideri e\/o degli ordini degli utenti. Le persone giuridiche e fisiche che collaborano con il <strong>sigletos.gr<\/strong> hanno il diritto di trattare i dati personali che i suoi utenti forniscono <strong>sigletos.gr<\/strong> contribuirvi solo nella misura strettamente necessaria a fornire supporto all&#039; <strong>sigletos.gr<\/strong>Esso \u00e8 disposto esclusivamente nel rispetto delle disposizioni di legge in materia e delle autorit\u00e0 competenti.<\/p><p><strong>Biscotti<\/strong><\/p><p>IL <strong>sigletos.gr<\/strong> ha la possibilit\u00e0 di utilizzare i cookie come parte della facilitazione e del funzionamento dei servizi tramite il suo sito web. I cookie sono piccoli file (file di testo), che vengono inviati e memorizzati sul computer dell&#039;utente, consentendo a siti web come <strong>sigletos.gr<\/strong>, per funzionare senza intoppi e senza anomalie tecniche, per raccogliere pi\u00f9 scelte utente, per riconoscere gli utenti frequenti, per facilitarne l&#039;accesso e per raccogliere dati per migliorare i contenuti del sito web. I cookie non danneggiano i computer degli utenti o i file in essi memorizzati. Utilizziamo i cookie per fornirti informazioni ed elaborare gli ordini, ma anche per consentirci di presentarti contenuti pubblicitari e didattici pertinenti ai tuoi interessi e alle tue esigenze. Tieni presente che i cookie sono assolutamente necessari per il corretto funzionamento del sito web. <strong>sigletos.gr<\/strong>.<\/p><p><strong>I cookie si dividono nelle seguenti categorie:<\/strong><\/p><p><strong>\u2013 Cookie necessari<\/strong> Consentono l&#039;esecuzione di funzioni di base del sito, come l&#039;aggiunta di prodotti al carrello, il salvataggio di prodotti nella lista dei desideri e il pagamento online. Senza questi cookie necessari, il corretto funzionamento dell&#039;e-shop viene immediatamente compromesso, la tua esperienza di navigazione personale \u00e8 limitata e le funzioni di base dell&#039;e-commerce sono compromesse.<\/p><p><strong>\u2013 Cookie funzionali. <\/strong>Questi cookie ricordano le tue preferenze mentre navighi sul nostro sito web, cos\u00ec possiamo consigliarti i prodotti giusti in base alle tue esigenze, aiutandoti a trovare molto pi\u00f9 facilmente quello che stai cercando.<\/p><p><strong>\u2013 Cookie di prestazione. <\/strong>I cookie di prestazione raccolgono informazioni su come i visitatori utilizzano il nostro sito web. Ci consentono di vedere quali pagine visitano pi\u00f9 spesso, di sapere se riscontrano problemi durante la navigazione, ecc. Questi cookie non raccolgono informazioni che identificano il visitatore, poich\u00e9 le informazioni sono aggregate e quindi anonime. Vengono utilizzati solo per migliorare il funzionamento del sito web.\u00a0<strong>sigletos.gr.<\/strong><\/p><p><strong>\u2013 Cookie pubblicitari.<\/strong> Questi cookie vengono utilizzati per fornirti annunci pubblicitari pertinenti a te e ai tuoi interessi. Vengono inoltre utilizzati per inviarti pubblicit\u00e0 o offerte pi\u00f9 pertinenti alle tue esigenze, limitando cos\u00ec i messaggi pubblicitari indesiderati e non pertinenti. Ci aiutano anche a misurare l&#039;efficacia delle nostre campagne pubblicitarie.<\/p><p><strong>\u2013 Cookie analitici.<\/strong> Sono un sottoinsieme dei cookie funzionali e ci consentono di valutare l&#039;efficacia delle varie funzioni del nostro sito web, migliorando cos\u00ec continuamente l&#039;esperienza che ti offriamo.<\/p><p>Fornitori terzi, tra cui Google, potrebbero visualizzare annunci pubblicitari dell&#039;Azienda sui siti Web e utilizzare cookie per aggiornare, ottimizzare e visualizzare annunci pubblicitari in base alle precedenti visite dell&#039;utente al sito Web. <strong>sigletos.gr.<\/strong><\/p><p>IL <strong>sigletos.gr <\/strong>pu\u00f2 anche utilizzare i cookie della tua precedente visita al suo sito web per il remarketing.<\/p><p>Puoi disattivare l&#039;utilizzo dei cookie da parte di Google. Puoi anche configurare il tuo browser (Chrome, Firefox, Edge, ecc.) in modo da ricevere una notifica ogni volta che viene ricevuto un cookie e decidere se accettarlo o rifiutarlo. In questo caso, tieni presente che potresti non essere in grado di sfruttare tutte le sue funzionalit\u00e0.<\/p><p>IL <strong>sigletos.gr <\/strong>Possono utilizzare le funzionalit\u00e0 di Google Analytics per gli annunci display (ad esempio, remarketing, report display sulla Rete Display di Google, ecc.). Utilizzando le Impostazioni Annunci, i visitatori possono disattivare Google Analytics per gli annunci display e personalizzare gli annunci sulla Rete Display di Google. Ecco le opzioni di disattivazione di Google Analytics disponibili per il web.<\/p><p>IL <strong>sigletos.gr<\/strong> e fornitori terzi, tra cui Google, utilizzano insieme i cookie (ad esempio il cookie di Google Analytics) per informare, ottimizzare e pubblicare annunci pubblicitari in base alle visite precedenti al suo sito Web da parte di alcuni utenti, per elaborare report su come vengono visualizzati i suoi annunci. <strong>sigletos.gr<\/strong>, altri utilizzi dei servizi pubblicitari, interazioni con queste impressioni pubblicitarie e servizi pubblicitari correlati alle visite al sito web <strong>sigletos.gr<\/strong>. IL <strong>sigletos.gr<\/strong>\u00a0pu\u00f2 utilizzare i dati derivanti dalla pubblicit\u00e0 basata sugli interessi di Google o i dati di pubblico di terze parti (ad esempio et\u00e0, sesso e interessi) con Google Analytics.<\/p><p>Ci riserviamo il diritto di modificare la presente informativa sui cookie in qualsiasi momento. Qualsiasi modifica alla presente informativa sui cookie entrer\u00e0 in vigore dal momento in cui la versione aggiornata sar\u00e0 disponibile sul nostro sito web.<\/p><p>Gli inserzionisti terzi e altre aziende con cui collaboriamo potrebbero utilizzare i propri cookie per raccogliere informazioni sulle tue attivit\u00e0 sul nostro sito web. Non abbiamo alcun controllo su questi cookie.<\/p><p>Utilizzando questo sito web, accetti e acconsenti alla presente Informativa sulla privacy, nonch\u00e9 ai termini e alle condizioni d&#039;uso del sito web ivi pubblicati.<\/p><\/div><\/div>\t\t\t\t\t\t\t\t<\/div>\n\t\t\t\t<\/div>\n\t\t\t\t\t<\/div>\n\t\t<\/div>\n\t\t\t\t\t<\/div>\n\t\t<\/section>\n\t\t\t\t<\/div>","protected":false},"excerpt":{"rendered":"<p>H \u0395\u03a4\u0391\u0399\u03a1\u0395\u0399\u0391, \u03b4\u03b7\u03bc\u03b9\u03bf\u03cd\u03c1\u03b3\u03b7\u03c3\u03b5 \u03c4\u03b7\u03bd \u03c0\u03b1\u03c1\u03bf\u03cd\u03c3\u03b1 \u03b9\u03c3\u03c4\u03bf\u03c3\u03b5\u03bb\u03af\u03b4\u03b1 \u03bc\u03b5 \u03bc\u03bf\u03bd\u03b1\u03b4\u03b9\u03ba\u03cc \u03c3\u03ba\u03bf\u03c0\u03cc \u03c4\u03b7\u03bd \u03b5\u03be\u03c5\u03c0\u03b7\u03c1\u03ad\u03c4\u03b7\u03c3\u03b7 \u03c4\u03c9\u03bd \u03c0\u03b5\u03bb\u03b1\u03c4\u03ce\u03bd \u03c4\u03bf\u03c5\u03c2. \u0397 \u03b9\u03c3\u03c4\u03bf\u03c3\u03b5\u03bb\u03af\u03b4\u03b1 sigletos.gr\u00a0\u03b5\u03af\u03bd\u03b1\u03b9 \u03b1\u03c0\u03bb\u03ae \u03ba\u03b1\u03b9 \u03c6\u03b9\u03bb\u03b9\u03ba\u03ae<\/p>","protected":false},"author":4,"featured_media":0,"parent":0,"menu_order":0,"comment_status":"closed","ping_status":"closed","template":"elementor_header_footer","meta":{"footnotes":""},"class_list":["post-9506","page","type-page","status-publish","hentry"],"_links":{"self":[{"href":"https:\/\/sigletos.gr\/it\/wp-json\/wp\/v2\/pages\/9506","targetHints":{"allow":["GET"]}}],"collection":[{"href":"https:\/\/sigletos.gr\/it\/wp-json\/wp\/v2\/pages"}],"about":[{"href":"https:\/\/sigletos.gr\/it\/wp-json\/wp\/v2\/types\/page"}],"author":[{"embeddable":true,"href":"https:\/\/sigletos.gr\/it\/wp-json\/wp\/v2\/users\/4"}],"replies":[{"embeddable":true,"href":"https:\/\/sigletos.gr\/it\/wp-json\/wp\/v2\/comments?post=9506"}],"version-history":[{"count":16,"href":"https:\/\/sigletos.gr\/it\/wp-json\/wp\/v2\/pages\/9506\/revisions"}],"predecessor-version":[{"id":35751,"href":"https:\/\/sigletos.gr\/it\/wp-json\/wp\/v2\/pages\/9506\/revisions\/35751"}],"wp:attachment":[{"href":"https:\/\/sigletos.gr\/it\/wp-json\/wp\/v2\/media?parent=9506"}],"curies":[{"name":"wp","href":"https:\/\/api.w.org\/{rel}","templated":true}]}}