{"id":22999,"date":"2022-07-26T10:50:19","date_gmt":"2022-07-26T08:50:19","guid":{"rendered":"https:\/\/sigletos.gr\/?post_type=product&#038;p=22999"},"modified":"2025-06-09T13:59:26","modified_gmt":"2025-06-09T10:59:26","slug":"%ce%ba%ce%b1%cf%80%ce%ac%ce%ba%ce%b9-%cf%8630-%ce%b3%ce%b9%ce%b1-%cf%86%ce%b5%cf%81%ce%ac%ce%bc%ce%b9-%cf%8625","status":"publish","type":"product","link":"https:\/\/sigletos.gr\/it\/prodotto\/%ce%ba%ce%b1%cf%80%ce%ac%ce%ba%ce%b9-%cf%8630-%ce%b3%ce%b9%ce%b1-%cf%86%ce%b5%cf%81%ce%ac%ce%bc%ce%b9-%cf%8625\/","title":{"rendered":"Coperchio \u00d830 per fermione \u00d825"},"content":{"rendered":"<p>Coperchio \u00d830 per ferramenta \u00d825<\/p>","protected":false},"excerpt":{"rendered":"<p>Coperchio \u00d830 per ferramenta \u00d825<\/p>","protected":false},"featured_media":23000,"comment_status":"closed","ping_status":"closed","template":"","meta":[],"product_brand":[],"product_cat":[875,886],"product_tag":[1117,1139,1184],"class_list":{"0":"post-22999","1":"product","2":"type-product","3":"status-publish","4":"has-post-thumbnail","6":"product_cat-875","7":"product_cat-886","8":"product_tag-1117","9":"product_tag-1139","10":"product_tag-1184","12":"first","13":"instock","14":"product-type-simple"},"_links":{"self":[{"href":"https:\/\/sigletos.gr\/it\/wp-json\/wp\/v2\/product\/22999","targetHints":{"allow":["GET"]}}],"collection":[{"href":"https:\/\/sigletos.gr\/it\/wp-json\/wp\/v2\/product"}],"about":[{"href":"https:\/\/sigletos.gr\/it\/wp-json\/wp\/v2\/types\/product"}],"replies":[{"embeddable":true,"href":"https:\/\/sigletos.gr\/it\/wp-json\/wp\/v2\/comments?post=22999"}],"version-history":[{"count":1,"href":"https:\/\/sigletos.gr\/it\/wp-json\/wp\/v2\/product\/22999\/revisions"}],"predecessor-version":[{"id":36415,"href":"https:\/\/sigletos.gr\/it\/wp-json\/wp\/v2\/product\/22999\/revisions\/36415"}],"wp:featuredmedia":[{"embeddable":true,"href":"https:\/\/sigletos.gr\/it\/wp-json\/wp\/v2\/media\/23000"}],"wp:attachment":[{"href":"https:\/\/sigletos.gr\/it\/wp-json\/wp\/v2\/media?parent=22999"}],"wp:term":[{"taxonomy":"product_brand","embeddable":true,"href":"https:\/\/sigletos.gr\/it\/wp-json\/wp\/v2\/product_brand?post=22999"},{"taxonomy":"product_cat","embeddable":true,"href":"https:\/\/sigletos.gr\/it\/wp-json\/wp\/v2\/product_cat?post=22999"},{"taxonomy":"product_tag","embeddable":true,"href":"https:\/\/sigletos.gr\/it\/wp-json\/wp\/v2\/product_tag?post=22999"}],"curies":[{"name":"wp","href":"https:\/\/api.w.org\/{rel}","templated":true}]}}