{"id":26296,"date":"2022-07-26T11:49:27","date_gmt":"2022-07-26T09:49:27","guid":{"rendered":"https:\/\/sigletos.gr\/?post_type=product&#038;p=26296"},"modified":"2025-06-09T13:47:10","modified_gmt":"2025-06-09T10:47:10","slug":"%cf%80%cf%8c%ce%b4%ce%b9%ce%b1-%cf%84%cf%81%ce%b1%cf%80%ce%b5%ce%b6%ce%b9%ce%bf%cf%8d-%cf%83%cf%80%ce%b1%cf%83%cf%84%ce%ac-%cf%8650x710-%ce%bd%ce%af%ce%ba%ce%b5%ce%bb-%ce%bc%ce%b1%cf%84","status":"publish","type":"product","link":"https:\/\/sigletos.gr\/it\/prodotto\/%cf%80%cf%8c%ce%b4%ce%b9%ce%b1-%cf%84%cf%81%ce%b1%cf%80%ce%b5%ce%b6%ce%b9%ce%bf%cf%8d-%cf%83%cf%80%ce%b1%cf%83%cf%84%ce%ac-%cf%8650x710-%ce%bd%ce%af%ce%ba%ce%b5%ce%bb-%ce%bc%ce%b1%cf%84\/","title":{"rendered":"Gambe per tavolo pieghevoli \u00d850\u00d7710 nichel opaco"},"content":{"rendered":"<p>Gambe per tavolo pieghevoli \u00d850\u00d7710 nichel opaco<\/p>","protected":false},"excerpt":{"rendered":"<p>Gambe per tavolo pieghevoli \u00d850\u00d7710 nichel opaco<\/p>","protected":false},"featured_media":26297,"comment_status":"closed","ping_status":"closed","template":"","meta":[],"product_brand":[],"product_cat":[875,1397,886],"product_tag":[1117,1166,1195],"class_list":{"0":"post-26296","1":"product","2":"type-product","3":"status-publish","4":"has-post-thumbnail","6":"product_cat-875","7":"product_cat-1397","8":"product_cat-886","9":"product_tag-1117","10":"product_tag-1166","11":"product_tag-1195","13":"first","14":"instock","15":"product-type-simple"},"_links":{"self":[{"href":"https:\/\/sigletos.gr\/it\/wp-json\/wp\/v2\/product\/26296","targetHints":{"allow":["GET"]}}],"collection":[{"href":"https:\/\/sigletos.gr\/it\/wp-json\/wp\/v2\/product"}],"about":[{"href":"https:\/\/sigletos.gr\/it\/wp-json\/wp\/v2\/types\/product"}],"replies":[{"embeddable":true,"href":"https:\/\/sigletos.gr\/it\/wp-json\/wp\/v2\/comments?post=26296"}],"version-history":[{"count":1,"href":"https:\/\/sigletos.gr\/it\/wp-json\/wp\/v2\/product\/26296\/revisions"}],"predecessor-version":[{"id":36290,"href":"https:\/\/sigletos.gr\/it\/wp-json\/wp\/v2\/product\/26296\/revisions\/36290"}],"wp:featuredmedia":[{"embeddable":true,"href":"https:\/\/sigletos.gr\/it\/wp-json\/wp\/v2\/media\/26297"}],"wp:attachment":[{"href":"https:\/\/sigletos.gr\/it\/wp-json\/wp\/v2\/media?parent=26296"}],"wp:term":[{"taxonomy":"product_brand","embeddable":true,"href":"https:\/\/sigletos.gr\/it\/wp-json\/wp\/v2\/product_brand?post=26296"},{"taxonomy":"product_cat","embeddable":true,"href":"https:\/\/sigletos.gr\/it\/wp-json\/wp\/v2\/product_cat?post=26296"},{"taxonomy":"product_tag","embeddable":true,"href":"https:\/\/sigletos.gr\/it\/wp-json\/wp\/v2\/product_tag?post=26296"}],"curies":[{"name":"wp","href":"https:\/\/api.w.org\/{rel}","templated":true}]}}