{"id":27474,"date":"2022-07-26T12:11:03","date_gmt":"2022-07-26T10:11:03","guid":{"rendered":"https:\/\/sigletos.gr\/?post_type=product&#038;p=27474"},"modified":"2025-06-10T09:46:27","modified_gmt":"2025-06-10T06:46:27","slug":"%cf%80%cf%8c%ce%b4%ce%b9-%cf%8660x710-1100mm-%ce%bc%ce%b5-%cf%81%ce%ad%ce%b3%ce%bf%cf%85%ce%bb%ce%b1-%cf%87%cf%81%cf%89%ce%bc%ce%af%ce%bf%cf%85","status":"publish","type":"product","link":"https:\/\/sigletos.gr\/it\/prodotto\/%cf%80%cf%8c%ce%b4%ce%b9-%cf%8660x710-1100mm-%ce%bc%ce%b5-%cf%81%ce%ad%ce%b3%ce%bf%cf%85%ce%bb%ce%b1-%cf%87%cf%81%cf%89%ce%bc%ce%af%ce%bf%cf%85\/","title":{"rendered":"Gamba \u00d860\u00d7710-1100mm con righelli cromati"},"content":{"rendered":"<p>Gamba \u00d860\u00d7710-1100mm con righelli cromati<\/p>","protected":false},"excerpt":{"rendered":"<p>Gamba \u00d860\u00d7710-1100mm con righelli cromati<\/p>","protected":false},"featured_media":27475,"comment_status":"closed","ping_status":"closed","template":"","meta":[],"product_brand":[],"product_cat":[875,1397,886],"product_tag":[1117,1166,1195],"class_list":{"0":"post-27474","1":"product","2":"type-product","3":"status-publish","4":"has-post-thumbnail","6":"product_cat-875","7":"product_cat-1397","8":"product_cat-886","9":"product_tag-1117","10":"product_tag-1166","11":"product_tag-1195","13":"first","14":"instock","15":"product-type-simple"},"_links":{"self":[{"href":"https:\/\/sigletos.gr\/it\/wp-json\/wp\/v2\/product\/27474","targetHints":{"allow":["GET"]}}],"collection":[{"href":"https:\/\/sigletos.gr\/it\/wp-json\/wp\/v2\/product"}],"about":[{"href":"https:\/\/sigletos.gr\/it\/wp-json\/wp\/v2\/types\/product"}],"replies":[{"embeddable":true,"href":"https:\/\/sigletos.gr\/it\/wp-json\/wp\/v2\/comments?post=27474"}],"version-history":[{"count":1,"href":"https:\/\/sigletos.gr\/it\/wp-json\/wp\/v2\/product\/27474\/revisions"}],"predecessor-version":[{"id":36512,"href":"https:\/\/sigletos.gr\/it\/wp-json\/wp\/v2\/product\/27474\/revisions\/36512"}],"wp:featuredmedia":[{"embeddable":true,"href":"https:\/\/sigletos.gr\/it\/wp-json\/wp\/v2\/media\/27475"}],"wp:attachment":[{"href":"https:\/\/sigletos.gr\/it\/wp-json\/wp\/v2\/media?parent=27474"}],"wp:term":[{"taxonomy":"product_brand","embeddable":true,"href":"https:\/\/sigletos.gr\/it\/wp-json\/wp\/v2\/product_brand?post=27474"},{"taxonomy":"product_cat","embeddable":true,"href":"https:\/\/sigletos.gr\/it\/wp-json\/wp\/v2\/product_cat?post=27474"},{"taxonomy":"product_tag","embeddable":true,"href":"https:\/\/sigletos.gr\/it\/wp-json\/wp\/v2\/product_tag?post=27474"}],"curies":[{"name":"wp","href":"https:\/\/api.w.org\/{rel}","templated":true}]}}