{"id":27819,"date":"2022-07-26T12:17:19","date_gmt":"2022-07-26T10:17:19","guid":{"rendered":"https:\/\/sigletos.gr\/?post_type=product&#038;p=27819"},"modified":"2025-06-09T13:40:38","modified_gmt":"2025-06-09T10:40:38","slug":"%ce%bf%cf%8d%cf%80%ce%b1%cf%84-%cf%80%ce%bb%ce%b1%cf%83%cf%84%ce%b9%ce%ba%cf%8c-%cf%868-%ce%bc4x11","status":"publish","type":"product","link":"https:\/\/sigletos.gr\/it\/prodotto\/%ce%bf%cf%8d%cf%80%ce%b1%cf%84-%cf%80%ce%bb%ce%b1%cf%83%cf%84%ce%b9%ce%ba%cf%8c-%cf%868-%ce%bc4x11\/","title":{"rendered":"Tappo in plastica \u00d88 M4\u00d711"},"content":{"rendered":"<p>Tappo in plastica \u00d88 M4\u00d711<\/p>","protected":false},"excerpt":{"rendered":"<p>Tappo in plastica \u00d88 M4\u00d711<\/p>","protected":false},"featured_media":27820,"comment_status":"closed","ping_status":"closed","template":"","meta":[],"product_brand":[],"product_cat":[875,886],"product_tag":[1130,1131,1117],"class_list":{"0":"post-27819","1":"product","2":"type-product","3":"status-publish","4":"has-post-thumbnail","6":"product_cat-875","7":"product_cat-886","8":"product_tag-1130","9":"product_tag-1131","10":"product_tag-1117","12":"first","13":"instock","14":"product-type-simple"},"_links":{"self":[{"href":"https:\/\/sigletos.gr\/it\/wp-json\/wp\/v2\/product\/27819","targetHints":{"allow":["GET"]}}],"collection":[{"href":"https:\/\/sigletos.gr\/it\/wp-json\/wp\/v2\/product"}],"about":[{"href":"https:\/\/sigletos.gr\/it\/wp-json\/wp\/v2\/types\/product"}],"replies":[{"embeddable":true,"href":"https:\/\/sigletos.gr\/it\/wp-json\/wp\/v2\/comments?post=27819"}],"version-history":[{"count":1,"href":"https:\/\/sigletos.gr\/it\/wp-json\/wp\/v2\/product\/27819\/revisions"}],"predecessor-version":[{"id":36211,"href":"https:\/\/sigletos.gr\/it\/wp-json\/wp\/v2\/product\/27819\/revisions\/36211"}],"wp:featuredmedia":[{"embeddable":true,"href":"https:\/\/sigletos.gr\/it\/wp-json\/wp\/v2\/media\/27820"}],"wp:attachment":[{"href":"https:\/\/sigletos.gr\/it\/wp-json\/wp\/v2\/media?parent=27819"}],"wp:term":[{"taxonomy":"product_brand","embeddable":true,"href":"https:\/\/sigletos.gr\/it\/wp-json\/wp\/v2\/product_brand?post=27819"},{"taxonomy":"product_cat","embeddable":true,"href":"https:\/\/sigletos.gr\/it\/wp-json\/wp\/v2\/product_cat?post=27819"},{"taxonomy":"product_tag","embeddable":true,"href":"https:\/\/sigletos.gr\/it\/wp-json\/wp\/v2\/product_tag?post=27819"}],"curies":[{"name":"wp","href":"https:\/\/api.w.org\/{rel}","templated":true}]}}