{"id":30246,"date":"2022-08-17T10:27:35","date_gmt":"2022-08-17T08:27:35","guid":{"rendered":"https:\/\/sigletos.gr\/?post_type=product&#038;p=30246"},"modified":"2023-10-06T09:54:03","modified_gmt":"2023-10-06T06:54:03","slug":"%ce%b5%ce%bb%ce%b1%cf%83%cf%84%ce%b9%ce%ba%ce%ae-%ce%b1%ce%ba%cf%81%cf%85%ce%bb%ce%b9%ce%ba%ce%ae-%cf%84%cf%83%ce%b9%ce%bc%ce%b5%ce%bd%cf%84%ce%bf%ce%b5%ce%b9%ce%b4%ce%ae%cf%82-%ce%bb%ce%b5%cf%85","status":"publish","type":"product","link":"https:\/\/sigletos.gr\/it\/prodotto\/%ce%b5%ce%bb%ce%b1%cf%83%cf%84%ce%b9%ce%ba%ce%ae-%ce%b1%ce%ba%cf%81%cf%85%ce%bb%ce%b9%ce%ba%ce%ae-%cf%84%cf%83%ce%b9%ce%bc%ce%b5%ce%bd%cf%84%ce%bf%ce%b5%ce%b9%ce%b4%ce%ae%cf%82-%ce%bb%ce%b5%cf%85\/","title":{"rendered":"Adesivo cementizio acrilico elastico bianco per piastrelle, pareti e pavimenti C2TE ISOMIX FLEX"},"content":{"rendered":"<p>VANTAGGI<br \/>\n\u2022 Alta resistenza<br \/>\n\u2022 \u0395\u03bb\u03b1\u03c3\u03c4\u03b9\u03ba\u03cc\u03c4\u03b7\u03c4\u03b1<br \/>\n\u2022 Ottima lavorabilit\u00e0<br \/>\n\u2022 \u0386\u03c1\u03b9\u03c3\u03c4\u03b7 \u03c0\u03c1\u03cc\u03c3\u03c6\u03c5\u03c3\u03b7 \u03c3\u03b5 \u03b4\u03cd\u03c3\u03ba\u03bf\u03bb\u03b5\u03c2 \u03b5\u03c0\u03b9\u03c6\u03ac\u03bd\u03b5\u03b9\u03b5\u03c2<br \/>\n\u2022 Resistenza all&#039;umidit\u00e0 e al gelo<br \/>\n\u2022 \u03a5\u03c8\u03b7\u03bb\u03ae\u03c2 \u03c0\u03bf\u03b9\u03cc\u03c4\u03b7\u03c4\u03b1\u03c2 \u03c0\u03c1\u03ce\u03c4\u03b5\u03c2 \u03cd\u03bb\u03b5\u03c2<br \/>\n\u2022 Uso interno ed esterno<br \/>\n\u2022 \u0395\u03c5\u03ba\u03bf\u03bb\u03af\u03b1 \u03b5\u03c6\u03b1\u03c1\u03bc\u03bf\u03b3\u03ae\u03c2 &#8211; \u03c4\u03b1\u03c7\u03cd\u03c4\u03b7\u03c4\u03b1 &#8211; \u03ba\u03b1\u03b8\u03b1\u03c1\u03b9\u03cc\u03c4\u03b7\u03c4\u03b1<br \/>\nAPPLICAZIONI<br \/>\n\u2022 \u03a3\u03c5\u03b3\u03ba\u03cc\u03bb\u03bb\u03b7\u03c3\u03b7 \u03c0\u03b1\u03bd\u03c4\u03cc\u03c2 \u03c4\u03cd\u03c0\u03bf\u03c5 \u03b1\u03c0\u03bf\u03c1\u03c1\u03bf\u03c6\u03b7\u03c4\u03b9\u03ba\u03ce\u03bd \u03ba\u03b1\u03b9 \u03bc\u03b7 \u03b1\u03c0\u03bf\u03c1\u03c1\u03bf\u03c6\u03b7\u03c4\u03b9\u03ba\u03ce\u03bd<br \/>\n\u03c0\u03bb\u03b1\u03ba\u03b9\u03b4\u03af\u03c9\u03bd \u03c3\u03b5 \u03bf\u03c1\u03b9\u03b6\u03cc\u03bd\u03c4\u03b9\u03b5\u03c2 \u03ba\u03b1\u03b9 \u03ba\u03ac\u03b8\u03b5\u03c4\u03b5\u03c2 \u03b5\u03c0\u03b9\u03c6\u03ac\u03bd\u03b5\u03b9\u03b5\u03c2 \u03b1\u03c0\u03cc \u03c4\u03c3\u03b9\u03bc\u03b5\u03bd\u03c4\u03bf\u03ba\u03bf\u03bd\u03af\u03b1, \u03c3\u03bf\u03b2\u03ac,<br \/>\n\u03bc\u03c0\u03b5\u03c4\u03cc\u03bd, \u03c3\u03ba\u03c5\u03c1\u03cc\u03b4\u03b5\u03bc\u03b1, \u03b3\u03c5\u03c8\u03bf\u03c3\u03b1\u03bd\u03af\u03b4\u03b5\u03c2, \u03c4\u03c3\u03b9\u03bc\u03b5\u03bd\u03c4\u03bf\u03c3\u03b1\u03bd\u03af\u03b4\u03b5\u03c2, \u03c0\u03bf\u03c1\u03bf\u03bc\u03c0\u03b5\u03c4\u03cc\u03bd \u03ba\u03b1\u03b9 \u03ac\u03bb\u03bb\u03b5\u03c2<br \/>\n\u03c3\u03c5\u03bd\u03ae\u03b8\u03b5\u03b9\u03c2 \u03bf\u03b9\u03ba\u03bf\u03b4\u03bf\u03bc\u03b9\u03ba\u03ad\u03c2 \u03b5\u03c0\u03b9\u03c6\u03ac\u03bd\u03b5\u03b9\u03b5\u03c2<br \/>\n\u2022 \u03a3\u03c5\u03b3\u03ba\u03cc\u03bb\u03bb\u03b7\u03c3\u03b7 \u03c0\u03bb\u03b1\u03ba\u03b9\u03b4\u03af\u03c9\u03bd \u03b3\u03c1\u03b1\u03bd\u03af\u03c4\u03b7 \u03ba\u03b1\u03b9 \u03bc\u03b1\u03c1\u03bc\u03ac\u03c1\u03bf\u03c5, \u03c5\u03b1\u03bb\u03bf\u03c8\u03b7\u03c6\u03af\u03b4\u03c9\u03bd \u03ae<br \/>\n\u03bf\u03c0\u03bf\u03b9\u03bf\u03c5\u03b4\u03ae\u03c0\u03bf\u03c4\u03b5 \u03ac\u03bb\u03bb\u03bf\u03c5 \u03c6\u03c5\u03c3\u03b9\u03ba\u03bf\u03cd \u03c5\u03bb\u03b9\u03ba\u03bf\u03cd<br \/>\n\u2022 \u039a\u03b1\u03c4\u03ac\u03bb\u03bb\u03b7\u03bb\u03b7 \u03b3\u03b9\u03b1 \u03bb\u03bf\u03c5\u03c4\u03c1\u03ac, \u03c4\u03b1\u03c1\u03ac\u03c4\u03c3\u03b5\u03c2, \u03b2\u03b5\u03c1\u03ac\u03bd\u03c4\u03b5\u03c2, \u03bc\u03c9\u03c3\u03b1\u03ca\u03ba\u03ac, \u03c0\u03b1\u03bb\u03b1\u03b9\u03ac \u03bc\u03ac\u03c1\u03bc\u03b1\u03c1\u03b1<br \/>\n\u03ba\u03b1\u03b9 \u03b4\u03ac\u03c0\u03b5\u03b4\u03b1 \u03b2\u03b1\u03c1\u03b9\u03ac\u03c2 \u03ba\u03c5\u03ba\u03bb\u03bf\u03c6\u03bf\u03c1\u03af\u03b1\u03c2<br \/>\n\u0391\u03a0\u039f\u0394\u039f\u03a3\u0397: 2,5 &#8211; 4 Kg\/m2 \u03b1\u03bd\u03ac\u03bb\u03bf\u03b3\u03b1 \u03bc\u03b5 \u03c4\u03b7\u03bd \u03ba\u03b1\u03c4\u03ac\u03c3\u03c4\u03b1\u03c3\u03b7 \u03c4\u03bf\u03c5 \u03c5\u03c0\u03cc\u03b2\u03b1\u03b8\u03c1\u03bf\u03c5, \u03c4\u03bf<br \/>\n\u03bc\u03ad\u03b3\u03b5\u03b8\u03bf\u03c2 \u03ba\u03b1\u03b9 \u03c4\u03bf\u03bd \u03c4\u03cd\u03c0\u03bf \u03c4\u03bf\u03c5 \u03c0\u03bb\u03b1\u03ba\u03b9\u03b4\u03af\u03bf\u03c5<\/p>","protected":false},"excerpt":{"rendered":"<p>ISOMIX FLEX \u00e8 un adesivo acrilico bianco elastoplastico per piastrelle.<br \/>\nbase pendula in forma di malta. Contiene cemento ad alta resistenza<br \/>\nPortland, aggregati di granulometria selezionata, additivi speciali e resine che<br \/>\nmigliorare l&#039;adesione delle piastrelle su superfici difficili e non assorbenti<br \/>\nsuperfici. Fornisce un&#039;elevata forza di adesione su superfici verticali e orizzontali<br \/>\nsuperfici, elasticit\u00e0 e resistenza all&#039;umidit\u00e0. Aumenta le propriet\u00e0 antisismiche<br \/>\npropriet\u00e0 ed \u00e8 adatto a substrati con contrazioni termiche intense<br \/>\nespansioni. \u00c8 adatto per uso interno ed esterno. \u00c8 classificato<br \/>\ncome adesivo di tipo C2TE secondo EN 12004.<\/p>","protected":false},"featured_media":30247,"comment_status":"closed","ping_status":"closed","template":"","meta":[],"product_brand":[],"product_cat":[905,1623],"product_tag":[],"class_list":{"0":"post-30246","1":"product","2":"type-product","3":"status-publish","4":"has-post-thumbnail","6":"product_cat-905","7":"product_cat-1623","8":"pa_brand-mercola","9":"pa_-25kg","11":"first","12":"instock","13":"taxable","14":"shipping-taxable","15":"purchasable","16":"product-type-simple"},"_links":{"self":[{"href":"https:\/\/sigletos.gr\/it\/wp-json\/wp\/v2\/product\/30246","targetHints":{"allow":["GET"]}}],"collection":[{"href":"https:\/\/sigletos.gr\/it\/wp-json\/wp\/v2\/product"}],"about":[{"href":"https:\/\/sigletos.gr\/it\/wp-json\/wp\/v2\/types\/product"}],"replies":[{"embeddable":true,"href":"https:\/\/sigletos.gr\/it\/wp-json\/wp\/v2\/comments?post=30246"}],"version-history":[{"count":0,"href":"https:\/\/sigletos.gr\/it\/wp-json\/wp\/v2\/product\/30246\/revisions"}],"wp:featuredmedia":[{"embeddable":true,"href":"https:\/\/sigletos.gr\/it\/wp-json\/wp\/v2\/media\/30247"}],"wp:attachment":[{"href":"https:\/\/sigletos.gr\/it\/wp-json\/wp\/v2\/media?parent=30246"}],"wp:term":[{"taxonomy":"product_brand","embeddable":true,"href":"https:\/\/sigletos.gr\/it\/wp-json\/wp\/v2\/product_brand?post=30246"},{"taxonomy":"product_cat","embeddable":true,"href":"https:\/\/sigletos.gr\/it\/wp-json\/wp\/v2\/product_cat?post=30246"},{"taxonomy":"product_tag","embeddable":true,"href":"https:\/\/sigletos.gr\/it\/wp-json\/wp\/v2\/product_tag?post=30246"}],"curies":[{"name":"wp","href":"https:\/\/api.w.org\/{rel}","templated":true}]}}