{"id":30377,"date":"2022-08-18T07:44:11","date_gmt":"2022-08-18T05:44:11","guid":{"rendered":"https:\/\/sigletos.gr\/?post_type=product&#038;p=30377"},"modified":"2022-08-18T07:44:12","modified_gmt":"2022-08-18T05:44:12","slug":"%ce%b9%cf%83%cf%87%cf%85%cf%81%cf%8c-%cf%83%cf%85%ce%bc%cf%80%cf%85%ce%ba%ce%bd%cf%89%ce%bc%ce%ad%ce%bd%ce%bf-%ce%b1%cf%80%ce%bf%cf%86%cf%81%ce%b1%ce%ba%cf%84%ce%b9%ce%ba%cf%8c-%ce%b1%cf%80%ce%bf","status":"publish","type":"product","link":"https:\/\/sigletos.gr\/it\/prodotto\/%ce%b9%cf%83%cf%87%cf%85%cf%81%cf%8c-%cf%83%cf%85%ce%bc%cf%80%cf%85%ce%ba%ce%bd%cf%89%ce%bc%ce%ad%ce%bd%ce%bf-%ce%b1%cf%80%ce%bf%cf%86%cf%81%ce%b1%ce%ba%cf%84%ce%b9%ce%ba%cf%8c-%ce%b1%cf%80%ce%bf\/","title":{"rendered":"Sturalavandini concentrato potente CL 16 VIT CLEAN"},"content":{"rendered":"<p>VANTAGGI<br \/>\n\u2022 \u03a0\u03c1\u03bf\u03c3\u03c6\u03ad\u03c1\u03b5\u03b9 \u03ac\u03bc\u03b5\u03c3\u03b7 \u03b4\u03c1\u03ac\u03c3\u03b7<br \/>\n\u2022 \u039a\u03b1\u03c4\u03ac\u03bb\u03bb\u03b7\u03bb\u03bf \u03b3\u03b9\u03b1 \u03b5\u03c0\u03b5\u03af\u03b3\u03bf\u03c5\u03c3\u03b5\u03c2 \u03b1\u03c0\u03bf\u03c6\u03c1\u03ac\u03be\u03b5\u03b9\u03c2<br \/>\n\u2022 \u039a\u03b1\u03c4\u03ac\u03bb\u03bb\u03b7\u03bb\u03bf \u03b3\u03b9\u03b1 \u03cc\u03bb\u03bf \u03c4\u03bf \u03b1\u03c0\u03bf\u03c7\u03b5\u03c4\u03b5\u03c5\u03c4\u03b9\u03ba\u03cc \u03b4\u03af\u03ba\u03c4\u03c5\u03bf<br \/>\n\u2022 \u0394\u03b5\u03bd \u03c0\u03c1\u03bf\u03c3\u03b2\u03ac\u03bb\u03b5\u03b9 \u03c4\u03b7\u03bd \u03c0\u03bf\u03c1\u03c3\u03b5\u03bb\u03ac\u03bd\u03b7, \u03c4\u03b9\u03c2 \u03c3\u03c9\u03bb\u03b7\u03bd\u03ce\u03c3\u03b5\u03b9\u03c2 \u03ba\u03b1\u03b9 \u03c4\u03b9\u03c2 \u03b1\u03bd\u03bf\u03be\u03b5\u03af\u03b4\u03c9\u03c4\u03b5\u03c2<br \/>\nsuperfici<br \/>\n\u2022 \u0395\u03c0\u03b1\u03b3\u03b3\u03b5\u03bb\u03bc\u03b1\u03c4\u03b9\u03ba\u03cc \u03c0\u03c1\u03bf\u03ca\u03cc\u03bd<br \/>\nAPPLICAZIONI<br \/>\n\u03a4\u03bf CL 16 VIT CLEAN \u03b5\u03af\u03bd\u03b1\u03b9 \u03b9\u03b4\u03b9\u03b1\u03af\u03c4\u03b5\u03c1\u03b1 \u03ba\u03b1\u03c4\u03ac\u03bb\u03bb\u03b7\u03bb\u03bf \u03b3\u03b9\u03b1 \u03ac\u03bc\u03b5\u03c3\u03b5\u03c2 \u03ba\u03b1\u03b9 \u03b1\u03c0\u03bf\u03c4\u03b5\u03bb\u03b5-<br \/>\n\u03c3\u03bc\u03b1\u03c4\u03b9\u03ba\u03ad\u03c2 \u03b1\u03c0\u03bf\u03c6\u03c1\u03ac\u03be\u03b5\u03b9\u03c2 \u03b1\u03c0\u03bf\u03c7\u03b5\u03c4\u03b5\u03c5\u03c4\u03b9\u03ba\u03ce\u03bd \u03b4\u03b9\u03ba\u03c4\u03cd\u03c9\u03bd \u03c3\u03b5 \u03bd\u03bf\u03c3\u03bf\u03ba\u03bf\u03bc\u03b5\u03af\u03b1, \u03be\u03b5\u03bd\u03bf\u03b4\u03bf\u03c7\u03b5\u03af\u03b1,<br \/>\n\u03b5\u03c3\u03c4\u03b9\u03b1\u03c4\u03cc\u03c1\u03b9\u03b1, \u03b5\u03c1\u03b3\u03bf\u03c3\u03c4\u03ac\u03c3\u03b9\u03b1, \u03b4\u03b7\u03bc\u03cc\u03c3\u03b9\u03b1 \u03ba\u03c4\u03af\u03c1\u03b9\u03b1, \u03c3\u03c0\u03af\u03c4\u03b9\u03b1 \u03ba\u03bb\u03c0. \u0391\u03c0\u03bf\u03c4\u03b5\u03bb\u03b5\u03af \u03c4\u03bf\u03bd \u03c0\u03bb\u03ad\u03bf\u03bd<br \/>\n\u03bf\u03b9\u03ba\u03bf\u03bd\u03bf\u03bc\u03b9\u03ba\u03cc \u03c4\u03c1\u03cc\u03c0\u03bf \u03b1\u03c0\u03cc\u03c6\u03c1\u03b1\u03be\u03b7\u03c2 \u2013 \u03c3\u03c5\u03bd\u03c4\u03ae\u03c1\u03b7\u03c3\u03b7\u03c2 \u03c4\u03bf\u03c5 \u03b1\u03c0\u03bf\u03c7\u03b5\u03c4\u03b5\u03c5\u03c4\u03b9\u03ba\u03bf\u03cd \u03b4\u03b9\u03ba\u03c4\u03cd\u03bf\u03c5.<br \/>\n\u0397 \u03c7\u03c1\u03ae\u03c3\u03b7 \u03c4\u03bf\u03c5 \u03c3\u03b5 \u03c4\u03b1\u03ba\u03c4\u03ac \u03c7\u03c1\u03bf\u03bd\u03b9\u03ba\u03ac \u03b4\u03b9\u03b1\u03c3\u03c4\u03ae\u03bc\u03b1\u03c4\u03b1 \u03b5\u03be\u03b1\u03c3\u03c6\u03b1\u03bb\u03af\u03b6\u03b5\u03b9 \u03c4\u03bf \u03ba\u03b1\u03b8\u03b1\u03c1\u03b9\u03c3\u03bc\u03cc \u03c4\u03c9\u03bd<br \/>\n\u03b1\u03c0\u03bf\u03c7\u03b5\u03c4\u03b5\u03cd\u03c3\u03b5\u03c9\u03bd \u03ba\u03b1\u03b9 \u03c4\u03b7 \u03c3\u03c9\u03c3\u03c4\u03ae \u03c1\u03bf\u03ae \u03c4\u03bf\u03c5 \u03bd\u03b5\u03c1\u03bf\u03cd, \u03b1\u03c0\u03bf\u03c6\u03b5\u03cd\u03b3\u03bf\u03bd\u03c4\u03b1\u03c2 \u03c4\u03b9\u03c2 \u03b1\u03c0\u03bf\u03c6\u03c1\u03ac\u03be\u03b5\u03b9\u03c2<br \/>\n\u03ba\u03b1\u03b9 \u03c4\u03b9\u03c2 \u03b4\u03c5\u03c3\u03ac\u03c1\u03b5\u03c3\u03c4\u03b5\u03c2 \u03bf\u03c3\u03bc\u03ad\u03c2.<br \/>\n\u0391\u03a0\u039f\u0394\u039f\u03a3\u0397: 1Lt \u03b3\u03b9\u03b1 \u03b1\u03c0\u03cc\u03c6\u03c1\u03b1\u03be\u03b7 \u03c3\u03b5 \u03bd\u03b9\u03c0\u03c4\u03ae\u03c1\u03b5\u03c2, \u03bd\u03b5\u03c1\u03bf\u03c7\u03cd\u03c4\u03b5\u03c2, \u03bb\u03b5\u03ba\u03ac\u03bd\u03b5\u03c2, \u03c3\u03b9\u03c6\u03ce\u03bd\u03b9\u03b1<\/p>","protected":false},"excerpt":{"rendered":"<p>CL 16 VIT CLEAN \u00e8 un decongestionante acido potente e concentrato<br \/>\nfluido di drenaggio, adatto anche per uso professionale. Ha un&#039;azione diretta<br \/>\nazione ed \u00e8 adatto per tutta la rete fognaria. \u00c8 pi\u00f9 pesante<br \/>\ndall&#039;acqua e la penetra facilmente, arrivando fino al punto in cui viene bloccata<br \/>\nla fognatura. Stura tubi e lavandini in pochi minuti.<br \/>\nlavandini, vasche da bagno, servizi igienici, reti fognarie, ecc. Scioglie il<br \/>\ngrasso accumulato, carta, mozziconi di sigaretta, saponi, capelli, residui di cibo e<br \/>\nresidui organici che hanno ostruito lo scarico. Adatto per<br \/>\nblocchi di emergenza. Non attacca porcellana, tubi e<br \/>\nle superfici in acciaio inossidabile.<\/p>","protected":false},"featured_media":30378,"comment_status":"closed","ping_status":"closed","template":"","meta":[],"product_brand":[],"product_cat":[875,1381],"product_tag":[],"class_list":{"0":"post-30377","1":"product","2":"type-product","3":"status-publish","4":"has-post-thumbnail","6":"product_cat-875","7":"product_cat-1381","8":"pa_brand-mercola","9":"pa_-1lt","11":"first","12":"instock","13":"taxable","14":"shipping-taxable","15":"purchasable","16":"product-type-simple"},"_links":{"self":[{"href":"https:\/\/sigletos.gr\/it\/wp-json\/wp\/v2\/product\/30377","targetHints":{"allow":["GET"]}}],"collection":[{"href":"https:\/\/sigletos.gr\/it\/wp-json\/wp\/v2\/product"}],"about":[{"href":"https:\/\/sigletos.gr\/it\/wp-json\/wp\/v2\/types\/product"}],"replies":[{"embeddable":true,"href":"https:\/\/sigletos.gr\/it\/wp-json\/wp\/v2\/comments?post=30377"}],"version-history":[{"count":0,"href":"https:\/\/sigletos.gr\/it\/wp-json\/wp\/v2\/product\/30377\/revisions"}],"wp:featuredmedia":[{"embeddable":true,"href":"https:\/\/sigletos.gr\/it\/wp-json\/wp\/v2\/media\/30378"}],"wp:attachment":[{"href":"https:\/\/sigletos.gr\/it\/wp-json\/wp\/v2\/media?parent=30377"}],"wp:term":[{"taxonomy":"product_brand","embeddable":true,"href":"https:\/\/sigletos.gr\/it\/wp-json\/wp\/v2\/product_brand?post=30377"},{"taxonomy":"product_cat","embeddable":true,"href":"https:\/\/sigletos.gr\/it\/wp-json\/wp\/v2\/product_cat?post=30377"},{"taxonomy":"product_tag","embeddable":true,"href":"https:\/\/sigletos.gr\/it\/wp-json\/wp\/v2\/product_tag?post=30377"}],"curies":[{"name":"wp","href":"https:\/\/api.w.org\/{rel}","templated":true}]}}